{"id":30388,"date":"2024-01-08T13:27:44","date_gmt":"2024-01-08T13:27:44","guid":{"rendered":"https:\/\/stg-nations.com\/product\/deye-sun-12k-sg04lp3-eu\/"},"modified":"2024-10-22T16:12:35","modified_gmt":"2024-10-22T16:12:35","slug":"deye-sun-12k-sg04lp3-eu","status":"publish","type":"product","link":"https:\/\/stg-nations.com\/es\/producto\/deye-sun-12k-sg04lp3-eu\/","title":{"rendered":"Deye SUN-12K-SG04LP3-EU"},"content":{"rendered":"<p>El inversor Deye SUN-12K-SG04LP3-EU se distingue por una serie de ventajas competitivas que abarcan caracter\u00edsticas t\u00e9cnicas, de software y funcionales.<\/p>\n<p>Una de las caracter\u00edsticas clave del inversor es la presencia de dos seguidores MPPT, que le permiten conectar dos conjuntos separados de paneles solares. Esto permite distribuir de forma \u00f3ptima la carga entre las vertientes este y oeste del tejado o entre diferentes instalaciones de paneles en el tejado y en el suelo. Con una corriente MPPT total de los paneles de 26 A + 13 A y un rango MPPT de 200 a 650 V, el inversor garantiza un funcionamiento eficiente de la planta de energ\u00eda solar.<\/p>\n<p>El inversor tambi\u00e9n impresiona por su capacidad de funcionar en sistemas monof\u00e1sicos y trif\u00e1sicos en modo de conexi\u00f3n en paralelo de hasta 16 unidades. Esto le permite adaptar el sistema de forma flexible a las necesidades y dimensiones espec\u00edficas de la instalaci\u00f3n energ\u00e9tica.<\/p>\n<p>El modo de funcionamiento h\u00edbrido, la compatibilidad con diferentes tipos de bater\u00edas y un sistema de protecci\u00f3n inteligente hacen del inversor Deye SUN-12K-SG04LP3-EU una opci\u00f3n ideal para crear una planta de energ\u00eda solar eficiente. La posibilidad de vender el exceso de energ\u00eda a una tarifa \u00abverde\u00bb y la compatibilidad con un contador inteligente aporta flexibilidad y control adicionales sobre la generaci\u00f3n.<\/p>\n<p>El sistema de protecci\u00f3n inteligente garantiza la seguridad del funcionamiento del inversor reaccionando ante sobrecargas, sobretensiones y cortocircuitos. Adem\u00e1s, el inversor reacciona r\u00e1pidamente ante fallos de arco, lo que proporciona un nivel adicional de seguridad.<\/p>\n<p>El inversor Deye SUN-12K-SG04LP3-EU dispone de 5 a\u00f1os de garant\u00eda oficial del fabricante, lo que destaca la fiabilidad y calidad del producto.<\/p>\n","protected":false},"excerpt":{"rendered":"<p>El inversor Deye SUN-12K-SG04LP3-EU se distingue por una serie de ventajas competitivas que abarcan caracter\u00edsticas t\u00e9cnicas, de software y funcionales. Una de las caracter\u00edsticas clave del inversor es la presencia&hellip;<\/p>\n","protected":false},"featured_media":29713,"comment_status":"open","ping_status":"closed","template":"","meta":{"inline_featured_image":false},"product_brand":[],"product_cat":[373],"product_tag":[],"class_list":{"0":"post-30388","1":"product","2":"type-product","3":"status-publish","4":"has-post-thumbnail","6":"product_cat-inversores","8":"first","9":"instock","10":"sale","11":"shipping-taxable","12":"purchasable","13":"product-type-simple"},"_links":{"self":[{"href":"https:\/\/stg-nations.com\/es\/wp-json\/wp\/v2\/product\/30388","targetHints":{"allow":["GET"]}}],"collection":[{"href":"https:\/\/stg-nations.com\/es\/wp-json\/wp\/v2\/product"}],"about":[{"href":"https:\/\/stg-nations.com\/es\/wp-json\/wp\/v2\/types\/product"}],"replies":[{"embeddable":true,"href":"https:\/\/stg-nations.com\/es\/wp-json\/wp\/v2\/comments?post=30388"}],"wp:featuredmedia":[{"embeddable":true,"href":"https:\/\/stg-nations.com\/es\/wp-json\/wp\/v2\/media\/29713"}],"wp:attachment":[{"href":"https:\/\/stg-nations.com\/es\/wp-json\/wp\/v2\/media?parent=30388"}],"wp:term":[{"taxonomy":"product_brand","embeddable":true,"href":"https:\/\/stg-nations.com\/es\/wp-json\/wp\/v2\/product_brand?post=30388"},{"taxonomy":"product_cat","embeddable":true,"href":"https:\/\/stg-nations.com\/es\/wp-json\/wp\/v2\/product_cat?post=30388"},{"taxonomy":"product_tag","embeddable":true,"href":"https:\/\/stg-nations.com\/es\/wp-json\/wp\/v2\/product_tag?post=30388"}],"curies":[{"name":"wp","href":"https:\/\/api.w.org\/{rel}","templated":true}]}}