{"id":30386,"date":"2024-01-09T07:45:22","date_gmt":"2024-01-09T07:45:22","guid":{"rendered":"https:\/\/stg-nations.com\/product\/huawei-sun2000-17ktl-m5\/"},"modified":"2024-01-27T15:22:12","modified_gmt":"2024-01-27T15:22:12","slug":"huawei-sun2000-17ktl-m5","status":"publish","type":"product","link":"https:\/\/stg-nations.com\/es\/producto\/huawei-sun2000-17ktl-m5\/","title":{"rendered":"Huawei SUN2000-17KTL-M5"},"content":{"rendered":"<p>El inversor de red Huawei SUN2000-17KTL de la nueva serie M5 es un avanzado convertidor de CC a CA de panel solar para uso en sistemas de energ\u00eda solar dom\u00e9sticos y comerciales. Este inversor tiene una serie de ventajas clave, caracter\u00edsticas clave y caracter\u00edsticas t\u00e9cnicas sobresalientes que lo convierten en una opci\u00f3n atractiva para la integraci\u00f3n en sistemas de energ\u00eda solar.<\/p>\n<p>Una de las principales ventajas del inversor Huawei SUN2000-17KTL M5 es su alta eficiencia. Gracias a la avanzada tecnolog\u00eda de la soluci\u00f3n topol\u00f3gica de tres niveles, este inversor consigue una alta eficiencia de conversi\u00f3n de energ\u00eda, lo que permite aprovechar al m\u00e1ximo el potencial solar y aumentar la potencia de salida.<\/p>\n<p>El inversor tambi\u00e9n tiene una alta confiabilidad y durabilidad debido al uso de componentes avanzados y un sistema de monitoreo inteligente. Garantiza un funcionamiento estable incluso en condiciones extremas como altas temperaturas, polvo y humedad. Adem\u00e1s, el sistema de monitoreo integrado le permite identificar y diagnosticar r\u00e1pidamente cualquier posible problema, lo que simplifica el mantenimiento y aumenta la confiabilidad del sistema.<\/p>\n<p>El inversor de red Huawei SUN2000-17KTL-M5 tiene un dise\u00f1o compacto y liviano, lo que facilita su instalaci\u00f3n y funcionamiento. Adem\u00e1s, gracias a las innovadoras tecnolog\u00edas de reducci\u00f3n de ruido y al bajo nivel de interferencias electromagn\u00e9ticas, el inversor funciona casi en silencio y no afecta al medio ambiente.<\/p>\n<p>Las caracter\u00edsticas t\u00e9cnicas importantes del inversor son una alta potencia de entrada de 17 kW, una amplia gama de voltajes operativos, un sistema de enfriamiento efectivo y soporte para redes de voltaje trif\u00e1sico. El inversor tambi\u00e9n maximiza el uso de la energ\u00eda solar con un seguimiento preciso del punto de m\u00e1xima potencia (MPPT) y soporte para m\u00e1xima asim\u00e9trica.<\/p>\n","protected":false},"excerpt":{"rendered":"<p>El inversor de red Huawei SUN2000-17KTL de la nueva serie M5 es un avanzado convertidor de CC a CA de panel solar para uso en sistemas de energ\u00eda solar dom\u00e9sticos&hellip;<\/p>\n","protected":false},"featured_media":29844,"comment_status":"open","ping_status":"closed","template":"","meta":{"inline_featured_image":false},"product_brand":[],"product_cat":[373],"product_tag":[],"class_list":{"0":"post-30386","1":"product","2":"type-product","3":"status-publish","4":"has-post-thumbnail","6":"product_cat-inversores","8":"first","9":"instock","10":"shipping-taxable","11":"purchasable","12":"product-type-simple"},"_links":{"self":[{"href":"https:\/\/stg-nations.com\/es\/wp-json\/wp\/v2\/product\/30386","targetHints":{"allow":["GET"]}}],"collection":[{"href":"https:\/\/stg-nations.com\/es\/wp-json\/wp\/v2\/product"}],"about":[{"href":"https:\/\/stg-nations.com\/es\/wp-json\/wp\/v2\/types\/product"}],"replies":[{"embeddable":true,"href":"https:\/\/stg-nations.com\/es\/wp-json\/wp\/v2\/comments?post=30386"}],"wp:featuredmedia":[{"embeddable":true,"href":"https:\/\/stg-nations.com\/es\/wp-json\/wp\/v2\/media\/29844"}],"wp:attachment":[{"href":"https:\/\/stg-nations.com\/es\/wp-json\/wp\/v2\/media?parent=30386"}],"wp:term":[{"taxonomy":"product_brand","embeddable":true,"href":"https:\/\/stg-nations.com\/es\/wp-json\/wp\/v2\/product_brand?post=30386"},{"taxonomy":"product_cat","embeddable":true,"href":"https:\/\/stg-nations.com\/es\/wp-json\/wp\/v2\/product_cat?post=30386"},{"taxonomy":"product_tag","embeddable":true,"href":"https:\/\/stg-nations.com\/es\/wp-json\/wp\/v2\/product_tag?post=30386"}],"curies":[{"name":"wp","href":"https:\/\/api.w.org\/{rel}","templated":true}]}}