{"id":30385,"date":"2024-01-09T11:18:01","date_gmt":"2024-01-09T11:18:01","guid":{"rendered":"https:\/\/stg-nations.com\/product\/600w-optimizer\/"},"modified":"2024-01-27T13:46:12","modified_gmt":"2024-01-27T13:46:12","slug":"600w-optimizer","status":"publish","type":"product","link":"https:\/\/stg-nations.com\/es\/producto\/600w-optimizer\/","title":{"rendered":"Optimizador de 600W"},"content":{"rendered":"<p>El optimizador de energ\u00eda Huawei SUN2000-600W-P le permite colocar m\u00e1s m\u00f3dulos en cada techo para lograr un mayor rendimiento del sistema.<\/p>\n<p>La optimizaci\u00f3n del rendimiento de cada m\u00f3dulo le permite obtener hasta un 30 % m\u00e1s de energ\u00eda, la capacidad de desconectar voltajes a nivel del m\u00f3dulo para una instalaci\u00f3n y mantenimiento seguros y la protecci\u00f3n contra fallas de arco PINpoint hacen de este optimizador una parte integral de su planta de energ\u00eda solar.<\/p>\n","protected":false},"excerpt":{"rendered":"<p>El optimizador de energ\u00eda Huawei SUN2000-600W-P le permite colocar m\u00e1s m\u00f3dulos en cada techo para lograr un mayor rendimiento del sistema. La optimizaci\u00f3n del rendimiento de cada m\u00f3dulo le permite&hellip;<\/p>\n","protected":false},"featured_media":29969,"comment_status":"open","ping_status":"closed","template":"","meta":{"inline_featured_image":false},"product_brand":[],"product_cat":[370],"product_tag":[],"class_list":{"0":"post-30385","1":"product","2":"type-product","3":"status-publish","4":"has-post-thumbnail","6":"product_cat-componente","8":"first","9":"instock","10":"shipping-taxable","11":"purchasable","12":"product-type-simple"},"_links":{"self":[{"href":"https:\/\/stg-nations.com\/es\/wp-json\/wp\/v2\/product\/30385","targetHints":{"allow":["GET"]}}],"collection":[{"href":"https:\/\/stg-nations.com\/es\/wp-json\/wp\/v2\/product"}],"about":[{"href":"https:\/\/stg-nations.com\/es\/wp-json\/wp\/v2\/types\/product"}],"replies":[{"embeddable":true,"href":"https:\/\/stg-nations.com\/es\/wp-json\/wp\/v2\/comments?post=30385"}],"wp:featuredmedia":[{"embeddable":true,"href":"https:\/\/stg-nations.com\/es\/wp-json\/wp\/v2\/media\/29969"}],"wp:attachment":[{"href":"https:\/\/stg-nations.com\/es\/wp-json\/wp\/v2\/media?parent=30385"}],"wp:term":[{"taxonomy":"product_brand","embeddable":true,"href":"https:\/\/stg-nations.com\/es\/wp-json\/wp\/v2\/product_brand?post=30385"},{"taxonomy":"product_cat","embeddable":true,"href":"https:\/\/stg-nations.com\/es\/wp-json\/wp\/v2\/product_cat?post=30385"},{"taxonomy":"product_tag","embeddable":true,"href":"https:\/\/stg-nations.com\/es\/wp-json\/wp\/v2\/product_tag?post=30385"}],"curies":[{"name":"wp","href":"https:\/\/api.w.org\/{rel}","templated":true}]}}