{"id":30384,"date":"2024-01-09T11:24:41","date_gmt":"2024-01-09T11:24:41","guid":{"rendered":"https:\/\/stg-nations.com\/product\/fronius-primo-4-0-1-m\/"},"modified":"2024-01-27T15:09:42","modified_gmt":"2024-01-27T15:09:42","slug":"fronius-primo-4-0-1-m","status":"publish","type":"product","link":"https:\/\/stg-nations.com\/es\/producto\/fronius-primo-4-0-1-m\/","title":{"rendered":"Fronius Primo 4.0-1-M"},"content":{"rendered":"<p>Inversor de red monof\u00e1sico Fronius PRIMO 4.0-1 4 kW (4 KW, 1 FASE \/ 2 TRACKER)<\/p>\n<p>Inversor de red Fronius PRIMO 4.0-1 (4 kW, monof\u00e1sico) del fabricante austriaco de inversores solares, empresa con m\u00e1s de 20 a\u00f1os de experiencia en el mercado fotovoltaico. El inversor Fronius est\u00e1 equipado con el sistema de instalaci\u00f3n r\u00e1pida SnapINverter, listo para su uso en redes Smart Grid, y dispone de monitorizaci\u00f3n Wi-Fi integrada. Es un inversor sin transformador ligero y compacto con una de las mejores eficiencias de su clase.<\/p>\n<p>Fabricante austriaco de inversores solares. La empresa cuenta con m\u00e1s de 20 a\u00f1os de experiencia en el mercado fotovoltaico. Los inversores Fronius est\u00e1n equipados con el sistema de instalaci\u00f3n r\u00e1pida SnapINverter, est\u00e1n listos para su uso en redes Smart Grid y tienen monitorizaci\u00f3n Wi-Fi integrada. Se trata de inversores sin transformador, ligeros y compactos, con una de las mejores eficiencias de su clase.<\/p>\n<p>Los inversores de la empresa est\u00e1n considerados, con raz\u00f3n, como uno de los mejores del mercado de dispositivos fotovoltaicos.<\/p>\n<p>Una ventaja adicional de Fronius es la presencia de una oficina de representaci\u00f3n en Ucrania, que garantiza la disponibilidad de repuestos y kits de reparaci\u00f3n en Ucrania.<\/p>\n<p>La garant\u00eda est\u00e1ndar de los inversores Fronius es de 2 a\u00f1os con ampliaci\u00f3n gratuita a 7 a\u00f1os.<\/p>\n","protected":false},"excerpt":{"rendered":"<p>Inversor de red monof\u00e1sico Fronius PRIMO 4.0-1 4 kW (4 KW, 1 FASE \/ 2 TRACKER) Inversor de red Fronius PRIMO 4.0-1 (4 kW, monof\u00e1sico) del fabricante austriaco de inversores&hellip;<\/p>\n","protected":false},"featured_media":29979,"comment_status":"open","ping_status":"closed","template":"","meta":{"inline_featured_image":false},"product_brand":[],"product_cat":[373],"product_tag":[],"class_list":{"0":"post-30384","1":"product","2":"type-product","3":"status-publish","4":"has-post-thumbnail","6":"product_cat-inversores","8":"first","9":"instock","10":"shipping-taxable","11":"purchasable","12":"product-type-simple"},"_links":{"self":[{"href":"https:\/\/stg-nations.com\/es\/wp-json\/wp\/v2\/product\/30384","targetHints":{"allow":["GET"]}}],"collection":[{"href":"https:\/\/stg-nations.com\/es\/wp-json\/wp\/v2\/product"}],"about":[{"href":"https:\/\/stg-nations.com\/es\/wp-json\/wp\/v2\/types\/product"}],"replies":[{"embeddable":true,"href":"https:\/\/stg-nations.com\/es\/wp-json\/wp\/v2\/comments?post=30384"}],"wp:featuredmedia":[{"embeddable":true,"href":"https:\/\/stg-nations.com\/es\/wp-json\/wp\/v2\/media\/29979"}],"wp:attachment":[{"href":"https:\/\/stg-nations.com\/es\/wp-json\/wp\/v2\/media?parent=30384"}],"wp:term":[{"taxonomy":"product_brand","embeddable":true,"href":"https:\/\/stg-nations.com\/es\/wp-json\/wp\/v2\/product_brand?post=30384"},{"taxonomy":"product_cat","embeddable":true,"href":"https:\/\/stg-nations.com\/es\/wp-json\/wp\/v2\/product_cat?post=30384"},{"taxonomy":"product_tag","embeddable":true,"href":"https:\/\/stg-nations.com\/es\/wp-json\/wp\/v2\/product_tag?post=30384"}],"curies":[{"name":"wp","href":"https:\/\/api.w.org\/{rel}","templated":true}]}}