{"id":30383,"date":"2024-01-08T13:35:49","date_gmt":"2024-01-08T13:35:49","guid":{"rendered":"https:\/\/stg-nations.com\/product\/deye-sun-50k-sg01hp3-eu-bm4\/"},"modified":"2024-01-29T10:00:47","modified_gmt":"2024-01-29T10:00:47","slug":"deye-sun-50k-sg01hp3-eu-bm4","status":"publish","type":"product","link":"https:\/\/stg-nations.com\/es\/producto\/deye-sun-50k-sg01hp3-eu-bm4\/","title":{"rendered":"Deye SUN-50K-SG01HP3-EU-BM4"},"content":{"rendered":"<p>El inversor h\u00edbrido trif\u00e1sico SUN-50K-SG01HP3-EU-BM4 est\u00e1 dise\u00f1ado para plantas de energ\u00eda solar y sistemas de energ\u00eda de respaldo. Estas son algunas de las caracter\u00edsticas y beneficios clave de este inversor:<\/p>\n<ul>\n<li><strong>Capacidad y voltaje de la bater\u00eda: <\/strong><\/li>\n<li>Potencia del inversor: 50.000 W.<\/li>\n<li>Voltaje de la bater\u00eda: 160-800 V.<\/li>\n<li><strong>Soporte trif\u00e1sico:<\/strong> Capacidad de trabajar con corriente trif\u00e1sica, lo que ampl\u00eda las posibilidades de aplicaci\u00f3n del inversor.<\/li>\n<li><strong>Eficiencia:<\/strong> 97,60%, lo que indica la alta eficiencia del inversor.<\/li>\n<li><strong>Fuentes de energ\u00eda:<\/strong> Capacidad de recibir electricidad de paneles solares, red y generadores.<\/li>\n<li><strong>Trabajar con bater\u00edas:<\/strong> Soporte para bater\u00edas de alto voltaje (160-800V).<\/li>\n<li><strong>El sistema de \u00abTarifa Verde\u00bb:<\/strong> La posibilidad de transportar el exceso de electricidad a la red el\u00e9ctrica bajo la \u00abTarifa Verde\u00bb para obtener ingresos adicionales.<\/li>\n<li><strong>Monitoreo y control:<\/strong> Sistema de monitorizaci\u00f3n inteligente para la configuraci\u00f3n de los par\u00e1metros de la planta solar y control remoto.<\/li>\n<li><strong>Seguidores MPPT:<\/strong> Cuatro seguidores MPPT permiten la colocaci\u00f3n de hasta 8 conjuntos separados de paneles solares desde diferentes lados del techo o en el suelo.<\/li>\n<li><strong>Expansi\u00f3n de potencia:<\/strong> Posibilidad de aumentar la potencia de la planta de energ\u00eda solar gracias a la conexi\u00f3n en paralelo de hasta 10 modelos de este inversor.<\/li>\n<li><strong>Protecci\u00f3n y compatibilidad:<\/strong> Moderno sistema de protecci\u00f3n contra sobrecargas y cortocircuitos. Compatibilidad con generadores di\u00e9sel y gasolina.<\/li>\n<\/ul>\n<p>Este inversor es altamente funcional y de uso flexible, capaz de proporcionar energ\u00eda confiable y alta eficiencia para plantas de energ\u00eda solar.<\/p>\n","protected":false},"excerpt":{"rendered":"<p>El inversor h\u00edbrido trif\u00e1sico SUN-50K-SG01HP3-EU-BM4 est\u00e1 dise\u00f1ado para plantas de energ\u00eda solar y sistemas de energ\u00eda de respaldo. Estas son algunas de las caracter\u00edsticas y beneficios clave de este inversor:&hellip;<\/p>\n","protected":false},"featured_media":29744,"comment_status":"open","ping_status":"closed","template":"","meta":{"inline_featured_image":false},"product_brand":[],"product_cat":[373],"product_tag":[],"class_list":{"0":"post-30383","1":"product","2":"type-product","3":"status-publish","4":"has-post-thumbnail","6":"product_cat-inversores","8":"first","9":"instock","10":"sale","11":"shipping-taxable","12":"purchasable","13":"product-type-simple"},"_links":{"self":[{"href":"https:\/\/stg-nations.com\/es\/wp-json\/wp\/v2\/product\/30383","targetHints":{"allow":["GET"]}}],"collection":[{"href":"https:\/\/stg-nations.com\/es\/wp-json\/wp\/v2\/product"}],"about":[{"href":"https:\/\/stg-nations.com\/es\/wp-json\/wp\/v2\/types\/product"}],"replies":[{"embeddable":true,"href":"https:\/\/stg-nations.com\/es\/wp-json\/wp\/v2\/comments?post=30383"}],"wp:featuredmedia":[{"embeddable":true,"href":"https:\/\/stg-nations.com\/es\/wp-json\/wp\/v2\/media\/29744"}],"wp:attachment":[{"href":"https:\/\/stg-nations.com\/es\/wp-json\/wp\/v2\/media?parent=30383"}],"wp:term":[{"taxonomy":"product_brand","embeddable":true,"href":"https:\/\/stg-nations.com\/es\/wp-json\/wp\/v2\/product_brand?post=30383"},{"taxonomy":"product_cat","embeddable":true,"href":"https:\/\/stg-nations.com\/es\/wp-json\/wp\/v2\/product_cat?post=30383"},{"taxonomy":"product_tag","embeddable":true,"href":"https:\/\/stg-nations.com\/es\/wp-json\/wp\/v2\/product_tag?post=30383"}],"curies":[{"name":"wp","href":"https:\/\/api.w.org\/{rel}","templated":true}]}}