{"id":30382,"date":"2024-01-08T13:44:07","date_gmt":"2024-01-08T13:44:07","guid":{"rendered":"https:\/\/stg-nations.com\/product\/deye-rw-m6-1-6-14kw-48v-lifepo4\/"},"modified":"2024-01-27T14:15:49","modified_gmt":"2024-01-27T14:15:49","slug":"deye-rw-m6-1-6-14kw-48v-lifepo4","status":"publish","type":"product","link":"https:\/\/stg-nations.com\/es\/producto\/deye-rw-m6-1-6-14kw-48v-lifepo4\/","title":{"rendered":"Deye RW-M6.1 (6,14kW) 48V LiFePO4"},"content":{"rendered":"<p>La bater\u00eda recargable de litio, hierro y fosfato Deye RW-M6.1 (48 V, 120 A, 6,15 kWh, IP65) de la empresa Deye est\u00e1 destinada a su uso en plantas de energ\u00eda solar. Ideal para edificios residenciales e instalaciones comerciales. Gracias a su gran profundidad de descarga de hasta el 90% sin p\u00e9rdida de rendimiento, esta bater\u00eda LiFePO4 destaca por su excepcional eficiencia.<\/p>\n<p>La bater\u00eda Deye RW-M6.1 proporciona confiabilidad, alta eficiencia, densidad de potencia y larga vida \u00fatil. Su sistema inteligente de gesti\u00f3n de bater\u00edas (BMS) garantiza una completa protecci\u00f3n contra riesgos.<\/p>\n<p>Las aplicaciones de esta bater\u00eda incluyen el almacenamiento de electricidad generada por paneles solares u otras fuentes de energ\u00eda renovables. Con su capacidad de 6,1 kWh, puede servir como fuente de energ\u00eda para redes dom\u00e9sticas o dispositivos el\u00e9ctricos.<\/p>\n<p>Deye RW-M6.1 tiene un bajo nivel de autodescarga, lo que garantiza la conservaci\u00f3n de energ\u00eda a largo plazo. Su alta eficiencia de carga y descarga ayuda a prolongar la vida \u00fatil. El tama\u00f1o compacto y el peso reducido facilitan su instalaci\u00f3n y transporte.<\/p>\n<p>La bater\u00eda Deye RW-M6.1 se puede utilizar como sistema de suministro de energ\u00eda independiente o en combinaci\u00f3n con otras fuentes como paneles solares o generadores. Tambi\u00e9n puede servir como fuente de energ\u00eda de respaldo para dispositivos cr\u00edticos como equipos m\u00e9dicos o sistemas de seguridad.<\/p>\n<p>Para una gesti\u00f3n eficiente de la carga y descarga, se recomienda utilizar un dispositivo de control de carga especial (Controlador de carga). Tambi\u00e9n son posibles varias funciones de control de la bater\u00eda y control remoto.<\/p>\n<p>En general, el paquete de bater\u00edas Deye RW-M6.1 es una soluci\u00f3n confiable, vers\u00e1til y altamente eficiente para una variedad de necesidades de energ\u00eda.<\/p>\n","protected":false},"excerpt":{"rendered":"<p>La bater\u00eda recargable de litio, hierro y fosfato Deye RW-M6.1 (48 V, 120 A, 6,15 kWh, IP65) de la empresa Deye est\u00e1 destinada a su uso en plantas de energ\u00eda&hellip;<\/p>\n","protected":false},"featured_media":29766,"comment_status":"open","ping_status":"closed","template":"","meta":{"inline_featured_image":false},"product_brand":[],"product_cat":[374],"product_tag":[],"class_list":{"0":"post-30382","1":"product","2":"type-product","3":"status-publish","4":"has-post-thumbnail","6":"product_cat-acumuladores","8":"first","9":"instock","10":"sale","11":"shipping-taxable","12":"purchasable","13":"product-type-simple"},"_links":{"self":[{"href":"https:\/\/stg-nations.com\/es\/wp-json\/wp\/v2\/product\/30382","targetHints":{"allow":["GET"]}}],"collection":[{"href":"https:\/\/stg-nations.com\/es\/wp-json\/wp\/v2\/product"}],"about":[{"href":"https:\/\/stg-nations.com\/es\/wp-json\/wp\/v2\/types\/product"}],"replies":[{"embeddable":true,"href":"https:\/\/stg-nations.com\/es\/wp-json\/wp\/v2\/comments?post=30382"}],"wp:featuredmedia":[{"embeddable":true,"href":"https:\/\/stg-nations.com\/es\/wp-json\/wp\/v2\/media\/29766"}],"wp:attachment":[{"href":"https:\/\/stg-nations.com\/es\/wp-json\/wp\/v2\/media?parent=30382"}],"wp:term":[{"taxonomy":"product_brand","embeddable":true,"href":"https:\/\/stg-nations.com\/es\/wp-json\/wp\/v2\/product_brand?post=30382"},{"taxonomy":"product_cat","embeddable":true,"href":"https:\/\/stg-nations.com\/es\/wp-json\/wp\/v2\/product_cat?post=30382"},{"taxonomy":"product_tag","embeddable":true,"href":"https:\/\/stg-nations.com\/es\/wp-json\/wp\/v2\/product_tag?post=30382"}],"curies":[{"name":"wp","href":"https:\/\/api.w.org\/{rel}","templated":true}]}}