{"id":30380,"date":"2024-01-08T13:52:30","date_gmt":"2024-01-08T13:52:30","guid":{"rendered":"https:\/\/stg-nations.com\/product\/deye-bos-g-hv-%d0%ba%d0%be%d0%bc%d0%bf%d0%bb%d0%b5%d0%ba%d1%82-41-%d0%ba%d0%b2%d1%82\/"},"modified":"2024-10-27T18:45:12","modified_gmt":"2024-10-27T18:45:12","slug":"deye-bos-g-hv-%d0%ba%d0%be%d0%bc%d0%bf%d0%bb%d0%b5%d0%ba%d1%82-41-%d0%ba%d0%b2%d1%82","status":"publish","type":"product","link":"https:\/\/stg-nations.com\/es\/producto\/deye-bos-g-hv-%d0%ba%d0%be%d0%bc%d0%bf%d0%bb%d0%b5%d0%ba%d1%82-41-%d0%ba%d0%b2%d1%82\/","title":{"rendered":"Kit de alta tensi\u00f3n Deye BOS-G 41 kW"},"content":{"rendered":"<p>La bater\u00eda Deye B0S-G de 40,1 kWh es una bater\u00eda de fosfato de hierro y litio con un recurso impresionante de m\u00e1s de 6000 ciclos de carga\/descarga. Sus caracter\u00edsticas lo convierten en una soluci\u00f3n extremadamente confiable y eficiente para el almacenamiento de electricidad.<\/p>\n<p><strong>Alto rendimiento:<\/strong> Capaz de realizar cargas y descargas superficiales, lo que garantiza la eficiencia del sistema. La autodescarga de menos de 6 meses sin carga aumenta la comodidad de funcionamiento.<\/p>\n<p><strong>Funciones de protecci\u00f3n:<\/strong> Protecci\u00f3n contra sobredescarga, sobrecarga, sobrecorriente. Reacci\u00f3n a temperaturas excesivamente altas o bajas.<\/p>\n<p><strong>Control automatizado:<\/strong> Control autom\u00e1tico de carga\/descarga y equilibrio de corriente y voltaje en cada celda.<\/p>\n<p><strong>Escalabilidad:<\/strong> Varios m\u00f3dulos de bater\u00edas pueden funcionar en paralelo, ampliando la capacidad y potencia del sistema.<\/p>\n<p><strong>Actualizaci\u00f3n:<\/strong> Admite actualizaci\u00f3n por USB y Wi-Fi, as\u00ed como actualizaci\u00f3n remota.<\/p>\n<p><strong>Amplio rango de temperaturas de funcionamiento:<\/strong> De -20 \u00b0C a 55 \u00b0C se garantiza un rendimiento estable y una larga vida \u00fatil.<\/p>\n<p><strong>F\u00e1cil instalaci\u00f3n y mantenimiento:<\/strong> El est\u00e1ndar de instalaci\u00f3n r\u00e1pida del m\u00f3dulo incorporado de 19 pulgadas lo hace conveniente para la instalaci\u00f3n y el mantenimiento.<\/p>\n<p>Este paquete de bater\u00edas se caracteriza por una serie de ventajas que lo convierten en una opci\u00f3n ideal para el almacenamiento de electricidad confiable y estable, teniendo en cuenta altos est\u00e1ndares de seguridad y limpieza ambiental.<\/p>\n","protected":false},"excerpt":{"rendered":"<p>La bater\u00eda Deye B0S-G de 40,1 kWh es una bater\u00eda de fosfato de hierro y litio con un recurso impresionante de m\u00e1s de 6000 ciclos de carga\/descarga. Sus caracter\u00edsticas lo&hellip;<\/p>\n","protected":false},"featured_media":29777,"comment_status":"open","ping_status":"closed","template":"","meta":{"inline_featured_image":false},"product_brand":[],"product_cat":[374],"product_tag":[],"class_list":{"0":"post-30380","1":"product","2":"type-product","3":"status-publish","4":"has-post-thumbnail","6":"product_cat-acumuladores","8":"first","9":"instock","10":"shipping-taxable","11":"purchasable","12":"product-type-simple"},"_links":{"self":[{"href":"https:\/\/stg-nations.com\/es\/wp-json\/wp\/v2\/product\/30380","targetHints":{"allow":["GET"]}}],"collection":[{"href":"https:\/\/stg-nations.com\/es\/wp-json\/wp\/v2\/product"}],"about":[{"href":"https:\/\/stg-nations.com\/es\/wp-json\/wp\/v2\/types\/product"}],"replies":[{"embeddable":true,"href":"https:\/\/stg-nations.com\/es\/wp-json\/wp\/v2\/comments?post=30380"}],"wp:featuredmedia":[{"embeddable":true,"href":"https:\/\/stg-nations.com\/es\/wp-json\/wp\/v2\/media\/29777"}],"wp:attachment":[{"href":"https:\/\/stg-nations.com\/es\/wp-json\/wp\/v2\/media?parent=30380"}],"wp:term":[{"taxonomy":"product_brand","embeddable":true,"href":"https:\/\/stg-nations.com\/es\/wp-json\/wp\/v2\/product_brand?post=30380"},{"taxonomy":"product_cat","embeddable":true,"href":"https:\/\/stg-nations.com\/es\/wp-json\/wp\/v2\/product_cat?post=30380"},{"taxonomy":"product_tag","embeddable":true,"href":"https:\/\/stg-nations.com\/es\/wp-json\/wp\/v2\/product_tag?post=30380"}],"curies":[{"name":"wp","href":"https:\/\/api.w.org\/{rel}","templated":true}]}}