{"id":30379,"date":"2024-01-08T13:54:38","date_gmt":"2024-01-08T13:54:38","guid":{"rendered":"https:\/\/stg-nations.com\/product\/deye-bos-g-hv-%d0%ba%d0%be%d0%bc%d0%bf%d0%bb%d0%b5%d0%ba%d1%82-61-%d0%ba%d0%b2%d1%82\/"},"modified":"2024-01-27T14:16:03","modified_gmt":"2024-01-27T14:16:03","slug":"deye-bos-g-hv-%d0%ba%d0%be%d0%bc%d0%bf%d0%bb%d0%b5%d0%ba%d1%82-61-%d0%ba%d0%b2%d1%82","status":"publish","type":"product","link":"https:\/\/stg-nations.com\/es\/producto\/deye-bos-g-hv-%d0%ba%d0%be%d0%bc%d0%bf%d0%bb%d0%b5%d0%ba%d1%82-61-%d0%ba%d0%b2%d1%82\/","title":{"rendered":"Kit de alta tensi\u00f3n Deye BOS-G 61 kW"},"content":{"rendered":"<p>La bater\u00eda Deye BOS-G es una bater\u00eda de fosfato de hierro y litio (LFP) de alto voltaje con dise\u00f1o modular, seguridad, confiabilidad y BMS inteligente.<\/p>\n<p>La bater\u00eda puede tener una capacidad de 20,48-61,44 kWh y constar de 4 a 12 m\u00f3dulos. El mantenimiento se proporciona mediante m\u00e9todos avanzados de conexi\u00f3n plug and play. Proporciona seguridad impecable y estabilidad de rendimiento, lo que lo convierte en una excelente opci\u00f3n para su uso en plantas de energ\u00eda solar dom\u00e9sticas y comerciales.<\/p>\n<p>Interfaz de comunicaci\u00f3n: CAN, RS485, Ethernet, Wi-Fi.<\/p>\n<p>Vida \u00fatil: hasta 6000 ciclos al 80% de profundidad de descarga.<\/p>\n<p>Tecnolog\u00eda de almacenamiento: bater\u00eda de fosfato de hierro y litio (LFP), supercondensadores.<\/p>\n<p>AKB fue creada por una empresa china especializada en la producci\u00f3n de sistemas de almacenamiento de energ\u00eda. La bater\u00eda Deye BOS-G est\u00e1 dise\u00f1ada para su uso en sistemas de energ\u00eda solar residenciales y comerciales, proporcionando energ\u00eda de respaldo durante apagones o per\u00edodos de poca luz solar.<\/p>\n<p>Ventajas:<\/p>\n<p>\u2022 Alta densidad de energ\u00eda: la bater\u00eda es capaz de almacenar una gran cantidad de energ\u00eda en un formato compacto. Esto lo hace ideal para su uso en espacios residenciales y comerciales donde el espacio es escaso.<br \/>\n\u2022 Larga vida \u00fatil: la bater\u00eda Deye BOS-G garantiza muchos a\u00f1os de funcionamiento con un recurso de hasta 6000 ciclos. Esto significa que se puede cargar y descargar miles de veces antes de que su capacidad comience a degradarse.<br \/>\n\u2022 Carga r\u00e1pida: la bater\u00eda Deye BOS-G admite carga r\u00e1pida. El tiempo de carga es de aproximadamente 2,5 horas. Se puede cargar r\u00e1pidamente durante per\u00edodos de alta actividad solar, lo que garantiza energ\u00eda de respaldo cuando sea necesario.<br \/>\n\u2022 Dise\u00f1o modular: la bater\u00eda consta de varios bloques separados. Esto facilita el reemplazo y reparaci\u00f3n de unidades da\u00f1adas en lugar de reemplazar toda la bater\u00eda.<br \/>\n\u2022 M\u00f3dulo de control inteligente: la bater\u00eda est\u00e1 equipada con un m\u00f3dulo de control inteligente, que garantiza seguridad y funcionamiento estable. El m\u00f3dulo monitorea la corriente y el voltaje para ayudar a prevenir sobrecargas, sobredescargas y cortocircuitos.<br \/>\n\u2022 Materiales de alta tecnolog\u00eda: Deye BOS-G utiliza materiales de alta tecnolog\u00eda, incluida una bater\u00eda de fosfato de hierro y litio y supercondensadores.<br \/>\n\u2022 Cuerpo duradero: El cuerpo de la bater\u00eda Deye BOS-G est\u00e1 hecho de un material duradero y confiable, que brinda protecci\u00f3n contra da\u00f1os, humedad y polvo.<\/p>\n","protected":false},"excerpt":{"rendered":"<p>La bater\u00eda Deye BOS-G es una bater\u00eda de fosfato de hierro y litio (LFP) de alto voltaje con dise\u00f1o modular, seguridad, confiabilidad y BMS inteligente. La bater\u00eda puede tener una&hellip;<\/p>\n","protected":false},"featured_media":29777,"comment_status":"open","ping_status":"closed","template":"","meta":{"inline_featured_image":false},"product_brand":[],"product_cat":[374],"product_tag":[],"class_list":{"0":"post-30379","1":"product","2":"type-product","3":"status-publish","4":"has-post-thumbnail","6":"product_cat-acumuladores","8":"first","9":"instock","10":"shipping-taxable","11":"purchasable","12":"product-type-simple"},"_links":{"self":[{"href":"https:\/\/stg-nations.com\/es\/wp-json\/wp\/v2\/product\/30379","targetHints":{"allow":["GET"]}}],"collection":[{"href":"https:\/\/stg-nations.com\/es\/wp-json\/wp\/v2\/product"}],"about":[{"href":"https:\/\/stg-nations.com\/es\/wp-json\/wp\/v2\/types\/product"}],"replies":[{"embeddable":true,"href":"https:\/\/stg-nations.com\/es\/wp-json\/wp\/v2\/comments?post=30379"}],"wp:featuredmedia":[{"embeddable":true,"href":"https:\/\/stg-nations.com\/es\/wp-json\/wp\/v2\/media\/29777"}],"wp:attachment":[{"href":"https:\/\/stg-nations.com\/es\/wp-json\/wp\/v2\/media?parent=30379"}],"wp:term":[{"taxonomy":"product_brand","embeddable":true,"href":"https:\/\/stg-nations.com\/es\/wp-json\/wp\/v2\/product_brand?post=30379"},{"taxonomy":"product_cat","embeddable":true,"href":"https:\/\/stg-nations.com\/es\/wp-json\/wp\/v2\/product_cat?post=30379"},{"taxonomy":"product_tag","embeddable":true,"href":"https:\/\/stg-nations.com\/es\/wp-json\/wp\/v2\/product_tag?post=30379"}],"curies":[{"name":"wp","href":"https:\/\/api.w.org\/{rel}","templated":true}]}}