{"id":30378,"date":"2024-01-08T13:58:41","date_gmt":"2024-01-08T13:58:41","guid":{"rendered":"https:\/\/stg-nations.com\/product\/deye-bos-gm5-1-battery-pack\/"},"modified":"2024-01-27T14:16:08","modified_gmt":"2024-01-27T14:16:08","slug":"deye-bos-gm5-1-battery-pack","status":"publish","type":"product","link":"https:\/\/stg-nations.com\/es\/producto\/deye-bos-gm5-1-battery-pack\/","title":{"rendered":"Deye BOS-GM5.1 (Paquete de bater\u00edas)"},"content":{"rendered":"<p>BOS-GM5.1 es una bater\u00eda de fosfato de hierro y litio del confiable fabricante Deye. Es una fuente de alimentaci\u00f3n ideal con una larga vida \u00fatil y un alto voltaje nominal de 51,2 V, que proporcionar\u00e1 energ\u00eda a tu dispositivo durante mucho tiempo. Capaz de mantener una carga por hasta 6 meses sin recargar<\/p>\n<p>La bater\u00eda tiene un sistema de gesti\u00f3n integrado (BMS) que incluye protecci\u00f3n, sobrecarga, sobrecorriente y sobrecalentamiento.<\/p>\n<p>Adem\u00e1s, se pueden conectar varias bater\u00edas al dispositivo en paralelo, lo que ayuda a aumentar su potencia. Admite actualizaci\u00f3n USB, actualizaci\u00f3n Wi-Fi (opcional) y actualizaci\u00f3n remota (compatible con inversores Deye).<\/p>\n","protected":false},"excerpt":{"rendered":"<p>BOS-GM5.1 es una bater\u00eda de fosfato de hierro y litio del confiable fabricante Deye. Es una fuente de alimentaci\u00f3n ideal con una larga vida \u00fatil y un alto voltaje nominal&hellip;<\/p>\n","protected":false},"featured_media":29795,"comment_status":"open","ping_status":"closed","template":"","meta":{"inline_featured_image":false},"product_brand":[],"product_cat":[374],"product_tag":[],"class_list":{"0":"post-30378","1":"product","2":"type-product","3":"status-publish","4":"has-post-thumbnail","6":"product_cat-acumuladores","8":"first","9":"instock","10":"shipping-taxable","11":"purchasable","12":"product-type-simple"},"_links":{"self":[{"href":"https:\/\/stg-nations.com\/es\/wp-json\/wp\/v2\/product\/30378","targetHints":{"allow":["GET"]}}],"collection":[{"href":"https:\/\/stg-nations.com\/es\/wp-json\/wp\/v2\/product"}],"about":[{"href":"https:\/\/stg-nations.com\/es\/wp-json\/wp\/v2\/types\/product"}],"replies":[{"embeddable":true,"href":"https:\/\/stg-nations.com\/es\/wp-json\/wp\/v2\/comments?post=30378"}],"wp:featuredmedia":[{"embeddable":true,"href":"https:\/\/stg-nations.com\/es\/wp-json\/wp\/v2\/media\/29795"}],"wp:attachment":[{"href":"https:\/\/stg-nations.com\/es\/wp-json\/wp\/v2\/media?parent=30378"}],"wp:term":[{"taxonomy":"product_brand","embeddable":true,"href":"https:\/\/stg-nations.com\/es\/wp-json\/wp\/v2\/product_brand?post=30378"},{"taxonomy":"product_cat","embeddable":true,"href":"https:\/\/stg-nations.com\/es\/wp-json\/wp\/v2\/product_cat?post=30378"},{"taxonomy":"product_tag","embeddable":true,"href":"https:\/\/stg-nations.com\/es\/wp-json\/wp\/v2\/product_tag?post=30378"}],"curies":[{"name":"wp","href":"https:\/\/api.w.org\/{rel}","templated":true}]}}