{"id":30377,"date":"2024-01-08T14:02:02","date_gmt":"2024-01-08T14:02:02","guid":{"rendered":"https:\/\/stg-nations.com\/product\/deye-hvb-750v-100a-%d1%81ontrol-box\/"},"modified":"2024-01-27T14:16:13","modified_gmt":"2024-01-27T14:16:13","slug":"deye-hvb-750v-100a-%d1%81ontrol-box","status":"publish","type":"product","link":"https:\/\/stg-nations.com\/es\/producto\/deye-hvb-750v-100a-%d1%81ontrol-box\/","title":{"rendered":"Deye HVB-750V\/100A (Caja de control)"},"content":{"rendered":"<p>HVB750V\/100A-EU es una bater\u00eda \u00fanica del confiable fabricante Deye. Una excelente fuente de energ\u00eda alternativa con una corriente m\u00e1xima de carga\/descarga de 125 A y una larga vida \u00fatil.<\/p>\n<p>El m\u00f3dulo de bater\u00eda es completamente ecol\u00f3gico, no t\u00f3xico, no contamina el medio ambiente y es completamente inofensivo.<\/p>\n<p>Para aumentar la potencia y la capacidad, puede conectar varios m\u00f3dulos de bater\u00eda en paralelo. Admite actualizaci\u00f3n USB, actualizaci\u00f3n Wi-Fi (opcional) y actualizaci\u00f3n remota (compatible con inversores Deye).<\/p>\n","protected":false},"excerpt":{"rendered":"<p>HVB750V\/100A-EU es una bater\u00eda \u00fanica del confiable fabricante Deye. Una excelente fuente de energ\u00eda alternativa con una corriente m\u00e1xima de carga\/descarga de 125 A y una larga vida \u00fatil. El&hellip;<\/p>\n","protected":false},"featured_media":29795,"comment_status":"open","ping_status":"closed","template":"","meta":{"inline_featured_image":false},"product_brand":[],"product_cat":[374],"product_tag":[],"class_list":{"0":"post-30377","1":"product","2":"type-product","3":"status-publish","4":"has-post-thumbnail","6":"product_cat-acumuladores","8":"first","9":"instock","10":"shipping-taxable","11":"purchasable","12":"product-type-simple"},"_links":{"self":[{"href":"https:\/\/stg-nations.com\/es\/wp-json\/wp\/v2\/product\/30377","targetHints":{"allow":["GET"]}}],"collection":[{"href":"https:\/\/stg-nations.com\/es\/wp-json\/wp\/v2\/product"}],"about":[{"href":"https:\/\/stg-nations.com\/es\/wp-json\/wp\/v2\/types\/product"}],"replies":[{"embeddable":true,"href":"https:\/\/stg-nations.com\/es\/wp-json\/wp\/v2\/comments?post=30377"}],"wp:featuredmedia":[{"embeddable":true,"href":"https:\/\/stg-nations.com\/es\/wp-json\/wp\/v2\/media\/29795"}],"wp:attachment":[{"href":"https:\/\/stg-nations.com\/es\/wp-json\/wp\/v2\/media?parent=30377"}],"wp:term":[{"taxonomy":"product_brand","embeddable":true,"href":"https:\/\/stg-nations.com\/es\/wp-json\/wp\/v2\/product_brand?post=30377"},{"taxonomy":"product_cat","embeddable":true,"href":"https:\/\/stg-nations.com\/es\/wp-json\/wp\/v2\/product_cat?post=30377"},{"taxonomy":"product_tag","embeddable":true,"href":"https:\/\/stg-nations.com\/es\/wp-json\/wp\/v2\/product_tag?post=30377"}],"curies":[{"name":"wp","href":"https:\/\/api.w.org\/{rel}","templated":true}]}}