{"id":30376,"date":"2024-01-09T07:36:44","date_gmt":"2024-01-09T07:36:44","guid":{"rendered":"https:\/\/stg-nations.com\/product\/huawei-sun2000-10ktl-m1\/"},"modified":"2024-01-27T15:21:56","modified_gmt":"2024-01-27T15:21:56","slug":"huawei-sun2000-10ktl-m1","status":"publish","type":"product","link":"https:\/\/stg-nations.com\/es\/producto\/huawei-sun2000-10ktl-m1\/","title":{"rendered":"Huawei SUN2000-10KTL-M1"},"content":{"rendered":"<p>La l\u00ednea actualizada de inversores, denominada SUN2000-KTL-M1, destaca por su compacidad, ligereza y sistema de monitoreo mejorado para plantas de energ\u00eda solar. Esta serie de dispositivos permite conectar optimizadores adicionales a cada fotom\u00f3dulo, lo que ayuda a aumentar el rendimiento de los paneles en caso de sombras o contaminaci\u00f3n.<\/p>\n<p>Particularmente atractiva parece la posibilidad de adquirir un inversor de red trif\u00e1sico SUN2000-10KTL-M1 con una potencia nominal de 8000 W. La potencia total m\u00e1xima de los m\u00f3dulos fotogr\u00e1ficos puede alcanzar los 15.000 W, la potencia de los paneles se inhala mediante optimizadores. El rango de voltaje es de 200 (arranque inicial del inversor) a 1100 V, con dos seguidores MPPT para conectar los fotom\u00f3dulos en diferentes planos.<\/p>\n<p>Tenga en cuenta que el voltaje nominal del inversor en el circuito de CC es de 600 V, y en la salida tenemos un indicador de voltaje nominal de 8000 W, mientras que el valor m\u00e1ximo de salida es de 6600 W. Las caracter\u00edsticas incluyen una alta eficiencia (98,3%), la capacidad de conectar optimizadores para cada fotom\u00f3dulo, un sistema de control para fotom\u00f3dulos y un sistema inteligente de protecci\u00f3n contra roturas del arco conductor.<\/p>\n<p>El inversor tambi\u00e9n impresiona por su compacidad y ligereza (pesa s\u00f3lo 17 kg), lo que simplifica su instalaci\u00f3n. Equipado con un sistema de protecci\u00f3n inteligente, un m\u00f3dulo PID incorporado para reducir la degradaci\u00f3n del panel y un sistema de monitorizaci\u00f3n FusionSolar, el dispositivo permite el control remoto de la estaci\u00f3n en tiempo real.<\/p>\n<p>Adem\u00e1s, el inversor puede funcionar con bater\u00edas y su periodo de garant\u00eda es de 5 a\u00f1os, lo que unido a la alta calidad de construcci\u00f3n lo convierte en una buena opci\u00f3n para obtener el m\u00e1ximo beneficio y rendimiento de la planta solar.<\/p>\n","protected":false},"excerpt":{"rendered":"<p>La l\u00ednea actualizada de inversores, denominada SUN2000-KTL-M1, destaca por su compacidad, ligereza y sistema de monitoreo mejorado para plantas de energ\u00eda solar. Esta serie de dispositivos permite conectar optimizadores adicionales&hellip;<\/p>\n","protected":false},"featured_media":29805,"comment_status":"open","ping_status":"closed","template":"","meta":{"inline_featured_image":false},"product_brand":[],"product_cat":[373],"product_tag":[],"class_list":{"0":"post-30376","1":"product","2":"type-product","3":"status-publish","4":"has-post-thumbnail","6":"product_cat-inversores","8":"first","9":"instock","10":"shipping-taxable","11":"purchasable","12":"product-type-simple"},"_links":{"self":[{"href":"https:\/\/stg-nations.com\/es\/wp-json\/wp\/v2\/product\/30376","targetHints":{"allow":["GET"]}}],"collection":[{"href":"https:\/\/stg-nations.com\/es\/wp-json\/wp\/v2\/product"}],"about":[{"href":"https:\/\/stg-nations.com\/es\/wp-json\/wp\/v2\/types\/product"}],"replies":[{"embeddable":true,"href":"https:\/\/stg-nations.com\/es\/wp-json\/wp\/v2\/comments?post=30376"}],"wp:featuredmedia":[{"embeddable":true,"href":"https:\/\/stg-nations.com\/es\/wp-json\/wp\/v2\/media\/29805"}],"wp:attachment":[{"href":"https:\/\/stg-nations.com\/es\/wp-json\/wp\/v2\/media?parent=30376"}],"wp:term":[{"taxonomy":"product_brand","embeddable":true,"href":"https:\/\/stg-nations.com\/es\/wp-json\/wp\/v2\/product_brand?post=30376"},{"taxonomy":"product_cat","embeddable":true,"href":"https:\/\/stg-nations.com\/es\/wp-json\/wp\/v2\/product_cat?post=30376"},{"taxonomy":"product_tag","embeddable":true,"href":"https:\/\/stg-nations.com\/es\/wp-json\/wp\/v2\/product_tag?post=30376"}],"curies":[{"name":"wp","href":"https:\/\/api.w.org\/{rel}","templated":true}]}}