{"id":30375,"date":"2024-01-09T07:40:28","date_gmt":"2024-01-09T07:40:28","guid":{"rendered":"https:\/\/stg-nations.com\/product\/huawei-sun2000-12ktl-m5\/"},"modified":"2024-01-27T15:22:01","modified_gmt":"2024-01-27T15:22:01","slug":"huawei-sun2000-12ktl-m5","status":"publish","type":"product","link":"https:\/\/stg-nations.com\/es\/producto\/huawei-sun2000-12ktl-m5\/","title":{"rendered":"Huawei SUN2000-12KTL-M5"},"content":{"rendered":"<p>Huawei SUN2000-12KTL M5 es un inversor de red avanzado de nueva generaci\u00f3n del l\u00edder mundial en el campo de las tecnolog\u00edas de la informaci\u00f3n y la comunicaci\u00f3n y la energ\u00eda solar, Huawei. Este inversor se ha convertido en una nueva palabra en el mundo de la tecnolog\u00eda solar, ofreciendo una serie de caracter\u00edsticas t\u00e9cnicas que lo convierten en la soluci\u00f3n m\u00e1s atractiva para cualquier proyecto solar.<\/p>\n<p>Las principales ventajas de Huawei SUN2000-12KTL M5:<\/p>\n<p>1. Alta eficiencia: este inversor est\u00e1 equipado con tecnolog\u00eda avanzada de seguimiento del punto de m\u00e1xima potencia (MPPT), que garantiza un rendimiento \u00f3ptimo del sistema incluso con poca intensidad de luz solar. Esto significa que su sistema solar ser\u00e1 lo m\u00e1s eficiente posible, incluso en condiciones clim\u00e1ticas dif\u00edciles.<\/p>\n<p>2. Fiabilidad y durabilidad: Huawei SUN2000-12KTL M5 est\u00e1 dise\u00f1ado utilizando los componentes m\u00e1s confiables y se somete a rigurosas pruebas, lo que garantiza una larga vida \u00fatil y un funcionamiento estable durante muchos a\u00f1os.<\/p>\n<p>3. Flexibilidad y facilidad de instalaci\u00f3n: el inversor admite una configuraci\u00f3n flexible y es f\u00e1cilmente escalable seg\u00fan las necesidades espec\u00edficas de su proyecto solar. Adem\u00e1s, cuenta con una interfaz intuitiva que hace que la instalaci\u00f3n y el mantenimiento sean lo m\u00e1s c\u00f3modos posible.<\/p>\n<p>4. Limpieza ambiental: Huawei SUN2000-12KTL M5 es una soluci\u00f3n respetuosa con el medio ambiente que ayuda a reducir las emisiones de carbono y mejorar el medio ambiente.<\/p>\n<p>Elija Huawei SUN2000-12KTL M5 para su proyecto solar y obtenga la mayor eficiencia y confiabilidad. Con \u00e9l, tu planta de energ\u00eda solar funcionar\u00e1 a pleno rendimiento, proporcionando energ\u00eda estable e ininterrumpida a tu hogar o negocio. Conf\u00ede en las tecnolog\u00edas avanzadas de Huawei y haga que su proyecto solar sea a\u00fan m\u00e1s eficiente y estable.<\/p>\n","protected":false},"excerpt":{"rendered":"<p>Huawei SUN2000-12KTL M5 es un inversor de red avanzado de nueva generaci\u00f3n del l\u00edder mundial en el campo de las tecnolog\u00edas de la informaci\u00f3n y la comunicaci\u00f3n y la energ\u00eda&hellip;<\/p>\n","protected":false},"featured_media":29818,"comment_status":"open","ping_status":"closed","template":"","meta":{"inline_featured_image":false},"product_brand":[],"product_cat":[373],"product_tag":[],"class_list":{"0":"post-30375","1":"product","2":"type-product","3":"status-publish","4":"has-post-thumbnail","6":"product_cat-inversores","8":"first","9":"instock","10":"shipping-taxable","11":"purchasable","12":"product-type-simple"},"_links":{"self":[{"href":"https:\/\/stg-nations.com\/es\/wp-json\/wp\/v2\/product\/30375","targetHints":{"allow":["GET"]}}],"collection":[{"href":"https:\/\/stg-nations.com\/es\/wp-json\/wp\/v2\/product"}],"about":[{"href":"https:\/\/stg-nations.com\/es\/wp-json\/wp\/v2\/types\/product"}],"replies":[{"embeddable":true,"href":"https:\/\/stg-nations.com\/es\/wp-json\/wp\/v2\/comments?post=30375"}],"wp:featuredmedia":[{"embeddable":true,"href":"https:\/\/stg-nations.com\/es\/wp-json\/wp\/v2\/media\/29818"}],"wp:attachment":[{"href":"https:\/\/stg-nations.com\/es\/wp-json\/wp\/v2\/media?parent=30375"}],"wp:term":[{"taxonomy":"product_brand","embeddable":true,"href":"https:\/\/stg-nations.com\/es\/wp-json\/wp\/v2\/product_brand?post=30375"},{"taxonomy":"product_cat","embeddable":true,"href":"https:\/\/stg-nations.com\/es\/wp-json\/wp\/v2\/product_cat?post=30375"},{"taxonomy":"product_tag","embeddable":true,"href":"https:\/\/stg-nations.com\/es\/wp-json\/wp\/v2\/product_tag?post=30375"}],"curies":[{"name":"wp","href":"https:\/\/api.w.org\/{rel}","templated":true}]}}