{"id":30374,"date":"2024-01-09T07:46:49","date_gmt":"2024-01-09T07:46:49","guid":{"rendered":"https:\/\/stg-nations.com\/product\/huawei-sun2000-20ktl-%d0%bc5\/"},"modified":"2024-01-27T15:22:18","modified_gmt":"2024-01-27T15:22:18","slug":"huawei-sun2000-20ktl-%d0%bc5","status":"publish","type":"product","link":"https:\/\/stg-nations.com\/es\/producto\/huawei-sun2000-20ktl-%d0%bc5\/","title":{"rendered":"Huawei SUN2000-20KTL-\u041c5"},"content":{"rendered":"<p>El inversor Huawei SUN2000-20KTL-M5 es un dispositivo altamente eficiente y confiable dise\u00f1ado para utilizar de manera \u00f3ptima la energ\u00eda solar y maximizar su contribuci\u00f3n a la protecci\u00f3n del medio ambiente. Es una opci\u00f3n ideal para plantas de energ\u00eda solar de cualquier escala.<\/p>\n<p>Caracter\u00edsticas principales:<\/p>\n<p><strong>Alta eficiencia<\/strong>: El inversor SUN2000-20KTL-M5 de Huawei proporciona un alto \u00edndice de conversi\u00f3n, lo que le permite aprovechar al m\u00e1ximo la energ\u00eda solar recibida y aumentar el rendimiento general de la planta de energ\u00eda solar.<\/p>\n<p><strong>Gesti\u00f3n inteligente<\/strong>: La aplicaci\u00f3n de tecnolog\u00edas de gesti\u00f3n avanzadas permite optimizar el funcionamiento del inversor, ajustando autom\u00e1ticamente sus par\u00e1metros de funcionamiento para conseguir un rendimiento \u00f3ptimo en funci\u00f3n de las condiciones del entorno circundante.<\/p>\n<p><strong>Fiabilidad y durabilidad<\/strong>: Huawei es conocido por sus productos de alta calidad y el SUN2000-20KTL-M5 no es una excepci\u00f3n. Gracias a su dise\u00f1o confiable y al uso de materiales de alta calidad, este inversor garantiza un funcionamiento estable y duradero.<\/p>\n<p><strong>F\u00e1cil instalaci\u00f3n y mantenimiento<\/strong>: el dise\u00f1o compacto del inversor simplifica el proceso de instalaci\u00f3n y el sistema de monitoreo incorporado hace que el mantenimiento sea simple y conveniente.<\/p>\n<p><strong>Compatibilidad con varios paneles solares<\/strong>: SUN2000-20KTL-M5 es compatible con varios tipos de paneles solares, lo que lo convierte en una soluci\u00f3n vers\u00e1til para diversas plantas de energ\u00eda solar.<\/p>\n<p>Con el Huawei SUN2000-20KTL-M5, obtiene el mejor equilibrio entre rendimiento, confiabilidad y eficiencia. Este inversor ser\u00e1 un socio confiable para su planta de energ\u00eda solar, ayud\u00e1ndolo a reducir sus costos de electricidad y ahorrar energ\u00eda para las generaciones futuras.<\/p>\n","protected":false},"excerpt":{"rendered":"<p>El inversor Huawei SUN2000-20KTL-M5 es un dispositivo altamente eficiente y confiable dise\u00f1ado para utilizar de manera \u00f3ptima la energ\u00eda solar y maximizar su contribuci\u00f3n a la protecci\u00f3n del medio ambiente.&hellip;<\/p>\n","protected":false},"featured_media":29849,"comment_status":"open","ping_status":"closed","template":"","meta":{"inline_featured_image":false},"product_brand":[],"product_cat":[373],"product_tag":[],"class_list":{"0":"post-30374","1":"product","2":"type-product","3":"status-publish","4":"has-post-thumbnail","6":"product_cat-inversores","8":"first","9":"instock","10":"shipping-taxable","11":"purchasable","12":"product-type-simple"},"_links":{"self":[{"href":"https:\/\/stg-nations.com\/es\/wp-json\/wp\/v2\/product\/30374","targetHints":{"allow":["GET"]}}],"collection":[{"href":"https:\/\/stg-nations.com\/es\/wp-json\/wp\/v2\/product"}],"about":[{"href":"https:\/\/stg-nations.com\/es\/wp-json\/wp\/v2\/types\/product"}],"replies":[{"embeddable":true,"href":"https:\/\/stg-nations.com\/es\/wp-json\/wp\/v2\/comments?post=30374"}],"wp:featuredmedia":[{"embeddable":true,"href":"https:\/\/stg-nations.com\/es\/wp-json\/wp\/v2\/media\/29849"}],"wp:attachment":[{"href":"https:\/\/stg-nations.com\/es\/wp-json\/wp\/v2\/media?parent=30374"}],"wp:term":[{"taxonomy":"product_brand","embeddable":true,"href":"https:\/\/stg-nations.com\/es\/wp-json\/wp\/v2\/product_brand?post=30374"},{"taxonomy":"product_cat","embeddable":true,"href":"https:\/\/stg-nations.com\/es\/wp-json\/wp\/v2\/product_cat?post=30374"},{"taxonomy":"product_tag","embeddable":true,"href":"https:\/\/stg-nations.com\/es\/wp-json\/wp\/v2\/product_tag?post=30374"}],"curies":[{"name":"wp","href":"https:\/\/api.w.org\/{rel}","templated":true}]}}