{"id":30373,"date":"2024-01-09T07:49:31","date_gmt":"2024-01-09T07:49:31","guid":{"rendered":"https:\/\/stg-nations.com\/product\/huawei-sun2000-25ktl-m5\/"},"modified":"2024-01-27T15:22:24","modified_gmt":"2024-01-27T15:22:24","slug":"huawei-sun2000-25ktl-m5","status":"publish","type":"product","link":"https:\/\/stg-nations.com\/es\/producto\/huawei-sun2000-25ktl-m5\/","title":{"rendered":"Huawei SUN2000-25KTL-M5"},"content":{"rendered":"<p><span lang=\"UK\">El inversor <b>Huawei SUN2000-25KTL-M5<\/b> es una soluci\u00f3n inteligente y confiable para convertir la energ\u00eda solar en electricidad. Equipado con un controlador fotovoltaico inteligente y funciones de seguridad activa, proporciona la m\u00e1xima producci\u00f3n de energ\u00eda y protecci\u00f3n contra peligros. Un sistema de protecci\u00f3n de arco basado en IA aumenta la seguridad y el uso de optimizadores ayuda a aumentar la producci\u00f3n de energ\u00eda hasta en un 30 %. Con opciones de comunicaci\u00f3n flexibles que incluyen WLAN, Fast Ethernet y compatibilidad con 4G, este inversor solar es la mejor opci\u00f3n para cualquier sistema de energ\u00eda solar.<\/span><\/p>\n<p>Ser m\u00e1s ligero, m\u00e1s delgado y m\u00e1s inteligente con un movimiento de mu\u00f1eca s\u00f3lo es posible si eres un inversor. Los dispositivos <b>Huawei SUN2000-25KTL-M5<\/b> recibieron la misma actualizaci\u00f3n, pasando de la serie M2 a la serie M5. La reducci\u00f3n de peso de 4 kg, las dimensiones m\u00e1s peque\u00f1as y las corrientes de entrada m\u00e1s altas son impresionantes. Adem\u00e1s, todos los nuevos modelos de optimizadores de la firma est\u00e1n disponibles como accesorios adicionales.<\/p>\n<p>Ventajas del producto:<\/p>\n<ul>\n<li>Entrada CC superior<\/li>\n<li>M\u00e1s peque\u00f1o y ligero<\/li>\n<li>Compatibilidad con todos los optimizadores nuevos de Huawei *<\/li>\n<\/ul>\n","protected":false},"excerpt":{"rendered":"<p>El inversor Huawei SUN2000-25KTL-M5 es una soluci\u00f3n inteligente y confiable para convertir la energ\u00eda solar en electricidad. Equipado con un controlador fotovoltaico inteligente y funciones de seguridad activa, proporciona la&hellip;<\/p>\n","protected":false},"featured_media":29862,"comment_status":"open","ping_status":"closed","template":"","meta":{"inline_featured_image":false},"product_brand":[],"product_cat":[373],"product_tag":[],"class_list":{"0":"post-30373","1":"product","2":"type-product","3":"status-publish","4":"has-post-thumbnail","6":"product_cat-inversores","8":"first","9":"instock","10":"shipping-taxable","11":"purchasable","12":"product-type-simple"},"_links":{"self":[{"href":"https:\/\/stg-nations.com\/es\/wp-json\/wp\/v2\/product\/30373","targetHints":{"allow":["GET"]}}],"collection":[{"href":"https:\/\/stg-nations.com\/es\/wp-json\/wp\/v2\/product"}],"about":[{"href":"https:\/\/stg-nations.com\/es\/wp-json\/wp\/v2\/types\/product"}],"replies":[{"embeddable":true,"href":"https:\/\/stg-nations.com\/es\/wp-json\/wp\/v2\/comments?post=30373"}],"wp:featuredmedia":[{"embeddable":true,"href":"https:\/\/stg-nations.com\/es\/wp-json\/wp\/v2\/media\/29862"}],"wp:attachment":[{"href":"https:\/\/stg-nations.com\/es\/wp-json\/wp\/v2\/media?parent=30373"}],"wp:term":[{"taxonomy":"product_brand","embeddable":true,"href":"https:\/\/stg-nations.com\/es\/wp-json\/wp\/v2\/product_brand?post=30373"},{"taxonomy":"product_cat","embeddable":true,"href":"https:\/\/stg-nations.com\/es\/wp-json\/wp\/v2\/product_cat?post=30373"},{"taxonomy":"product_tag","embeddable":true,"href":"https:\/\/stg-nations.com\/es\/wp-json\/wp\/v2\/product_tag?post=30373"}],"curies":[{"name":"wp","href":"https:\/\/api.w.org\/{rel}","templated":true}]}}