{"id":30372,"date":"2024-01-09T07:51:15","date_gmt":"2024-01-09T07:51:15","guid":{"rendered":"https:\/\/stg-nations.com\/product\/huawei-sun2000-30ktl-m3\/"},"modified":"2024-01-29T10:00:11","modified_gmt":"2024-01-29T10:00:11","slug":"huawei-sun2000-30ktl-m3","status":"publish","type":"product","link":"https:\/\/stg-nations.com\/es\/producto\/huawei-sun2000-30ktl-m3\/","title":{"rendered":"Huawei sun2000-30KT l-M3"},"content":{"rendered":"<p>Huawei SUN2000-30KTL-M3 es un paso revolucionario en el mundo de los inversores trif\u00e1sicos, que reemplaz\u00f3 al famoso Huawei SUN2000-33KTL-A. Dise\u00f1ado con un enfoque avanzado para los m\u00f3dulos solares modernos, de hasta 500 W y m\u00e1s, este inversor actualizado se adapta f\u00e1cilmente a altas capacidades de m\u00f3dulos. Tambi\u00e9n es adecuado para utilizar m\u00f3dulos de menor potencia, lo que abre la posibilidad de aumentar su n\u00famero en cada cadena.<\/p>\n<p>El inversor de nueva generaci\u00f3n tiene un sistema activo de protecci\u00f3n de arco inteligente. Con tiempos de disparo de tan solo 0,5 segundos en el arranque, las \u00e1reas peligrosas se a\u00edslan antes de formar el arco, estableciendo un nuevo est\u00e1ndar en seguridad.<\/p>\n<p>La refrigeraci\u00f3n pasiva mejorada con un nuevo perfil del radiador no s\u00f3lo reduce el peso, sino que tambi\u00e9n contribuye a un dise\u00f1o elegante y pr\u00e1ctico.<\/p>\n<p>El inversor Huawei 30KTL-M3 se ha ganado el reconocimiento en el mercado gracias a su inigualable combinaci\u00f3n de asequibilidad y calidad. Su adaptabilidad a las redes el\u00e9ctricas ucranianas confirma su posici\u00f3n de liderazgo en ventas.<\/p>\n<p>Ventajas del inversor de red Huawei 30KTL-M3:<\/p>\n<ul>\n<li>Cuatro seguidores MPPT proporcionan una eficiencia \u00f3ptima con iluminaci\u00f3n variable del panel solar.<\/li>\n<li>El inversor solar alcanza la clase de eficiencia energ\u00e9tica m\u00e1s alta A+\/A+ con una eficiencia del dispositivo del 98,7 %.<\/li>\n<li>La protecci\u00f3n contra sobretensiones constantes y variables junto con el control de fugas el\u00e9ctricas garantiza la confiabilidad.<\/li>\n<li>El rango de tensi\u00f3n de funcionamiento se ampl\u00eda de 200 a 1000 V.<\/li>\n<\/ul>\n<p>El tama\u00f1o compacto y el peso ligero reducen los costos de instalaci\u00f3n, proporcionando una f\u00e1cil instalaci\u00f3n y configuraci\u00f3n.<\/p>\n","protected":false},"excerpt":{"rendered":"<p>Huawei SUN2000-30KTL-M3 es un paso revolucionario en el mundo de los inversores trif\u00e1sicos, que reemplaz\u00f3 al famoso Huawei SUN2000-33KTL-A. Dise\u00f1ado con un enfoque avanzado para los m\u00f3dulos solares modernos, de&hellip;<\/p>\n","protected":false},"featured_media":29879,"comment_status":"open","ping_status":"closed","template":"","meta":{"inline_featured_image":false},"product_brand":[],"product_cat":[373],"product_tag":[],"class_list":{"0":"post-30372","1":"product","2":"type-product","3":"status-publish","4":"has-post-thumbnail","6":"product_cat-inversores","8":"first","9":"instock","10":"shipping-taxable","11":"purchasable","12":"product-type-simple"},"_links":{"self":[{"href":"https:\/\/stg-nations.com\/es\/wp-json\/wp\/v2\/product\/30372","targetHints":{"allow":["GET"]}}],"collection":[{"href":"https:\/\/stg-nations.com\/es\/wp-json\/wp\/v2\/product"}],"about":[{"href":"https:\/\/stg-nations.com\/es\/wp-json\/wp\/v2\/types\/product"}],"replies":[{"embeddable":true,"href":"https:\/\/stg-nations.com\/es\/wp-json\/wp\/v2\/comments?post=30372"}],"wp:featuredmedia":[{"embeddable":true,"href":"https:\/\/stg-nations.com\/es\/wp-json\/wp\/v2\/media\/29879"}],"wp:attachment":[{"href":"https:\/\/stg-nations.com\/es\/wp-json\/wp\/v2\/media?parent=30372"}],"wp:term":[{"taxonomy":"product_brand","embeddable":true,"href":"https:\/\/stg-nations.com\/es\/wp-json\/wp\/v2\/product_brand?post=30372"},{"taxonomy":"product_cat","embeddable":true,"href":"https:\/\/stg-nations.com\/es\/wp-json\/wp\/v2\/product_cat?post=30372"},{"taxonomy":"product_tag","embeddable":true,"href":"https:\/\/stg-nations.com\/es\/wp-json\/wp\/v2\/product_tag?post=30372"}],"curies":[{"name":"wp","href":"https:\/\/api.w.org\/{rel}","templated":true}]}}