{"id":30371,"date":"2024-01-09T07:56:53","date_gmt":"2024-01-09T07:56:53","guid":{"rendered":"https:\/\/stg-nations.com\/product\/huawei-sun2000-40ktl-m3\/"},"modified":"2024-01-29T09:59:49","modified_gmt":"2024-01-29T09:59:49","slug":"huawei-sun2000-40ktl-m3","status":"publish","type":"product","link":"https:\/\/stg-nations.com\/es\/producto\/huawei-sun2000-40ktl-m3\/","title":{"rendered":"Huawei sun2000-40KT l-M3"},"content":{"rendered":"<p><strong>Huawei SUN2000<strong>-40<strong>KTL-M3<\/strong><\/strong><\/strong> es un inversor conectado a la red para sistemas fotovoltaicos. Convierte la corriente el\u00e9ctrica continua de alto voltaje generada por el sistema solar en corriente alterna trif\u00e1sica sinusoidal con la misma frecuencia y fase que la red de la ciudad.<\/p>\n<p>El inversor <strong>Huawei SUN2000<strong>-40<strong>KTL-M3<\/strong><\/strong><\/strong> se utiliza tanto para peque\u00f1as plantas de energ\u00eda dom\u00e9sticas como para sistemas solares comerciales de megavatios conectados a la red. \u00daselo para la venta de excedentes a la red bajo el esquema de \u201ctarifa verde\u201d o para ahorrar electricidad cuando se utiliza para sus propias necesidades.<\/p>\n<p>El <strong>Inversor de red Huawei SUN2000-40<strong>KTL-M3<\/strong><\/strong>tiene las siguientes caracter\u00edsticas:<\/p>\n<ul>\n<li>4 rastreadores MPP para nivelar los efectos de la falta de homogeneidad del campo de liberaci\u00f3n de energ\u00eda y la generaci\u00f3n m\u00e1xima en diversas condiciones;<\/li>\n<li>5 a\u00f1os de garant\u00eda (+ opci\u00f3n de compra adicional);<\/li>\n<li>Compatibilidad RS 485 y USB para capacidades de monitoreo y configuraci\u00f3n;<\/li>\n<li>reducir el tiempo de resoluci\u00f3n de problemas mediante el monitoreo inteligente y la detecci\u00f3n de fallas a lo largo de cadenas (cadenas);<\/li>\n<li>El m\u00f3dulo PID incorporado le permite ralentizar el proceso de degradaci\u00f3n del panel y garantiza su funcionamiento a largo plazo;<\/li>\n<li>sistema de monitorizaci\u00f3n y aplicaci\u00f3n de software FusionSolar para facilitar la gesti\u00f3n de la estaci\u00f3n;<\/li>\n<li>Compatible con sistemas de monitoreo y medidores inteligentes de Huawei. Los inversores de la serie M3, al igual que los inversores de la serie M0, son compatibles con el dongle inteligente Huawei SDongleA-05 (WLAN) y Huawei SDongleA-03-EU (4G), que permite el monitoreo en tiempo real de todo el sistema;<\/li>\n<li>adecuado para uso en exteriores;<\/li>\n<li>Sistema de protecci\u00f3n inteligente: el inversor est\u00e1 protegido de forma fiable contra fallos de arco;<\/li>\n<li>Tama\u00f1o compacto, que reduce los costes de instalaci\u00f3n.<\/li>\n<\/ul>\n<p>Bajo nivel de ruido y ondas electromagn\u00e9ticas (EMI).<\/p>\n<p>Fiabilidad gracias a la tecnolog\u00eda de refrigeraci\u00f3n natural sin ventilador.<\/p>\n<p>Eficiencia m\u00e1xima del inversor 98,7% y eficiencia UE 98,4%.<\/p>\n<p>Temperatura ambiente de -25 \u00b0C a +60 \u00b0C.<\/p>\n","protected":false},"excerpt":{"rendered":"<p>Huawei SUN2000-40KTL-M3 es un inversor conectado a la red para sistemas fotovoltaicos. Convierte la corriente el\u00e9ctrica continua de alto voltaje generada por el sistema solar en corriente alterna trif\u00e1sica sinusoidal&hellip;<\/p>\n","protected":false},"featured_media":29892,"comment_status":"open","ping_status":"closed","template":"","meta":{"inline_featured_image":false},"product_brand":[],"product_cat":[373],"product_tag":[],"class_list":{"0":"post-30371","1":"product","2":"type-product","3":"status-publish","4":"has-post-thumbnail","6":"product_cat-inversores","8":"first","9":"instock","10":"shipping-taxable","11":"purchasable","12":"product-type-simple"},"_links":{"self":[{"href":"https:\/\/stg-nations.com\/es\/wp-json\/wp\/v2\/product\/30371","targetHints":{"allow":["GET"]}}],"collection":[{"href":"https:\/\/stg-nations.com\/es\/wp-json\/wp\/v2\/product"}],"about":[{"href":"https:\/\/stg-nations.com\/es\/wp-json\/wp\/v2\/types\/product"}],"replies":[{"embeddable":true,"href":"https:\/\/stg-nations.com\/es\/wp-json\/wp\/v2\/comments?post=30371"}],"wp:featuredmedia":[{"embeddable":true,"href":"https:\/\/stg-nations.com\/es\/wp-json\/wp\/v2\/media\/29892"}],"wp:attachment":[{"href":"https:\/\/stg-nations.com\/es\/wp-json\/wp\/v2\/media?parent=30371"}],"wp:term":[{"taxonomy":"product_brand","embeddable":true,"href":"https:\/\/stg-nations.com\/es\/wp-json\/wp\/v2\/product_brand?post=30371"},{"taxonomy":"product_cat","embeddable":true,"href":"https:\/\/stg-nations.com\/es\/wp-json\/wp\/v2\/product_cat?post=30371"},{"taxonomy":"product_tag","embeddable":true,"href":"https:\/\/stg-nations.com\/es\/wp-json\/wp\/v2\/product_tag?post=30371"}],"curies":[{"name":"wp","href":"https:\/\/api.w.org\/{rel}","templated":true}]}}