{"id":30370,"date":"2024-01-09T08:00:33","date_gmt":"2024-01-09T08:00:33","guid":{"rendered":"https:\/\/stg-nations.com\/product\/huawei-sun2000-50ktl-m3\/"},"modified":"2024-01-29T09:59:20","modified_gmt":"2024-01-29T09:59:20","slug":"huawei-sun2000-50ktl-m3","status":"publish","type":"product","link":"https:\/\/stg-nations.com\/es\/producto\/huawei-sun2000-50ktl-m3\/","title":{"rendered":"Huawei sun2000-50KT l-M3"},"content":{"rendered":"<p>El inversor de red trif\u00e1sico Huawei SUN2000-50KTL-M3 con una capacidad de 50 kW es una soluci\u00f3n avanzada y eficiente para plantas de energ\u00eda solar comerciales. Huawei, que ya goza de gran popularidad en todo el mundo, utiliza productos de alta calidad para conquistar nuevos mercados. Sus inversores, en particular la serie M3, se distinguen no s\u00f3lo por los modernos est\u00e1ndares de hardware y software, sino tambi\u00e9n por su dise\u00f1o y dimensiones \u00f3ptimos.<\/p>\n<p>Entre las ventajas clave del SUN2000-50KTL-M3, cabe destacar:<\/p>\n<p><strong>M\u00faltiples seguidores MPPT:<\/strong> El inversor est\u00e1 equipado con 4 seguidores MPPT con dos cadenas por seguidor. Esto permite colocar eficazmente los paneles solares en diferentes planos, asegurando la independencia de cada seguidor. La arquitectura MPPT maximiza la salida de cada cadena gracias a un algoritmo para encontrar el punto de m\u00e1xima eficiencia.<\/p>\n<p><strong>Alta eficiencia:<\/strong> SUN2000-50KTL-M3 se distingue por uno de los indicadores de eficiencia m\u00e1s altos del mercado: 98,7%. Esto garantiza una conversi\u00f3n eficiente de la corriente continua en corriente alterna destinada a alimentar los equipos el\u00e9ctricos de la casa.<\/p>\n<p><strong>Diagn\u00f3stico del sistema:<\/strong> El inversor analiza y notifica autom\u00e1ticamente al usuario cualquier mal funcionamiento, lo que permite eliminar r\u00e1pidamente las fallas y evitar fallas del sistema.<\/p>\n<p><strong>Enfriamiento eficiente:<\/strong> La refrigeraci\u00f3n del inversor se basa en convecci\u00f3n natural con ventiladores internos, lo que reduce el riesgo de da\u00f1os por polvo o humedad debido a los ventiladores externos.<\/p>\n<p><strong>Software Fusion Solar:<\/strong> La configuraci\u00f3n y el control utilizan la aplicaci\u00f3n m\u00f3vil Fusion Solar, que le permite realizar r\u00e1pidamente configuraciones b\u00e1sicas del inversor.<\/p>\n<p><strong>Alto nivel de seguridad:<\/strong> El inversor est\u00e1 integrado con un interruptor de CC y un RCD para tensi\u00f3n continua y alterna, as\u00ed como un dispositivo de desconexi\u00f3n de protecci\u00f3n (PPE), que proporciona una protecci\u00f3n confiable en condiciones de alto voltaje y posibles situaciones de emergencia.<\/p>\n","protected":false},"excerpt":{"rendered":"<p>El inversor de red trif\u00e1sico Huawei SUN2000-50KTL-M3 con una capacidad de 50 kW es una soluci\u00f3n avanzada y eficiente para plantas de energ\u00eda solar comerciales. Huawei, que ya goza de&hellip;<\/p>\n","protected":false},"featured_media":29905,"comment_status":"open","ping_status":"closed","template":"","meta":{"inline_featured_image":false},"product_brand":[],"product_cat":[373],"product_tag":[],"class_list":{"0":"post-30370","1":"product","2":"type-product","3":"status-publish","4":"has-post-thumbnail","6":"product_cat-inversores","8":"first","9":"instock","10":"shipping-taxable","11":"purchasable","12":"product-type-simple"},"_links":{"self":[{"href":"https:\/\/stg-nations.com\/es\/wp-json\/wp\/v2\/product\/30370","targetHints":{"allow":["GET"]}}],"collection":[{"href":"https:\/\/stg-nations.com\/es\/wp-json\/wp\/v2\/product"}],"about":[{"href":"https:\/\/stg-nations.com\/es\/wp-json\/wp\/v2\/types\/product"}],"replies":[{"embeddable":true,"href":"https:\/\/stg-nations.com\/es\/wp-json\/wp\/v2\/comments?post=30370"}],"wp:featuredmedia":[{"embeddable":true,"href":"https:\/\/stg-nations.com\/es\/wp-json\/wp\/v2\/media\/29905"}],"wp:attachment":[{"href":"https:\/\/stg-nations.com\/es\/wp-json\/wp\/v2\/media?parent=30370"}],"wp:term":[{"taxonomy":"product_brand","embeddable":true,"href":"https:\/\/stg-nations.com\/es\/wp-json\/wp\/v2\/product_brand?post=30370"},{"taxonomy":"product_cat","embeddable":true,"href":"https:\/\/stg-nations.com\/es\/wp-json\/wp\/v2\/product_cat?post=30370"},{"taxonomy":"product_tag","embeddable":true,"href":"https:\/\/stg-nations.com\/es\/wp-json\/wp\/v2\/product_tag?post=30370"}],"curies":[{"name":"wp","href":"https:\/\/api.w.org\/{rel}","templated":true}]}}