{"id":30369,"date":"2024-01-09T08:04:56","date_gmt":"2024-01-09T08:04:56","guid":{"rendered":"https:\/\/stg-nations.com\/product\/huawei-sun2000-100ktl-m2\/"},"modified":"2024-01-27T15:09:22","modified_gmt":"2024-01-27T15:09:22","slug":"huawei-sun2000-100ktl-m2","status":"publish","type":"product","link":"https:\/\/stg-nations.com\/es\/producto\/huawei-sun2000-100ktl-m2\/","title":{"rendered":"Huawei SUN2000-100KTL-M2"},"content":{"rendered":"<p>HUAWEI SUN 2000-100KTL-M2 es un convertidor de corriente de cadena trif\u00e1sico altamente eficiente especialmente dise\u00f1ado para grandes plantas de energ\u00eda solar comerciales e industriales. Con su potencia de 100 kW, este inversor es ideal para instalaciones fotovoltaicas tanto en suelo como en tejado.<\/p>\n<p>La funci\u00f3n principal de un inversor solar es convertir la corriente continua recibida de los paneles solares en corriente alterna apta para su entrada a la red el\u00e9ctrica general o para alimentar a los usuarios finales. Mientras acelera el rendimiento de los campos fotovoltaicos, el HUAWEI SUN 2000-100KTL-M2 tambi\u00e9n monitorea los par\u00e1metros del sistema, garantizando la seguridad del equipo.<\/p>\n<p>Caracter\u00edsticas principales de HUAWEI SUN 2000-100KTL-M2:<\/p>\n<p><strong>Eficiencia de conversi\u00f3n de corriente:<\/strong> Proporciona un alto nivel de eficiencia de conversi\u00f3n de corriente del 98,4% al 98,6% seg\u00fan los est\u00e1ndares de la Uni\u00f3n Europea.<\/p>\n<p><strong>Voltaje de entrada:<\/strong> El voltaje de entrada m\u00e1ximo es 1100 V y el voltaje de arranque es 200 V.<\/p>\n<p><strong>Seguidores de seguimiento del punto de m\u00e1xima potencia (MPPT):<\/strong> Equipados con 10 MPPT y 20 entradas, lo que le permite rastrear y maximizar de manera efectiva la producci\u00f3n de energ\u00eda solar.<\/p>\n<p><strong>Corriente m\u00e1xima para MPRT:<\/strong> Cada MPRT admite una corriente m\u00e1xima de 26 A y una corriente sin carga de 40 A.<\/p>\n<p><strong>Rango de voltaje de operaci\u00f3n MRRT:<\/strong> Amplio rango de voltaje de operaci\u00f3n MRRT de 200V a 1000V.<\/p>\n<p><strong>Potencia:<\/strong> La potencia activa nominal es de 100 kW, y la m\u00e1xima es de 110 kW.<\/p>\n<p>HUAWEI SUN 2000-100KTL-M2 es una soluci\u00f3n confiable y productiva para plantas de energ\u00eda solar que combina alta potencia y tecnolog\u00edas avanzadas para garantizar un funcionamiento estable y eficiente.<\/p>\n","protected":false},"excerpt":{"rendered":"<p>HUAWEI SUN 2000-100KTL-M2 es un convertidor de corriente de cadena trif\u00e1sico altamente eficiente especialmente dise\u00f1ado para grandes plantas de energ\u00eda solar comerciales e industriales. Con su potencia de 100 kW,&hellip;<\/p>\n","protected":false},"featured_media":29922,"comment_status":"open","ping_status":"closed","template":"","meta":{"inline_featured_image":false},"product_brand":[],"product_cat":[373],"product_tag":[],"class_list":{"0":"post-30369","1":"product","2":"type-product","3":"status-publish","4":"has-post-thumbnail","6":"product_cat-inversores","8":"first","9":"instock","10":"shipping-taxable","11":"purchasable","12":"product-type-simple"},"_links":{"self":[{"href":"https:\/\/stg-nations.com\/es\/wp-json\/wp\/v2\/product\/30369","targetHints":{"allow":["GET"]}}],"collection":[{"href":"https:\/\/stg-nations.com\/es\/wp-json\/wp\/v2\/product"}],"about":[{"href":"https:\/\/stg-nations.com\/es\/wp-json\/wp\/v2\/types\/product"}],"replies":[{"embeddable":true,"href":"https:\/\/stg-nations.com\/es\/wp-json\/wp\/v2\/comments?post=30369"}],"wp:featuredmedia":[{"embeddable":true,"href":"https:\/\/stg-nations.com\/es\/wp-json\/wp\/v2\/media\/29922"}],"wp:attachment":[{"href":"https:\/\/stg-nations.com\/es\/wp-json\/wp\/v2\/media?parent=30369"}],"wp:term":[{"taxonomy":"product_brand","embeddable":true,"href":"https:\/\/stg-nations.com\/es\/wp-json\/wp\/v2\/product_brand?post=30369"},{"taxonomy":"product_cat","embeddable":true,"href":"https:\/\/stg-nations.com\/es\/wp-json\/wp\/v2\/product_cat?post=30369"},{"taxonomy":"product_tag","embeddable":true,"href":"https:\/\/stg-nations.com\/es\/wp-json\/wp\/v2\/product_tag?post=30369"}],"curies":[{"name":"wp","href":"https:\/\/api.w.org\/{rel}","templated":true}]}}