{"id":30368,"date":"2024-01-09T10:55:36","date_gmt":"2024-01-09T10:55:36","guid":{"rendered":"https:\/\/stg-nations.com\/product\/smartlogger-3000-a01-without-mbus\/"},"modified":"2024-01-27T15:09:25","modified_gmt":"2024-01-27T15:09:25","slug":"smartlogger-3000-a01-without-mbus","status":"publish","type":"product","link":"https:\/\/stg-nations.com\/es\/producto\/smartlogger-3000-a01-without-mbus\/","title":{"rendered":"SmartLogger 3000 A01 (sin MBUS)"},"content":{"rendered":"<p>Registrador inteligente HUAWEI 3000A01<br \/>\nsin comunicaci\u00f3n MBUS<\/p>\n<p>Huawei Smart Logger 3000A est\u00e1 dise\u00f1ado para monitorear y controlar el sistema fotovoltaico de generaci\u00f3n de electricidad. Puede conectar hasta 80 dispositivos y monitorear de forma centralizada informaci\u00f3n sobre los m\u00f3dulos solares e inversores conectados.<\/p>\n<p>caracter\u00edsticas:<\/p>\n<p>Control remoto de potencia activa y reactiva.<br \/>\nAdmite USB e Internet para leer datos y actualizar software<br \/>\nInterface de comunicaci\u00f3n:<br \/>\n&#8211; admite red 4G (sin interfaz de comunicaci\u00f3n MBUS)<br \/>\n&#8211; a trav\u00e9s de Internet (WAN)<br \/>\n&#8211; red local (LAN)<br \/>\n&#8211; RS485 (distancia de comunicaci\u00f3n confiable 1000 m)<br \/>\nDise\u00f1o inteligente de control de exportaci\u00f3n cero<br \/>\nF\u00e1cil de instalar en el sitio<br \/>\nMontaje en pared, montaje en carril DIN, montaje en mesa<br \/>\nSeguridad con m\u00f3dulo de protecci\u00f3n contra rayos<br \/>\nTama\u00f1o (An x Al x Pr): 225 x 160 x 44 mm<br \/>\nPeso: 2 kilos<br \/>\nM\u00e1s informaci\u00f3n:<\/p>\n<p>Especificaci\u00f3n del HUAWEI SmartLogger 3000A<br \/>\nHUAWEI SmartLogger 3000 Manual del usuario<br \/>\nGu\u00eda r\u00e1pida de HUAWEI SmartLogger 3000A<br \/>\nReemplazo de SmartLogger1000A con SmartLogger3000 Gu\u00eda r\u00e1pida<\/p>\n","protected":false},"excerpt":{"rendered":"<p>Registrador inteligente HUAWEI 3000A01 sin comunicaci\u00f3n MBUS Huawei Smart Logger 3000A est\u00e1 dise\u00f1ado para monitorear y controlar el sistema fotovoltaico de generaci\u00f3n de electricidad. Puede conectar hasta 80 dispositivos y&hellip;<\/p>\n","protected":false},"featured_media":29927,"comment_status":"open","ping_status":"closed","template":"","meta":{"inline_featured_image":false},"product_brand":[],"product_cat":[373],"product_tag":[],"class_list":{"0":"post-30368","1":"product","2":"type-product","3":"status-publish","4":"has-post-thumbnail","6":"product_cat-inversores","8":"first","9":"instock","10":"shipping-taxable","11":"purchasable","12":"product-type-simple"},"_links":{"self":[{"href":"https:\/\/stg-nations.com\/es\/wp-json\/wp\/v2\/product\/30368","targetHints":{"allow":["GET"]}}],"collection":[{"href":"https:\/\/stg-nations.com\/es\/wp-json\/wp\/v2\/product"}],"about":[{"href":"https:\/\/stg-nations.com\/es\/wp-json\/wp\/v2\/types\/product"}],"replies":[{"embeddable":true,"href":"https:\/\/stg-nations.com\/es\/wp-json\/wp\/v2\/comments?post=30368"}],"wp:featuredmedia":[{"embeddable":true,"href":"https:\/\/stg-nations.com\/es\/wp-json\/wp\/v2\/media\/29927"}],"wp:attachment":[{"href":"https:\/\/stg-nations.com\/es\/wp-json\/wp\/v2\/media?parent=30368"}],"wp:term":[{"taxonomy":"product_brand","embeddable":true,"href":"https:\/\/stg-nations.com\/es\/wp-json\/wp\/v2\/product_brand?post=30368"},{"taxonomy":"product_cat","embeddable":true,"href":"https:\/\/stg-nations.com\/es\/wp-json\/wp\/v2\/product_cat?post=30368"},{"taxonomy":"product_tag","embeddable":true,"href":"https:\/\/stg-nations.com\/es\/wp-json\/wp\/v2\/product_tag?post=30368"}],"curies":[{"name":"wp","href":"https:\/\/api.w.org\/{rel}","templated":true}]}}