{"id":30367,"date":"2024-01-09T11:06:54","date_gmt":"2024-01-09T11:06:54","guid":{"rendered":"https:\/\/stg-nations.com\/product\/wifi-dongle-fe\/"},"modified":"2024-01-27T13:52:29","modified_gmt":"2024-01-27T13:52:29","slug":"wifi-dongle-fe","status":"publish","type":"product","link":"https:\/\/stg-nations.com\/es\/producto\/wifi-dongle-fe\/","title":{"rendered":"Dongle WiFi FE"},"content":{"rendered":"<p>M\u00f3dem para monitorizaci\u00f3n WiFi de inversores Huawei. Dise\u00f1ado para 10 dispositivos conectados v\u00eda USB.<\/p>\n<p>Caracter\u00edsticas del Dongle Inteligente WLAN-FE de Huawei:<\/p>\n<ul>\n<li>&#8211; WPA, WPA2, WEP &#8211; cifrado.<\/li>\n<li>&#8211; STA \u2013 modo de operaci\u00f3n.<\/li>\n<li>&#8211; 2,5 W &#8211; consumo.<\/li>\n<li>&#8211; Certificaci\u00f3n oficial.<\/li>\n<li>&#8211; -30 grados. C es la temperatura m\u00ednima permitida del medio.<\/li>\n<li>\u2013 65 grados. C es la temperatura m\u00e1xima permitida.<\/li>\n<li>&#8211; Enfriamiento natural.<\/li>\n<li>&#8211; 90 g &#8211; peso.<\/li>\n<li>&#8211; Disponibilidad de reconexi\u00f3n autom\u00e1tica.<\/li>\n<li>&#8211; 33 x 48 x 146 &#8211; dimensiones mm.<\/li>\n<li>&#8211; Hay m\u00e1s informaci\u00f3n en las Especificaciones.<\/li>\n<\/ul>\n<p><b>Caracter\u00edsticas t\u00e9cnicas:<\/b><\/p>\n<ul>\n<li>Interfaz de conexi\u00f3n: USB<\/li>\n<li>Instalaci\u00f3n: Plug-and-play<\/li>\n<li>Indicador: indicador LED LED<\/li>\n<li>Dimensiones (ancho x alto x profundidad): 130 x 48 x 33 mm (5,1 x 1,9 x 1,3 pulgadas)<\/li>\n<li>Peso: 90 g (0,2 lb)<\/li>\n<li>Grado de protecci\u00f3n: IP65<\/li>\n<li>Potencia (t\u00edpica): 2W<\/li>\n<\/ul>\n<p><b>Opciones inal\u00e1mbricas:<\/b><\/p>\n<ul>\n<li>Tipo de tarjeta SIM: &#8211;<\/li>\n<li>Est\u00e1ndares y frecuencias admitidos: 802.11 b\/g\/n 2,4 GHz<\/li>\n<\/ul>\n<p><b>Medio ambiente<\/b>:<\/p>\n<ul>\n<li>Rango de temperatura de funcionamiento: -30 \u2103 ~ +65 \u2103 (-22 \u2109 ~ 149 \u2109)<\/li>\n<li>Rango de humedad relativa: 5-95 %<\/li>\n<li>Rango de temperatura de almacenamiento: -40 \u2103 ~ +70 \u2103 (-40 \u2109 ~ 158 \u2109)<\/li>\n<li>M\u00e1ximo. altitud de funcionamiento: 4.000 m (13.123 pies)<\/li>\n<\/ul>\n<p><b>Est\u00e1ndares:<\/b><\/p>\n<ul>\n<li>Certificados: CE, RCM<\/li>\n<\/ul>\n<p><b>Compatibilidad con inversor:<\/b><\/p>\n<ul>\n<li>Modelo de inversor: SUN2000-3\/4\/5\/6\/8\/10KTL-M0 Sun2000-12\/15\/17\/20KTL-M0<\/li>\n<\/ul>\n","protected":false},"excerpt":{"rendered":"<p>M\u00f3dem para monitorizaci\u00f3n WiFi de inversores Huawei. Dise\u00f1ado para 10 dispositivos conectados v\u00eda USB. Caracter\u00edsticas del Dongle Inteligente WLAN-FE de Huawei: &#8211; WPA, WPA2, WEP &#8211; cifrado. &#8211; STA \u2013&hellip;<\/p>\n","protected":false},"featured_media":29945,"comment_status":"open","ping_status":"closed","template":"","meta":{"inline_featured_image":false},"product_brand":[],"product_cat":[370],"product_tag":[],"class_list":{"0":"post-30367","1":"product","2":"type-product","3":"status-publish","4":"has-post-thumbnail","6":"product_cat-componente","8":"first","9":"instock","10":"shipping-taxable","11":"purchasable","12":"product-type-simple"},"_links":{"self":[{"href":"https:\/\/stg-nations.com\/es\/wp-json\/wp\/v2\/product\/30367","targetHints":{"allow":["GET"]}}],"collection":[{"href":"https:\/\/stg-nations.com\/es\/wp-json\/wp\/v2\/product"}],"about":[{"href":"https:\/\/stg-nations.com\/es\/wp-json\/wp\/v2\/types\/product"}],"replies":[{"embeddable":true,"href":"https:\/\/stg-nations.com\/es\/wp-json\/wp\/v2\/comments?post=30367"}],"wp:featuredmedia":[{"embeddable":true,"href":"https:\/\/stg-nations.com\/es\/wp-json\/wp\/v2\/media\/29945"}],"wp:attachment":[{"href":"https:\/\/stg-nations.com\/es\/wp-json\/wp\/v2\/media?parent=30367"}],"wp:term":[{"taxonomy":"product_brand","embeddable":true,"href":"https:\/\/stg-nations.com\/es\/wp-json\/wp\/v2\/product_brand?post=30367"},{"taxonomy":"product_cat","embeddable":true,"href":"https:\/\/stg-nations.com\/es\/wp-json\/wp\/v2\/product_cat?post=30367"},{"taxonomy":"product_tag","embeddable":true,"href":"https:\/\/stg-nations.com\/es\/wp-json\/wp\/v2\/product_tag?post=30367"}],"curies":[{"name":"wp","href":"https:\/\/api.w.org\/{rel}","templated":true}]}}