{"id":30366,"date":"2024-01-09T11:04:01","date_gmt":"2024-01-09T11:04:01","guid":{"rendered":"https:\/\/stg-nations.com\/product\/smartlogger-3000-a01-with-mbus\/"},"modified":"2024-10-24T17:55:41","modified_gmt":"2024-10-24T17:55:41","slug":"smartlogger-3000-a01-with-mbus","status":"publish","type":"product","link":"https:\/\/stg-nations.com\/es\/producto\/smartlogger-3000-a01-with-mbus\/","title":{"rendered":"SmartLogger 3000 A01 (con MBUS)"},"content":{"rendered":"<p>Huawei Smart Logger 3000A con panel de monitoreo MBUS. Apto para inversores Huawei, monitoriza la cantidad de electricidad consumida en ese momento y da una se\u00f1al al inversor para que no genere m\u00e1s energ\u00eda.<\/p>\n<h3>B\u00e1sico:<\/h3>\n<ul>\n<li>tipo: panel de seguimiento;<\/li>\n<li>finalidad: para la integraci\u00f3n en sistemas de monitoreo;<\/li>\n<li>interfaz: Ethernet;<\/li>\n<li>RS485.<\/li>\n<\/ul>\n<h3>Caracter\u00edsticas t\u00e9cnicas:<\/h3>\n<ul>\n<li>el n\u00famero m\u00e1ximo de dispositivos compatibles es 80;<\/li>\n<li>corriente 3000 A;<\/li>\n<li>Comunicaciones Ethernet: ETH x 1, 10\/100\/1000 Mbps;<\/li>\n<li>RS485: COM x 3, 2400\/4800\/9600\/19200\/115200 bps, 1000 m;<\/li>\n<li>Protocolos de comunicaci\u00f3n Ethernet: ModBus-TCP, IEC 60870-5-104;<\/li>\n<li>RS485 &#8211; Modbus-RTU, IEC 60870-5-103 (est\u00e1ndar), DL\/T645.<\/li>\n<\/ul>\n","protected":false},"excerpt":{"rendered":"<p>Huawei Smart Logger 3000A con panel de monitoreo MBUS. Apto para inversores Huawei, monitoriza la cantidad de electricidad consumida en ese momento y da una se\u00f1al al inversor para que&hellip;<\/p>\n","protected":false},"featured_media":29940,"comment_status":"open","ping_status":"closed","template":"","meta":{"inline_featured_image":false},"product_brand":[],"product_cat":[370],"product_tag":[],"class_list":{"0":"post-30366","1":"product","2":"type-product","3":"status-publish","4":"has-post-thumbnail","6":"product_cat-componente","8":"first","9":"instock","10":"shipping-taxable","11":"purchasable","12":"product-type-simple"},"_links":{"self":[{"href":"https:\/\/stg-nations.com\/es\/wp-json\/wp\/v2\/product\/30366","targetHints":{"allow":["GET"]}}],"collection":[{"href":"https:\/\/stg-nations.com\/es\/wp-json\/wp\/v2\/product"}],"about":[{"href":"https:\/\/stg-nations.com\/es\/wp-json\/wp\/v2\/types\/product"}],"replies":[{"embeddable":true,"href":"https:\/\/stg-nations.com\/es\/wp-json\/wp\/v2\/comments?post=30366"}],"wp:featuredmedia":[{"embeddable":true,"href":"https:\/\/stg-nations.com\/es\/wp-json\/wp\/v2\/media\/29940"}],"wp:attachment":[{"href":"https:\/\/stg-nations.com\/es\/wp-json\/wp\/v2\/media?parent=30366"}],"wp:term":[{"taxonomy":"product_brand","embeddable":true,"href":"https:\/\/stg-nations.com\/es\/wp-json\/wp\/v2\/product_brand?post=30366"},{"taxonomy":"product_cat","embeddable":true,"href":"https:\/\/stg-nations.com\/es\/wp-json\/wp\/v2\/product_cat?post=30366"},{"taxonomy":"product_tag","embeddable":true,"href":"https:\/\/stg-nations.com\/es\/wp-json\/wp\/v2\/product_tag?post=30366"}],"curies":[{"name":"wp","href":"https:\/\/api.w.org\/{rel}","templated":true}]}}