{"id":30365,"date":"2024-01-09T11:09:14","date_gmt":"2024-01-09T11:09:14","guid":{"rendered":"https:\/\/stg-nations.com\/product\/4g-dongle\/"},"modified":"2024-01-29T12:33:42","modified_gmt":"2024-01-29T12:33:42","slug":"4g-dongle","status":"publish","type":"product","link":"https:\/\/stg-nations.com\/es\/producto\/4g-dongle\/","title":{"rendered":"Dongle  4G"},"content":{"rendered":"<p>El m\u00f3dem m\u00f3vil ALINK &#8211; LTE 4G USB WiFi Dongle se diferencia de los modelos de m\u00f3dem normales por la presencia de un m\u00f3dulo WiFi incorporado que proporciona conexi\u00f3n inal\u00e1mbrica a Internet a 10 usuarios al mismo tiempo.<br \/>\nEl peso ligero y las dimensiones compactas le permiten llevar el dispositivo siempre consigo. Tampoco habr\u00e1 problemas con el transporte.<\/p>\n<h2>Las principales ventajas de un router WiFi<\/h2>\n<p>Este modelo de dispositivo proporcionar\u00e1 al usuario Internet, cuya velocidad alcanza los 150 Mbit\/s. De este modo, podr\u00e1 ocuparse de resolver todos los problemas de la red.<br \/>\nEl m\u00f3dem USB funciona con los est\u00e1ndares LTE FDD, LTE TDD, WCDMA\/HSPA+ con todos los operadores m\u00f3viles ucranianos:<\/p>\n<ul>\n<li>C\u00e9lula de vida<\/li>\n<li>Estrella de Kiev<\/li>\n<li>Vodafone<\/li>\n<\/ul>\n<p>Si es necesario, en las p\u00e1ginas de nuestra tienda online podr\u00e1s elegir cualquier plan tarifario con condiciones favorables para ti.<br \/>\nEl m\u00f3dulo WiFi incorporado proporciona conexi\u00f3n simult\u00e1nea a una red inal\u00e1mbrica de hasta 10 dispositivos.<br \/>\nLa compatibilidad con una tarjeta de memoria de hasta 32 GB permite al usuario almacenar todos los documentos e im\u00e1genes necesarios en el m\u00f3dem.<\/p>\n<p>El panel frontal tiene indicadores de tipo de red y WiFi. El cuerpo del dispositivo est\u00e1 fabricado de un material duradero y de alta calidad que proporciona una protecci\u00f3n fiable contra da\u00f1os.<\/p>\n<p>La facilidad de uso es una de las ventajas de este modelo de dispositivo. Para comenzar, el usuario simplemente necesita insertar la tarjeta SIM del operador en la ranura del m\u00f3dem y luego conectarla a una computadora port\u00e1til, PC, Power Bank u otros dispositivos. El m\u00f3dem m\u00f3vil admite Plug &amp; Jugar.<\/p>\n<p>Podr\u00e1s comprar el m\u00f3dem Dongle ALINK &#8211; LTE 4G USB WiFi en nuestra tienda online en tan solo unos minutos, y si tienes alguna duda, puedes contactar con nuestros t\u00e9cnicos expertos.<\/p>\n","protected":false},"excerpt":{"rendered":"<p>El m\u00f3dem m\u00f3vil ALINK &#8211; LTE 4G USB WiFi Dongle se diferencia de los modelos de m\u00f3dem normales por la presencia de un m\u00f3dulo WiFi incorporado que proporciona conexi\u00f3n inal\u00e1mbrica&hellip;<\/p>\n","protected":false},"featured_media":29950,"comment_status":"open","ping_status":"closed","template":"","meta":{"inline_featured_image":false},"product_brand":[],"product_cat":[370],"product_tag":[],"class_list":{"0":"post-30365","1":"product","2":"type-product","3":"status-publish","4":"has-post-thumbnail","6":"product_cat-componente","8":"first","9":"instock","10":"shipping-taxable","11":"purchasable","12":"product-type-simple"},"_links":{"self":[{"href":"https:\/\/stg-nations.com\/es\/wp-json\/wp\/v2\/product\/30365","targetHints":{"allow":["GET"]}}],"collection":[{"href":"https:\/\/stg-nations.com\/es\/wp-json\/wp\/v2\/product"}],"about":[{"href":"https:\/\/stg-nations.com\/es\/wp-json\/wp\/v2\/types\/product"}],"replies":[{"embeddable":true,"href":"https:\/\/stg-nations.com\/es\/wp-json\/wp\/v2\/comments?post=30365"}],"wp:featuredmedia":[{"embeddable":true,"href":"https:\/\/stg-nations.com\/es\/wp-json\/wp\/v2\/media\/29950"}],"wp:attachment":[{"href":"https:\/\/stg-nations.com\/es\/wp-json\/wp\/v2\/media?parent=30365"}],"wp:term":[{"taxonomy":"product_brand","embeddable":true,"href":"https:\/\/stg-nations.com\/es\/wp-json\/wp\/v2\/product_brand?post=30365"},{"taxonomy":"product_cat","embeddable":true,"href":"https:\/\/stg-nations.com\/es\/wp-json\/wp\/v2\/product_cat?post=30365"},{"taxonomy":"product_tag","embeddable":true,"href":"https:\/\/stg-nations.com\/es\/wp-json\/wp\/v2\/product_tag?post=30365"}],"curies":[{"name":"wp","href":"https:\/\/api.w.org\/{rel}","templated":true}]}}