{"id":30364,"date":"2024-01-09T11:12:13","date_gmt":"2024-01-09T11:12:13","guid":{"rendered":"https:\/\/stg-nations.com\/product\/dtsu-666-h-250-a\/"},"modified":"2024-01-27T13:46:16","modified_gmt":"2024-01-27T13:46:16","slug":"dtsu-666-h-250-a","status":"publish","type":"product","link":"https:\/\/stg-nations.com\/es\/producto\/dtsu-666-h-250-a\/","title":{"rendered":"DTSU 666-H 250A"},"content":{"rendered":"<p>El medidor inteligente Huawei DTSU666-H 250A\/50mA es un dispositivo multifuncional trif\u00e1sico que se utiliza para medir caracter\u00edsticas en una red de bajo voltaje. Es un componente importante del nodo contable de las plantas de energ\u00eda solar dom\u00e9sticas y comerciales y otras instalaciones de energ\u00eda alternativa. El uso de este dispositivo es relevante en presencia tanto de consumo propio como de generaci\u00f3n a la red externa.<\/p>\n<p>Caracter\u00edsticas principales:<\/p>\n<ul>\n<li>tensi\u00f3n nominal 230 V\/400 V CA;<\/li>\n<li>rango de voltaje de l\u00ednea: de 304 a 499;<\/li>\n<li>Rango de fase U: de 176 a 288;<\/li>\n<li>corriente de entrada 0-250 A;<\/li>\n<li>Precisi\u00f3n de medici\u00f3n: voltaje \u2013 \u00b10,5%, corriente y energ\u00eda \u2013 \u00b11%, frecuencia \u2013 \u00b10,01 Hz;<\/li>\n<li>configuraci\u00f3n de red: 3P4W o 3P3W;<\/li>\n<li>temperatura de trabajo -40 grados. ~ +70 grados.<\/li>\n<\/ul>\n<p>El medidor Huawei DTSU666-H 250A\/50mA tiene las siguientes caracter\u00edsticas:<\/p>\n<ul>\n<li>El fusible y el termistor incorporados protegen contra cortocircuitos externos;<\/li>\n<li>El contador inteligente puede limitar la generaci\u00f3n seg\u00fan el consumo propio: el exceso de energ\u00eda no se transferir\u00e1 a la red;<\/li>\n<li>La transmisi\u00f3n de datos inal\u00e1mbrica en tiempo real se proporciona a trav\u00e9s de la interfaz de comunicaci\u00f3n RS-485;<\/li>\n<li>monitoreo inteligente de cantidades el\u00e9ctricas b\u00e1sicas: potencia activa\/reactiva, corriente, voltaje de una red de corriente alterna trif\u00e1sica;<\/li>\n<li>Pantalla LCD, configuraci\u00f3n sencilla y comprobaci\u00f3n c\u00f3moda;<\/li>\n<li>f\u00e1cil instalaci\u00f3n en carril DIN est\u00e1ndar de 35 mm2.<\/li>\n<\/ul>\n<p>Huawei DTSU666-H 250A\/50mA es adecuado para instalaci\u00f3n en interiores y exteriores.<\/p>\n","protected":false},"excerpt":{"rendered":"<p>El medidor inteligente Huawei DTSU666-H 250A\/50mA es un dispositivo multifuncional trif\u00e1sico que se utiliza para medir caracter\u00edsticas en una red de bajo voltaje. Es un componente importante del nodo contable&hellip;<\/p>\n","protected":false},"featured_media":29959,"comment_status":"open","ping_status":"closed","template":"","meta":{"inline_featured_image":false},"product_brand":[],"product_cat":[370],"product_tag":[],"class_list":{"0":"post-30364","1":"product","2":"type-product","3":"status-publish","4":"has-post-thumbnail","6":"product_cat-componente","8":"first","9":"instock","10":"shipping-taxable","11":"product-type-simple"},"_links":{"self":[{"href":"https:\/\/stg-nations.com\/es\/wp-json\/wp\/v2\/product\/30364","targetHints":{"allow":["GET"]}}],"collection":[{"href":"https:\/\/stg-nations.com\/es\/wp-json\/wp\/v2\/product"}],"about":[{"href":"https:\/\/stg-nations.com\/es\/wp-json\/wp\/v2\/types\/product"}],"replies":[{"embeddable":true,"href":"https:\/\/stg-nations.com\/es\/wp-json\/wp\/v2\/comments?post=30364"}],"wp:featuredmedia":[{"embeddable":true,"href":"https:\/\/stg-nations.com\/es\/wp-json\/wp\/v2\/media\/29959"}],"wp:attachment":[{"href":"https:\/\/stg-nations.com\/es\/wp-json\/wp\/v2\/media?parent=30364"}],"wp:term":[{"taxonomy":"product_brand","embeddable":true,"href":"https:\/\/stg-nations.com\/es\/wp-json\/wp\/v2\/product_brand?post=30364"},{"taxonomy":"product_cat","embeddable":true,"href":"https:\/\/stg-nations.com\/es\/wp-json\/wp\/v2\/product_cat?post=30364"},{"taxonomy":"product_tag","embeddable":true,"href":"https:\/\/stg-nations.com\/es\/wp-json\/wp\/v2\/product_tag?post=30364"}],"curies":[{"name":"wp","href":"https:\/\/api.w.org\/{rel}","templated":true}]}}