{"id":30363,"date":"2024-01-09T11:14:30","date_gmt":"2024-01-09T11:14:30","guid":{"rendered":"https:\/\/stg-nations.com\/product\/dtsu-666-hw\/"},"modified":"2024-10-22T11:11:54","modified_gmt":"2024-10-22T11:11:54","slug":"dtsu-666-hw","status":"publish","type":"product","link":"https:\/\/stg-nations.com\/es\/producto\/dtsu-666-hw\/","title":{"rendered":"DTSU 666-HW"},"content":{"rendered":"<p><strong>Cualquier contador inteligente es un componente importante de una planta de energ\u00eda solar de red<\/strong>, porque desempe\u00f1a el papel de contador. Pero este dispositivo es especialmente relevante para este tipo de SES, que est\u00e1n destinados a alimentar objetos de tipo industrial o para consumo propio. El medidor inteligente <strong>DTSU666-HW<\/strong> de <strong>Huawei<\/strong> es muy popular en el mercado. Se distingue por un precio asequible y altas caracter\u00edsticas t\u00e9cnicas. <strong>Dise\u00f1ado para funcionar en red trif\u00e1sica<\/strong>, por lo que se utiliza principalmente para hogar o peque\u00f1o negocio.<\/p>\n<p>El dispositivo tiene la capacidad de monitorear la energ\u00eda generada, la potencia reactiva o activa consumida, monitoreo en tiempo real de los par\u00e1metros de la red y la estaci\u00f3n.<\/p>\n<p>El rango de voltaje de entrada (fase) es de 52 V a 577 V. El valor de la corriente de entrada es de hasta <strong>80A<\/strong>. Precisi\u00f3n de las mediciones: voltaje \u2013 \u00b10,5%, corriente \u2013 \u00b11%, frecuencia \u2013 \u00b10,01Hz.<\/p>\n<p><strong>La peculiaridad del dispositivo es que puede funcionar con transformadores de corriente de hasta 1000A.<\/strong><\/p>\n<p><strong>C\u00f3mo utilizar:<\/strong><\/p>\n<ul>\n<li>\u200bEn una red dom\u00e9stica e industrial ordinaria. En ocasiones la red requiere limitar la potencia activa en un punto concreto. El medidor recopila informaci\u00f3n sobre su potencia y, en consecuencia, controla la potencia de salida del inversor. Es recomendable utilizar un medidor de este tipo al conectar un sistema de bater\u00edas a una red dom\u00e9stica, de oficina o industrial para aumentar la capacidad de la red.<\/li>\n<\/ul>\n<p>Montado sobre carril DIN35. El peso es de 0,5 kg, las dimensiones son 100x72x80mm. Apto tanto para uso interior como exterior (-25 C<sup>o<\/sup> a +60 C<sup>o<\/sup>).<\/p>\n","protected":false},"excerpt":{"rendered":"<p>Cualquier contador inteligente es un componente importante de una planta de energ\u00eda solar de red, porque desempe\u00f1a el papel de contador. Pero este dispositivo es especialmente relevante para este tipo&hellip;<\/p>\n","protected":false},"featured_media":29964,"comment_status":"open","ping_status":"closed","template":"","meta":{"inline_featured_image":false},"product_brand":[],"product_cat":[370],"product_tag":[],"class_list":{"0":"post-30363","1":"product","2":"type-product","3":"status-publish","4":"has-post-thumbnail","6":"product_cat-componente","8":"first","9":"instock","10":"shipping-taxable","11":"purchasable","12":"product-type-simple"},"_links":{"self":[{"href":"https:\/\/stg-nations.com\/es\/wp-json\/wp\/v2\/product\/30363","targetHints":{"allow":["GET"]}}],"collection":[{"href":"https:\/\/stg-nations.com\/es\/wp-json\/wp\/v2\/product"}],"about":[{"href":"https:\/\/stg-nations.com\/es\/wp-json\/wp\/v2\/types\/product"}],"replies":[{"embeddable":true,"href":"https:\/\/stg-nations.com\/es\/wp-json\/wp\/v2\/comments?post=30363"}],"wp:featuredmedia":[{"embeddable":true,"href":"https:\/\/stg-nations.com\/es\/wp-json\/wp\/v2\/media\/29964"}],"wp:attachment":[{"href":"https:\/\/stg-nations.com\/es\/wp-json\/wp\/v2\/media?parent=30363"}],"wp:term":[{"taxonomy":"product_brand","embeddable":true,"href":"https:\/\/stg-nations.com\/es\/wp-json\/wp\/v2\/product_brand?post=30363"},{"taxonomy":"product_cat","embeddable":true,"href":"https:\/\/stg-nations.com\/es\/wp-json\/wp\/v2\/product_cat?post=30363"},{"taxonomy":"product_tag","embeddable":true,"href":"https:\/\/stg-nations.com\/es\/wp-json\/wp\/v2\/product_tag?post=30363"}],"curies":[{"name":"wp","href":"https:\/\/api.w.org\/{rel}","templated":true}]}}