{"id":30360,"date":"2024-01-09T11:29:16","date_gmt":"2024-01-09T11:29:16","guid":{"rendered":"https:\/\/stg-nations.com\/product\/fronius-primo-6-0-1-m\/"},"modified":"2024-01-27T15:09:47","modified_gmt":"2024-01-27T15:09:47","slug":"fronius-primo-6-0-1-m","status":"publish","type":"product","link":"https:\/\/stg-nations.com\/es\/producto\/fronius-primo-6-0-1-m\/","title":{"rendered":"Fronius Primo 6.0-1-M"},"content":{"rendered":"<p>El inversor de red<strong>Fronius Primo 6.0-1<\/strong> es un inversor monof\u00e1sico sin transformador para sistemas de cualquier tama\u00f1o. El alto voltaje del sistema, el amplio rango de voltaje de entrada y dos rastreadores MPPT brindan la m\u00e1xima flexibilidad en el dise\u00f1o del sistema. La interfaz est\u00e1ndar para conectarse a Internet a trav\u00e9s de WLAN o Ethernet y la facilidad de integraci\u00f3n de componentes de terceros hacen del Fronius Symo uno de los inversores m\u00e1s comunicativos del mercado.<\/p>\n<p><strong>Caracter\u00edsticas:<\/strong><\/p>\n<ul>\n<li>Apto para todas las tecnolog\u00edas modulares porque tiene aislamiento galv\u00e1nico;<\/li>\n<li>La presencia de 2 seguidores MPPT le permite colocar conjuntos de paneles solares en dos planos diferentes manteniendo su funcionamiento m\u00e1ximo eficiente;<\/li>\n<li>Sistema de bisagra simple para una instalaci\u00f3n r\u00e1pida y c\u00f3moda;<\/li>\n<li>Peso reducido, dimensiones compactas;<\/li>\n<li>Posibilidad de instalaci\u00f3n tanto en el interior como en el exterior de la vivienda (Clase de protecci\u00f3n IP 65);<\/li>\n<li>Funci\u00f3n de registro de datos integrada;<\/li>\n<li>F\u00e1cil conexi\u00f3n a Internet a trav\u00e9s de WLAN;<\/li>\n<li>Alta eficiencia del dispositivo.<\/li>\n<\/ul>\n","protected":false},"excerpt":{"rendered":"<p>El inversor de redFronius Primo 6.0-1 es un inversor monof\u00e1sico sin transformador para sistemas de cualquier tama\u00f1o. El alto voltaje del sistema, el amplio rango de voltaje de entrada y&hellip;<\/p>\n","protected":false},"featured_media":29974,"comment_status":"open","ping_status":"closed","template":"","meta":{"inline_featured_image":false},"product_brand":[],"product_cat":[373],"product_tag":[],"class_list":{"0":"post-30360","1":"product","2":"type-product","3":"status-publish","4":"has-post-thumbnail","6":"product_cat-inversores","8":"first","9":"instock","10":"shipping-taxable","11":"purchasable","12":"product-type-simple"},"_links":{"self":[{"href":"https:\/\/stg-nations.com\/es\/wp-json\/wp\/v2\/product\/30360","targetHints":{"allow":["GET"]}}],"collection":[{"href":"https:\/\/stg-nations.com\/es\/wp-json\/wp\/v2\/product"}],"about":[{"href":"https:\/\/stg-nations.com\/es\/wp-json\/wp\/v2\/types\/product"}],"replies":[{"embeddable":true,"href":"https:\/\/stg-nations.com\/es\/wp-json\/wp\/v2\/comments?post=30360"}],"wp:featuredmedia":[{"embeddable":true,"href":"https:\/\/stg-nations.com\/es\/wp-json\/wp\/v2\/media\/29974"}],"wp:attachment":[{"href":"https:\/\/stg-nations.com\/es\/wp-json\/wp\/v2\/media?parent=30360"}],"wp:term":[{"taxonomy":"product_brand","embeddable":true,"href":"https:\/\/stg-nations.com\/es\/wp-json\/wp\/v2\/product_brand?post=30360"},{"taxonomy":"product_cat","embeddable":true,"href":"https:\/\/stg-nations.com\/es\/wp-json\/wp\/v2\/product_cat?post=30360"},{"taxonomy":"product_tag","embeddable":true,"href":"https:\/\/stg-nations.com\/es\/wp-json\/wp\/v2\/product_tag?post=30360"}],"curies":[{"name":"wp","href":"https:\/\/api.w.org\/{rel}","templated":true}]}}