{"id":30359,"date":"2024-01-09T11:31:30","date_gmt":"2024-01-09T11:31:30","guid":{"rendered":"https:\/\/stg-nations.com\/product\/fronius-primo-8-2-1-m\/"},"modified":"2024-01-27T14:58:23","modified_gmt":"2024-01-27T14:58:23","slug":"fronius-primo-8-2-1-m","status":"publish","type":"product","link":"https:\/\/stg-nations.com\/es\/producto\/fronius-primo-8-2-1-m\/","title":{"rendered":"Fronius Primo 8.2-1-M"},"content":{"rendered":"<p>El inversor de red<strong>Fronius Primo 8.2-1<\/strong> es un inversor monof\u00e1sico sin transformador para sistemas de cualquier tama\u00f1o, del fabricante austriaco de inversores solares, empresa con m\u00e1s de 20 a\u00f1os de experiencia en el mercado fotovoltaico. El inversor Fronius est\u00e1 equipado con el sistema de instalaci\u00f3n r\u00e1pida SnapINverter, listo para su uso en redes Smart Grid, y dispone de monitorizaci\u00f3n Wi-Fi integrada. Es un inversor sin transformador ligero y compacto con una de las mejores eficiencias de su clase.<\/p>\n<p>Fabricante austriaco de inversores solares. La empresa cuenta con m\u00e1s de 20 a\u00f1os de experiencia en el mercado fotovoltaico. Los inversores Fronius est\u00e1n equipados con el sistema de instalaci\u00f3n r\u00e1pida SnapINverter, est\u00e1n listos para su uso en redes Smart Grid y tienen monitorizaci\u00f3n Wi-Fi integrada. Se trata de inversores sin transformador, ligeros y compactos, con una de las mejores eficiencias de su clase.<\/p>\n<p>Los inversores de la empresa est\u00e1n considerados, con raz\u00f3n, como uno de los mejores del mercado de dispositivos fotovoltaicos.<\/p>\n<p>Una ventaja adicional de Fronius es la presencia de una oficina de representaci\u00f3n en Ucrania, que garantiza la disponibilidad de repuestos y kits de reparaci\u00f3n en Ucrania.<\/p>\n","protected":false},"excerpt":{"rendered":"<p>El inversor de redFronius Primo 8.2-1 es un inversor monof\u00e1sico sin transformador para sistemas de cualquier tama\u00f1o, del fabricante austriaco de inversores solares, empresa con m\u00e1s de 20 a\u00f1os de&hellip;<\/p>\n","protected":false},"featured_media":29974,"comment_status":"open","ping_status":"closed","template":"","meta":{"inline_featured_image":false},"product_brand":[],"product_cat":[373],"product_tag":[],"class_list":{"0":"post-30359","1":"product","2":"type-product","3":"status-publish","4":"has-post-thumbnail","6":"product_cat-inversores","8":"first","9":"instock","10":"shipping-taxable","11":"purchasable","12":"product-type-simple"},"_links":{"self":[{"href":"https:\/\/stg-nations.com\/es\/wp-json\/wp\/v2\/product\/30359","targetHints":{"allow":["GET"]}}],"collection":[{"href":"https:\/\/stg-nations.com\/es\/wp-json\/wp\/v2\/product"}],"about":[{"href":"https:\/\/stg-nations.com\/es\/wp-json\/wp\/v2\/types\/product"}],"replies":[{"embeddable":true,"href":"https:\/\/stg-nations.com\/es\/wp-json\/wp\/v2\/comments?post=30359"}],"wp:featuredmedia":[{"embeddable":true,"href":"https:\/\/stg-nations.com\/es\/wp-json\/wp\/v2\/media\/29974"}],"wp:attachment":[{"href":"https:\/\/stg-nations.com\/es\/wp-json\/wp\/v2\/media?parent=30359"}],"wp:term":[{"taxonomy":"product_brand","embeddable":true,"href":"https:\/\/stg-nations.com\/es\/wp-json\/wp\/v2\/product_brand?post=30359"},{"taxonomy":"product_cat","embeddable":true,"href":"https:\/\/stg-nations.com\/es\/wp-json\/wp\/v2\/product_cat?post=30359"},{"taxonomy":"product_tag","embeddable":true,"href":"https:\/\/stg-nations.com\/es\/wp-json\/wp\/v2\/product_tag?post=30359"}],"curies":[{"name":"wp","href":"https:\/\/api.w.org\/{rel}","templated":true}]}}