{"id":30358,"date":"2024-01-09T11:33:41","date_gmt":"2024-01-09T11:33:41","guid":{"rendered":"https:\/\/stg-nations.com\/product\/fronius-symo-3-0-3-m\/"},"modified":"2024-10-24T20:49:13","modified_gmt":"2024-10-24T20:49:13","slug":"fronius-symo-3-0-3-m","status":"publish","type":"product","link":"https:\/\/stg-nations.com\/es\/producto\/fronius-symo-3-0-3-m\/","title":{"rendered":"Fronius Symo 3.0-3-M"},"content":{"rendered":"<p>Los inversores de red Fronius Symo 3.0-3-M son una nueva l\u00ednea de inversores trif\u00e1sicos para peque\u00f1os sistemas fotovoltaicos. Debido a la alta tensi\u00f3n m\u00e1xima del sistema, un amplio rango de tensi\u00f3n de entrada, la posibilidad de trabajar en interiores y exteriores, sencillez y facilidad de instalaci\u00f3n, los inversores Fronius Symo 3.0-3-M son ideales para la construcci\u00f3n de peque\u00f1as instalaciones solares, para uso privado y Instalaciones comerciales con red el\u00e9ctrica trif\u00e1sica. Para comprar en Kiev (Ucrania), contacte con los n\u00fameros de tel\u00e9fono indicados en el cap.<\/p>\n","protected":false},"excerpt":{"rendered":"<p>Los inversores de red Fronius Symo 3.0-3-M son una nueva l\u00ednea de inversores trif\u00e1sicos para peque\u00f1os sistemas fotovoltaicos. Debido a la alta tensi\u00f3n m\u00e1xima del sistema, un amplio rango de&hellip;<\/p>\n","protected":false},"featured_media":29988,"comment_status":"open","ping_status":"closed","template":"","meta":{"inline_featured_image":false},"product_brand":[],"product_cat":[373],"product_tag":[],"class_list":{"0":"post-30358","1":"product","2":"type-product","3":"status-publish","4":"has-post-thumbnail","6":"product_cat-inversores","8":"first","9":"instock","10":"shipping-taxable","11":"purchasable","12":"product-type-simple"},"_links":{"self":[{"href":"https:\/\/stg-nations.com\/es\/wp-json\/wp\/v2\/product\/30358","targetHints":{"allow":["GET"]}}],"collection":[{"href":"https:\/\/stg-nations.com\/es\/wp-json\/wp\/v2\/product"}],"about":[{"href":"https:\/\/stg-nations.com\/es\/wp-json\/wp\/v2\/types\/product"}],"replies":[{"embeddable":true,"href":"https:\/\/stg-nations.com\/es\/wp-json\/wp\/v2\/comments?post=30358"}],"wp:featuredmedia":[{"embeddable":true,"href":"https:\/\/stg-nations.com\/es\/wp-json\/wp\/v2\/media\/29988"}],"wp:attachment":[{"href":"https:\/\/stg-nations.com\/es\/wp-json\/wp\/v2\/media?parent=30358"}],"wp:term":[{"taxonomy":"product_brand","embeddable":true,"href":"https:\/\/stg-nations.com\/es\/wp-json\/wp\/v2\/product_brand?post=30358"},{"taxonomy":"product_cat","embeddable":true,"href":"https:\/\/stg-nations.com\/es\/wp-json\/wp\/v2\/product_cat?post=30358"},{"taxonomy":"product_tag","embeddable":true,"href":"https:\/\/stg-nations.com\/es\/wp-json\/wp\/v2\/product_tag?post=30358"}],"curies":[{"name":"wp","href":"https:\/\/api.w.org\/{rel}","templated":true}]}}