{"id":30357,"date":"2024-01-09T11:35:15","date_gmt":"2024-01-09T11:35:15","guid":{"rendered":"https:\/\/stg-nations.com\/product\/fronius-symo-5-0-3-m\/"},"modified":"2024-01-27T14:58:37","modified_gmt":"2024-01-27T14:58:37","slug":"fronius-symo-5-0-3-m","status":"publish","type":"product","link":"https:\/\/stg-nations.com\/es\/producto\/fronius-symo-5-0-3-m\/","title":{"rendered":"Fronius Symo 5.0-3-M"},"content":{"rendered":"<p>El inversor de red Fronius SYMO 5.0-3-M es compatible con redes el\u00e9ctricas trif\u00e1sicas y contiene 2 seguidores MPR. La eficiencia es del 98%. Equipado con sistemas de instalaci\u00f3n r\u00e1pida ShnapINverter, optimizaci\u00f3n del rendimiento de Denamic Peak Manager y monitoreo de Wi-Fi incorporado.<\/p>\n<p>El inversor de red Fronius SYMO 5.0-3-M est\u00e1 dise\u00f1ado para su uso en centrales el\u00e9ctricas de red de baja potencia de hasta 5 kW. Este dispositivo transmite tensi\u00f3n constante a la red el\u00e9ctrica externa y as\u00ed la convierte en tensi\u00f3n alterna. El inversor est\u00e1 equipado con 2 seguidores MPR y es adecuado para redes el\u00e9ctricas trif\u00e1sicas. El equipo est\u00e1 equipado con el sistema ShnapINverter, que simplifica el proceso de instalaci\u00f3n. Adem\u00e1s, una de las ventajas \u00fatiles de este dispositivo es que admite la funci\u00f3n que se encarga de limitar la generaci\u00f3n de energ\u00eda el\u00e9ctrica a la red. Esta posibilidad es muy \u00fatil tanto para las centrales que funcionan con tarifa verde como para las centrales convencionales. Adem\u00e1s, los inversores de red Fronius SYMO 5.0-3-M est\u00e1n equipados con la posibilidad de cambiar el punto de m\u00e1xima potencia, teniendo en cuenta el grado de iluminaci\u00f3n del fotom\u00f3dulo. Para ello, se ha dise\u00f1ado una opci\u00f3n como Denamic Peak Manager, que se ocupa de rastrear el punto de m\u00e1xima potencia y optimizar el rendimiento del dispositivo. Adem\u00e1s, este equipo est\u00e1 equipado con un servidor web incorporado, que permite al propietario analizar los par\u00e1metros de la red el\u00e9ctrica o la generaci\u00f3n de energ\u00eda el\u00e9ctrica.<\/p>\n","protected":false},"excerpt":{"rendered":"<p>El inversor de red Fronius SYMO 5.0-3-M es compatible con redes el\u00e9ctricas trif\u00e1sicas y contiene 2 seguidores MPR. La eficiencia es del 98%. Equipado con sistemas de instalaci\u00f3n r\u00e1pida ShnapINverter,&hellip;<\/p>\n","protected":false},"featured_media":29988,"comment_status":"open","ping_status":"closed","template":"","meta":{"inline_featured_image":false},"product_brand":[],"product_cat":[373],"product_tag":[],"class_list":{"0":"post-30357","1":"product","2":"type-product","3":"status-publish","4":"has-post-thumbnail","6":"product_cat-inversores","8":"first","9":"instock","10":"shipping-taxable","11":"purchasable","12":"product-type-simple"},"_links":{"self":[{"href":"https:\/\/stg-nations.com\/es\/wp-json\/wp\/v2\/product\/30357","targetHints":{"allow":["GET"]}}],"collection":[{"href":"https:\/\/stg-nations.com\/es\/wp-json\/wp\/v2\/product"}],"about":[{"href":"https:\/\/stg-nations.com\/es\/wp-json\/wp\/v2\/types\/product"}],"replies":[{"embeddable":true,"href":"https:\/\/stg-nations.com\/es\/wp-json\/wp\/v2\/comments?post=30357"}],"wp:featuredmedia":[{"embeddable":true,"href":"https:\/\/stg-nations.com\/es\/wp-json\/wp\/v2\/media\/29988"}],"wp:attachment":[{"href":"https:\/\/stg-nations.com\/es\/wp-json\/wp\/v2\/media?parent=30357"}],"wp:term":[{"taxonomy":"product_brand","embeddable":true,"href":"https:\/\/stg-nations.com\/es\/wp-json\/wp\/v2\/product_brand?post=30357"},{"taxonomy":"product_cat","embeddable":true,"href":"https:\/\/stg-nations.com\/es\/wp-json\/wp\/v2\/product_cat?post=30357"},{"taxonomy":"product_tag","embeddable":true,"href":"https:\/\/stg-nations.com\/es\/wp-json\/wp\/v2\/product_tag?post=30357"}],"curies":[{"name":"wp","href":"https:\/\/api.w.org\/{rel}","templated":true}]}}