{"id":30354,"date":"2024-01-09T11:43:12","date_gmt":"2024-01-09T11:43:12","guid":{"rendered":"https:\/\/stg-nations.com\/product\/fronius-symo-8-2-3-m\/"},"modified":"2024-01-27T14:58:53","modified_gmt":"2024-01-27T14:58:53","slug":"fronius-symo-8-2-3-m","status":"publish","type":"product","link":"https:\/\/stg-nations.com\/es\/producto\/fronius-symo-8-2-3-m\/","title":{"rendered":"Fronius Symo 8.2-3-M"},"content":{"rendered":"<p>El <strong><strong>inversor de red Fronius Symo 8.2-3-M<\/strong><\/strong>convierte corriente continua en corriente alterna con una eficiencia m\u00e1xima del 98%, m\u00e1xima eficiencia de b\u00fasqueda del punto de potencia (MPPT) &gt; 99,9%, trif\u00e1sico. Conexi\u00f3n a la red el\u00e9ctrica (rango de tensi\u00f3n): 3~NPE 400 V \/ 230 V o 3~NPE 380 V \/ 220 V (+20% \/ -30%). Tiene 2 MPPT con una potencia total de 16400 W, potencia m\u00e1xima de salida (pico): 8200 W<\/p>\n<p><strong>Fronius Symo<\/strong> es un inversor trif\u00e1sico sin transformador para sistemas de distintos tama\u00f1os. Gracias al dise\u00f1o SuperFlex, el dispositivo es ideal para tejados de cualquier forma y orientaci\u00f3n. La interfaz de conexi\u00f3n a Internet est\u00e1ndar a trav\u00e9s de WLAN o Ethernet y la facilidad de integraci\u00f3n de componentes de terceros hacen del <strong>Fronius Symo<\/strong> uno de los inversores m\u00e1s populares y f\u00e1ciles de gestionar del mercado. Adem\u00e1s, la interfaz del medidor proporciona un control din\u00e1mico de la energ\u00eda suministrada y una visualizaci\u00f3n clara de la informaci\u00f3n de consumo de un vistazo.<\/p>\n<p>Caracter\u00edsticas del inversor <strong><strong><strong>Fronius Symo 8.2-3-M<\/strong><\/strong><\/strong>:<\/p>\n<ul>\n<li>Salida de onda sinusoidal pura;<\/li>\n<li>Eficiencia m\u00e1xima 98,0%;<\/li>\n<li>Eficiencia de adaptaci\u00f3n MPPT &gt; 99,9%;<\/li>\n<li>Instalaci\u00f3n interior y exterior (grado de protecci\u00f3n IP 65);<\/li>\n<li>Conectarse a una red externa;<\/li>\n<li>Limitaci\u00f3n de potencia durante la sobrecarga;<\/li>\n<li>Protecci\u00f3n contra polaridad inversa;<\/li>\n<li>Gesti\u00f3n de energ\u00eda (salida con aislamiento de potencial de rel\u00e9);<\/li>\n<li>Interfaz de control, monitorizaci\u00f3n y control LAN WLAN \/ Ethernet Fronius Solar.web, Modbus TCP SunSpec, Fronius Solar API (JSON);<\/li>\n<li>Interfaz del receptor de impulsos de control de carga (6 entradas o 4 entradas\/salidas digitales);<\/li>\n<li>Tiene 2x RS422 (conector RJ45) &#8211; para Fronius Solar Net;<\/li>\n<li>Entrada de protecci\u00f3n contra sobretensiones (interfaz del medidor S0);<\/li>\n<li>Conector para Modbus RTU SunSpec o conexi\u00f3n de contador.<\/li>\n<\/ul>\n","protected":false},"excerpt":{"rendered":"<p>El inversor de red Fronius Symo 8.2-3-Mconvierte corriente continua en corriente alterna con una eficiencia m\u00e1xima del 98%, m\u00e1xima eficiencia de b\u00fasqueda del punto de potencia (MPPT) &gt; 99,9%, trif\u00e1sico.&hellip;<\/p>\n","protected":false},"featured_media":29988,"comment_status":"open","ping_status":"closed","template":"","meta":{"inline_featured_image":false},"product_brand":[],"product_cat":[373],"product_tag":[],"class_list":{"0":"post-30354","1":"product","2":"type-product","3":"status-publish","4":"has-post-thumbnail","6":"product_cat-inversores","8":"first","9":"instock","10":"shipping-taxable","11":"purchasable","12":"product-type-simple"},"_links":{"self":[{"href":"https:\/\/stg-nations.com\/es\/wp-json\/wp\/v2\/product\/30354","targetHints":{"allow":["GET"]}}],"collection":[{"href":"https:\/\/stg-nations.com\/es\/wp-json\/wp\/v2\/product"}],"about":[{"href":"https:\/\/stg-nations.com\/es\/wp-json\/wp\/v2\/types\/product"}],"replies":[{"embeddable":true,"href":"https:\/\/stg-nations.com\/es\/wp-json\/wp\/v2\/comments?post=30354"}],"wp:featuredmedia":[{"embeddable":true,"href":"https:\/\/stg-nations.com\/es\/wp-json\/wp\/v2\/media\/29988"}],"wp:attachment":[{"href":"https:\/\/stg-nations.com\/es\/wp-json\/wp\/v2\/media?parent=30354"}],"wp:term":[{"taxonomy":"product_brand","embeddable":true,"href":"https:\/\/stg-nations.com\/es\/wp-json\/wp\/v2\/product_brand?post=30354"},{"taxonomy":"product_cat","embeddable":true,"href":"https:\/\/stg-nations.com\/es\/wp-json\/wp\/v2\/product_cat?post=30354"},{"taxonomy":"product_tag","embeddable":true,"href":"https:\/\/stg-nations.com\/es\/wp-json\/wp\/v2\/product_tag?post=30354"}],"curies":[{"name":"wp","href":"https:\/\/api.w.org\/{rel}","templated":true}]}}