{"id":30349,"date":"2024-01-09T11:53:06","date_gmt":"2024-01-09T11:53:06","guid":{"rendered":"https:\/\/stg-nations.com\/product\/fronius-symo-15-0-3-m-light\/"},"modified":"2024-01-27T14:59:16","modified_gmt":"2024-01-27T14:59:16","slug":"fronius-symo-15-0-3-m-light","status":"publish","type":"product","link":"https:\/\/stg-nations.com\/es\/producto\/fronius-symo-15-0-3-m-light\/","title":{"rendered":"Fronius Symo 15.0-3-M Luz"},"content":{"rendered":"<p>El <strong><strong>Inversor de rejilla ligera Fronius Symo 15.0-3-M<\/strong><\/strong>convierte corriente continua en corriente alterna con una eficiencia m\u00e1xima del 98%, m\u00e1xima eficiencia de b\u00fasqueda de punto de potencia (MPPT) &gt; 99,9%, trif\u00e1sico. Conexi\u00f3n a la red el\u00e9ctrica (rango de tensi\u00f3n): 3~NPE 400 V \/ 230 V o 3~NPE 380 V \/ 220 V (+20% \/ -30%). Tiene 2 MPPT con una potencia total de 15000 W, potencia m\u00e1xima de salida (pico) &#8211; 22500 W.<\/p>\n<p>Caracter\u00edsticas del inversor <strong><strong><strong>Fronius Symo 15.0-3-M Light<\/strong><\/strong><\/strong>:<\/p>\n<ul>\n<li>Salida de onda sinusoidal pura;<\/li>\n<li>Eficiencia m\u00e1xima 98,0%;<\/li>\n<li>Eficiencia de adaptaci\u00f3n MPPT &gt; 99,9%;<\/li>\n<li>Instalaci\u00f3n interior y exterior (grado de protecci\u00f3n IP 66);<\/li>\n<li>Conectarse a una red externa;<\/li>\n<li>Limitaci\u00f3n de potencia durante la sobrecarga;<\/li>\n<li>Protecci\u00f3n contra polaridad inversa;<\/li>\n<li>Gesti\u00f3n de energ\u00eda (salida con aislamiento de potencial de rel\u00e9);<\/li>\n<li>Interfaz del receptor de pulsos de control de carga.<\/li>\n<\/ul>\n","protected":false},"excerpt":{"rendered":"<p>El Inversor de rejilla ligera Fronius Symo 15.0-3-Mconvierte corriente continua en corriente alterna con una eficiencia m\u00e1xima del 98%, m\u00e1xima eficiencia de b\u00fasqueda de punto de potencia (MPPT) &gt; 99,9%,&hellip;<\/p>\n","protected":false},"featured_media":29988,"comment_status":"open","ping_status":"closed","template":"","meta":{"inline_featured_image":false},"product_brand":[],"product_cat":[373],"product_tag":[],"class_list":{"0":"post-30349","1":"product","2":"type-product","3":"status-publish","4":"has-post-thumbnail","6":"product_cat-inversores","8":"first","9":"instock","10":"shipping-taxable","11":"purchasable","12":"product-type-simple"},"_links":{"self":[{"href":"https:\/\/stg-nations.com\/es\/wp-json\/wp\/v2\/product\/30349","targetHints":{"allow":["GET"]}}],"collection":[{"href":"https:\/\/stg-nations.com\/es\/wp-json\/wp\/v2\/product"}],"about":[{"href":"https:\/\/stg-nations.com\/es\/wp-json\/wp\/v2\/types\/product"}],"replies":[{"embeddable":true,"href":"https:\/\/stg-nations.com\/es\/wp-json\/wp\/v2\/comments?post=30349"}],"wp:featuredmedia":[{"embeddable":true,"href":"https:\/\/stg-nations.com\/es\/wp-json\/wp\/v2\/media\/29988"}],"wp:attachment":[{"href":"https:\/\/stg-nations.com\/es\/wp-json\/wp\/v2\/media?parent=30349"}],"wp:term":[{"taxonomy":"product_brand","embeddable":true,"href":"https:\/\/stg-nations.com\/es\/wp-json\/wp\/v2\/product_brand?post=30349"},{"taxonomy":"product_cat","embeddable":true,"href":"https:\/\/stg-nations.com\/es\/wp-json\/wp\/v2\/product_cat?post=30349"},{"taxonomy":"product_tag","embeddable":true,"href":"https:\/\/stg-nations.com\/es\/wp-json\/wp\/v2\/product_tag?post=30349"}],"curies":[{"name":"wp","href":"https:\/\/api.w.org\/{rel}","templated":true}]}}