{"id":30348,"date":"2024-01-09T11:55:56","date_gmt":"2024-01-09T11:55:56","guid":{"rendered":"https:\/\/stg-nations.com\/product\/fronius-symo-15-0-3-m\/"},"modified":"2024-01-27T14:59:39","modified_gmt":"2024-01-27T14:59:39","slug":"fronius-symo-15-0-3-m","status":"publish","type":"product","link":"https:\/\/stg-nations.com\/es\/producto\/fronius-symo-15-0-3-m\/","title":{"rendered":"Fronius Symo 15.0-3-M"},"content":{"rendered":"<p>Para lograr la eficiencia \u00f3ptima de una planta de energ\u00eda solar, es importante seleccionar cuidadosamente los componentes del sistema solar, en particular el inversor. Un inversor de alta calidad como el Fronius Symo 15.0-3-M del fabricante austriaco es una excelente elecci\u00f3n. Este dispositivo se encarga de convertir la corriente continua proveniente de los paneles solares en corriente alterna utilizada para alimentar los dispositivos dom\u00e9sticos.<\/p>\n<p>El inversor funciona en una red trif\u00e1sica a una tensi\u00f3n de 600 V, con una potencia de salida de 15 kW y una tensi\u00f3n de entrada m\u00e1xima de 1000 V. Fronius SYMO 15.5-3-M est\u00e1 equipado con dos seguidores MPRT que permiten conectar Paneles con diferentes \u00e1ngulos de inclinaci\u00f3n. El rango de voltaje de entrada para los rastreadores var\u00eda de 320 V a 800 V, y el voltaje de entrada m\u00ednimo para alimentar el inversor es de 200 V.<\/p>\n<p>La alta eficiencia del inversor (98% de eficiencia) garantiza su rendimiento a largo plazo. El per\u00edodo de garant\u00eda de la gama Fronius SYMO es de 5 a\u00f1os. El grado de protecci\u00f3n seg\u00fan el est\u00e1ndar IP66 permite instalar el dispositivo en exteriores, proporcionando protecci\u00f3n contra el polvo y el agua. Se recomienda utilizar una estructura separada para proteger contra la luz solar directa y la humedad.<\/p>\n<p>El inversor est\u00e1 equipado con un sistema de refrigeraci\u00f3n activo con un rango de temperatura \u00f3ptimo de -25 a +60\u00b0C. Su comunicabilidad se ve reforzada por una interfaz est\u00e1ndar para conectarse a Internet a trav\u00e9s de un puerto WLAN o Ethernet. La posibilidad de monitorizaci\u00f3n remota permite al usuario analizar el funcionamiento del dispositivo en su propio dispositivo m\u00f3vil.<\/p>\n","protected":false},"excerpt":{"rendered":"<p>Para lograr la eficiencia \u00f3ptima de una planta de energ\u00eda solar, es importante seleccionar cuidadosamente los componentes del sistema solar, en particular el inversor. Un inversor de alta calidad como&hellip;<\/p>\n","protected":false},"featured_media":29988,"comment_status":"open","ping_status":"closed","template":"","meta":{"inline_featured_image":false},"product_brand":[],"product_cat":[373],"product_tag":[],"class_list":{"0":"post-30348","1":"product","2":"type-product","3":"status-publish","4":"has-post-thumbnail","6":"product_cat-inversores","8":"first","9":"instock","10":"shipping-taxable","11":"purchasable","12":"product-type-simple"},"_links":{"self":[{"href":"https:\/\/stg-nations.com\/es\/wp-json\/wp\/v2\/product\/30348","targetHints":{"allow":["GET"]}}],"collection":[{"href":"https:\/\/stg-nations.com\/es\/wp-json\/wp\/v2\/product"}],"about":[{"href":"https:\/\/stg-nations.com\/es\/wp-json\/wp\/v2\/types\/product"}],"replies":[{"embeddable":true,"href":"https:\/\/stg-nations.com\/es\/wp-json\/wp\/v2\/comments?post=30348"}],"wp:featuredmedia":[{"embeddable":true,"href":"https:\/\/stg-nations.com\/es\/wp-json\/wp\/v2\/media\/29988"}],"wp:attachment":[{"href":"https:\/\/stg-nations.com\/es\/wp-json\/wp\/v2\/media?parent=30348"}],"wp:term":[{"taxonomy":"product_brand","embeddable":true,"href":"https:\/\/stg-nations.com\/es\/wp-json\/wp\/v2\/product_brand?post=30348"},{"taxonomy":"product_cat","embeddable":true,"href":"https:\/\/stg-nations.com\/es\/wp-json\/wp\/v2\/product_cat?post=30348"},{"taxonomy":"product_tag","embeddable":true,"href":"https:\/\/stg-nations.com\/es\/wp-json\/wp\/v2\/product_tag?post=30348"}],"curies":[{"name":"wp","href":"https:\/\/api.w.org\/{rel}","templated":true}]}}