{"id":30347,"date":"2024-01-09T11:56:57","date_gmt":"2024-01-09T11:56:57","guid":{"rendered":"https:\/\/stg-nations.com\/product\/fronius-symo-17-5-3-m\/"},"modified":"2024-01-27T14:59:52","modified_gmt":"2024-01-27T14:59:52","slug":"fronius-symo-17-5-3-m","status":"publish","type":"product","link":"https:\/\/stg-nations.com\/es\/producto\/fronius-symo-17-5-3-m\/","title":{"rendered":"Fronius Symo 17.5-3-M"},"content":{"rendered":"<p>El inversor de red Fronius Symo 17.5-3-M es una nueva l\u00ednea de inversores trif\u00e1sicos para peque\u00f1os sistemas fotovoltaicos. Debido al alto voltaje m\u00e1ximo del sistema, una amplia gama de voltaje de entrada, la posibilidad de trabajar en interiores y exteriores, simplicidad y facilidad de instalaci\u00f3n, los inversores Fronius Symo 17.5-3-M son \u00f3ptimos para una amplia aplicaci\u00f3n en una variedad de sistemas. &#8211; comenzando con la versi\u00f3n cl\u00e1sica de un peque\u00f1o sistema en el techo y terminando con sistemas con un nivel de potencia m\u00e1s alto. Este inversor es una soluci\u00f3n ideal para instalaciones dise\u00f1adas para la venta de electricidad bajo la tarifa \u00abVerde\u00bb con una capacidad de 3 a 20 kW, lo que determina su uso tanto para sistemas fotovoltaicos de viviendas particulares como para plantas de energ\u00eda solar industriales.<\/p>\n<p><strong>Cada inversor de red Fronius se construye bas\u00e1ndose en las siguientes tecnolog\u00edas:<\/strong><\/p>\n<p><strong>Sistema \u00fanico de sustituci\u00f3n de piezas de repuesto<\/strong>: dise\u00f1o de placas de circuito impreso, que permite realizar un reemplazo r\u00e1pido, lo que permite realizar el servicio de los inversores lo m\u00e1s r\u00e1pido posible.<\/p>\n<p><strong>Sistema de montaje SnapINverter<\/strong> &#8211; especialmente dise\u00f1ado para simplificar la instalaci\u00f3n: la unidad de conexi\u00f3n y la unidad de potencia est\u00e1n separadas y su instalaci\u00f3n se realiza por separado. Primero, se monta el bloque de conexi\u00f3n, al que se conectan todos los contactos necesarios: se conectan m\u00f3dulos fotogr\u00e1ficos, red, l\u00ednea de informaci\u00f3n. Luego, en el m\u00f3dulo montado, que tambi\u00e9n es el nodo de instalaci\u00f3n del inversor, se \u00abcuelga\u00bb la unidad de potencia: el inversor. Un sistema de este tipo es lo m\u00e1s f\u00e1cil de usar posible durante la instalaci\u00f3n y el mantenimiento. El inversor se ubica y fija simplemente en la unidad de comunicaci\u00f3n de pared. Para realizar operaciones de servicio, no es necesario desmontar el inversor, s\u00f3lo la unidad de potencia. Todas las conexiones, ajustes y par\u00e1metros de configuraci\u00f3n permanecen en su lugar.<\/p>\n<p><strong>Interfaz WLAN integrada.<\/strong> Fronius es el primer fabricante en implementar esta tecnolog\u00eda en un inversor. Por tanto, no se necesitan cables adicionales para la conexi\u00f3n informativa del inversor.<\/p>\n<p><strong>Concepto de desarrollo SuperFlex<\/strong>: desarrollo de todos los sistemas teniendo en cuenta una \u00fanica forma. Los seguidores MRR combinan un alto voltaje de entrada y, al mismo tiempo, una amplia gama de voltajes de entrada. Cada entrada de CC, seguidor MPR, respectivamente, puede proporcionar los par\u00e1metros de salida nominal del inversor de forma independiente. El resultado es la flexibilidad del dise\u00f1o del sistema solar: un inversor puede trabajar con secciones del tejado en diferentes orientaciones; una o dos tangas sombreadas; uso de m\u00f3dulos residuales.<\/p>\n<p><strong>DynamicPeakManager<\/strong> es un nuevo algoritmo mejorado de seguimiento de potencia m\u00e1xima que adapta din\u00e1micamente su mecanismo de seguimiento dependiendo de las condiciones previas. Una caracter\u00edstica del algoritmo es encontrar el punto global de m\u00e1ximo rendimiento incluso con sombreado parcial del fotocampo.<\/p>\n<p><strong>Apoyo a las redes \u00abinteligentes\u00bb del futuro.<\/strong> El inversor est\u00e1 t\u00e9cnicamente equipado para satisfacer las necesidades de las redes del futuro, cuando el componente de fuentes alternativas se vuelva significativo.<\/p>\n","protected":false},"excerpt":{"rendered":"<p>El inversor de red Fronius Symo 17.5-3-M es una nueva l\u00ednea de inversores trif\u00e1sicos para peque\u00f1os sistemas fotovoltaicos. Debido al alto voltaje m\u00e1ximo del sistema, una amplia gama de voltaje&hellip;<\/p>\n","protected":false},"featured_media":29988,"comment_status":"open","ping_status":"closed","template":"","meta":{"inline_featured_image":false},"product_brand":[],"product_cat":[373],"product_tag":[],"class_list":{"0":"post-30347","1":"product","2":"type-product","3":"status-publish","4":"has-post-thumbnail","6":"product_cat-inversores","8":"first","9":"instock","10":"shipping-taxable","11":"purchasable","12":"product-type-simple"},"_links":{"self":[{"href":"https:\/\/stg-nations.com\/es\/wp-json\/wp\/v2\/product\/30347","targetHints":{"allow":["GET"]}}],"collection":[{"href":"https:\/\/stg-nations.com\/es\/wp-json\/wp\/v2\/product"}],"about":[{"href":"https:\/\/stg-nations.com\/es\/wp-json\/wp\/v2\/types\/product"}],"replies":[{"embeddable":true,"href":"https:\/\/stg-nations.com\/es\/wp-json\/wp\/v2\/comments?post=30347"}],"wp:featuredmedia":[{"embeddable":true,"href":"https:\/\/stg-nations.com\/es\/wp-json\/wp\/v2\/media\/29988"}],"wp:attachment":[{"href":"https:\/\/stg-nations.com\/es\/wp-json\/wp\/v2\/media?parent=30347"}],"wp:term":[{"taxonomy":"product_brand","embeddable":true,"href":"https:\/\/stg-nations.com\/es\/wp-json\/wp\/v2\/product_brand?post=30347"},{"taxonomy":"product_cat","embeddable":true,"href":"https:\/\/stg-nations.com\/es\/wp-json\/wp\/v2\/product_cat?post=30347"},{"taxonomy":"product_tag","embeddable":true,"href":"https:\/\/stg-nations.com\/es\/wp-json\/wp\/v2\/product_tag?post=30347"}],"curies":[{"name":"wp","href":"https:\/\/api.w.org\/{rel}","templated":true}]}}