{"id":30345,"date":"2024-01-09T12:01:54","date_gmt":"2024-01-09T12:01:54","guid":{"rendered":"https:\/\/stg-nations.com\/product\/fronius-symo-20-0-3-m\/"},"modified":"2024-01-27T15:00:41","modified_gmt":"2024-01-27T15:00:41","slug":"fronius-symo-20-0-3-m","status":"publish","type":"product","link":"https:\/\/stg-nations.com\/es\/producto\/fronius-symo-20-0-3-m\/","title":{"rendered":"Fronius Symo 20.0-3-M"},"content":{"rendered":"<p>El Fronius Symo 20.0-3-M pertenece a una familia de inversores de red trif\u00e1sicos que se caracterizan por su alta eficiencia y son ideales para su instalaci\u00f3n en plantas de energ\u00eda solar dom\u00e9sticas. Este inversor ser\u00e1 una opci\u00f3n ideal para sistemas donde los techos tienen formas irregulares o est\u00e1n ubicados en diferentes lados del mundo, gracias a la avanzada tecnolog\u00eda SuperFlex Design.<\/p>\n<p><strong>Principales caracter\u00edsticas t\u00e9cnicas del Fronius Symo 20.0-3-M:<\/strong><\/p>\n<ol>\n<li><strong>Alta eficiencia:<\/strong>\n<ul>\n<li>El inversor tiene una eficiencia impresionante, lo que garantiza un uso \u00f3ptimo de la energ\u00eda solar recogida.<\/li>\n<\/ul>\n<\/li>\n<li><strong>Dise\u00f1o SuperFlex:<\/strong>\n<ul>\n<li>La exclusiva tecnolog\u00eda SuperFlex Design le permite utilizar el inversor en tejados con una forma irregular o una orientaci\u00f3n diferente.<\/li>\n<\/ul>\n<\/li>\n<li><strong>Comunicaci\u00f3n:<\/strong>\n<ul>\n<li>La posibilidad de conectarse a Internet a trav\u00e9s de WLAN o Ethernet convierte al Fronius Symo en uno de los inversores m\u00e1s comunicativos del mercado.<\/li>\n<li>Se garantiza una f\u00e1cil integraci\u00f3n con otros componentes del sistema solar para una m\u00e1xima funcionalidad.<\/li>\n<\/ul>\n<\/li>\n<li><strong>Fiabilidad y durabilidad:<\/strong>\n<ul>\n<li>Fronius Symo se caracteriza por su alta confiabilidad y durabilidad, lo que lo convierte en una opci\u00f3n rentable para un uso a largo plazo. El per\u00edodo de garant\u00eda del fabricante es de 5 a\u00f1os.<\/li>\n<\/ul>\n<\/li>\n<li><strong>F\u00e1cil instalaci\u00f3n y mantenimiento:<\/strong>\n<ul>\n<li>La instalaci\u00f3n y el mantenimiento sencillos contribuyen a la facilidad de funcionamiento de la planta de energ\u00eda solar.<\/li>\n<\/ul>\n<\/li>\n<\/ol>\n<p>En general, el inversor Fronius Symo 20.0-3-M cumple con los m\u00e1s altos requisitos de los usuarios que buscan maximizar la potencia de su planta solar. Gracias a su alta comunicaci\u00f3n, integraci\u00f3n con otros componentes y confiabilidad, este inversor no solo optimiza el uso de energ\u00eda, sino que tambi\u00e9n hace que el proceso de monitoreo y gesti\u00f3n del sistema sea extremadamente conveniente.<\/p>\n","protected":false},"excerpt":{"rendered":"<p>El Fronius Symo 20.0-3-M pertenece a una familia de inversores de red trif\u00e1sicos que se caracterizan por su alta eficiencia y son ideales para su instalaci\u00f3n en plantas de energ\u00eda&hellip;<\/p>\n","protected":false},"featured_media":30016,"comment_status":"open","ping_status":"closed","template":"","meta":{"inline_featured_image":false},"product_brand":[],"product_cat":[373],"product_tag":[],"class_list":{"0":"post-30345","1":"product","2":"type-product","3":"status-publish","4":"has-post-thumbnail","6":"product_cat-inversores","8":"first","9":"instock","10":"shipping-taxable","11":"purchasable","12":"product-type-simple"},"_links":{"self":[{"href":"https:\/\/stg-nations.com\/es\/wp-json\/wp\/v2\/product\/30345","targetHints":{"allow":["GET"]}}],"collection":[{"href":"https:\/\/stg-nations.com\/es\/wp-json\/wp\/v2\/product"}],"about":[{"href":"https:\/\/stg-nations.com\/es\/wp-json\/wp\/v2\/types\/product"}],"replies":[{"embeddable":true,"href":"https:\/\/stg-nations.com\/es\/wp-json\/wp\/v2\/comments?post=30345"}],"wp:featuredmedia":[{"embeddable":true,"href":"https:\/\/stg-nations.com\/es\/wp-json\/wp\/v2\/media\/30016"}],"wp:attachment":[{"href":"https:\/\/stg-nations.com\/es\/wp-json\/wp\/v2\/media?parent=30345"}],"wp:term":[{"taxonomy":"product_brand","embeddable":true,"href":"https:\/\/stg-nations.com\/es\/wp-json\/wp\/v2\/product_brand?post=30345"},{"taxonomy":"product_cat","embeddable":true,"href":"https:\/\/stg-nations.com\/es\/wp-json\/wp\/v2\/product_cat?post=30345"},{"taxonomy":"product_tag","embeddable":true,"href":"https:\/\/stg-nations.com\/es\/wp-json\/wp\/v2\/product_tag?post=30345"}],"curies":[{"name":"wp","href":"https:\/\/api.w.org\/{rel}","templated":true}]}}