{"id":30344,"date":"2024-01-09T12:03:54","date_gmt":"2024-01-09T12:03:54","guid":{"rendered":"https:\/\/stg-nations.com\/product\/fronius-eco-25-0-3-s-light\/"},"modified":"2024-10-24T17:28:29","modified_gmt":"2024-10-24T17:28:29","slug":"fronius-eco-25-0-3-s-light","status":"publish","type":"product","link":"https:\/\/stg-nations.com\/es\/producto\/fronius-eco-25-0-3-s-light\/","title":{"rendered":"Fronius ECO 25.0-3-S Luz"},"content":{"rendered":"<p class=\"swift-in-viewport\">El inversor de red Fronius ECO 25.0-3-S Light tiene 3 fases y cuenta con una serie de ventajas que lo convierten en una de las mejores opciones para instalaci\u00f3n en hogares o f\u00e1bricas.&lt;\/p &gt;<\/p>\n<p class=\"swift-in-viewport\">La versi\u00f3n Light de este inversor no tiene una entrada USB con tarjeta de registro de datos. El alto voltaje del sistema, el amplio rango de voltaje de entrada y un rastreador MPPT brindan la m\u00e1xima flexibilidad al dise\u00f1ar sistemas de cualquier complejidad.<\/p>\n<p class=\"swift-in-viewport\">El inversor tiene una alta eficiencia. Esto es para obtener el m\u00e1ximo beneficio de la planta de energ\u00eda solar instalada.<\/p>\n<p class=\"swift-in-viewport\">El inversor Fronius ECO 25.0-3-S Light es f\u00e1cil de instalar y utilizar. Gracias a su dise\u00f1o compacto y reducido peso, la instalaci\u00f3n es sencilla y puede realizarla una sola persona. La interfaz de control del inversor tambi\u00e9n es sencilla e intuitiva.<\/p>\n<p class=\"swift-in-viewport\">Bajo nivel de ruido. Esto hace que el inversor sea una excelente opci\u00f3n para su instalaci\u00f3n en hogares y zonas residenciales donde el ruido puede ser un problema.<\/p>\n<p class=\"swift-in-viewport\">El inversor tiene alta confiabilidad y durabilidad. Cuenta con protecci\u00f3n contra sobrecargas y cortocircuitos y una larga vida \u00fatil, lo que la convierte en una opci\u00f3n rentable para uso a largo plazo.<\/p>\n<p class=\"swift-in-viewport\">Fronius ECO 25.0-3-S Light es uno de los inversores m\u00e1s comunicativos del mercado gracias a su f\u00e1cil integraci\u00f3n de componentes de terceros. Esta gama de inversores tiene clasificaci\u00f3n IP66, estableciendo nuevos est\u00e1ndares. Los portafusibles dobles integrados y la protecci\u00f3n contra sobretensiones adicional eliminan la necesidad de bloques de conexi\u00f3n en l\u00ednea. Este inversor puede funcionar en condiciones de m\u00e1xima humedad, heladas severas de hasta -25 grados y calor de hasta 60 grados.<\/p>\n","protected":false},"excerpt":{"rendered":"<p>El inversor de red Fronius ECO 25.0-3-S Light tiene 3 fases y cuenta con una serie de ventajas que lo convierten en una de las mejores opciones para instalaci\u00f3n en&hellip;<\/p>\n","protected":false},"featured_media":29988,"comment_status":"open","ping_status":"closed","template":"","meta":{"inline_featured_image":false},"product_brand":[],"product_cat":[373],"product_tag":[],"class_list":{"0":"post-30344","1":"product","2":"type-product","3":"status-publish","4":"has-post-thumbnail","6":"product_cat-inversores","8":"first","9":"instock","10":"shipping-taxable","11":"purchasable","12":"product-type-simple"},"_links":{"self":[{"href":"https:\/\/stg-nations.com\/es\/wp-json\/wp\/v2\/product\/30344","targetHints":{"allow":["GET"]}}],"collection":[{"href":"https:\/\/stg-nations.com\/es\/wp-json\/wp\/v2\/product"}],"about":[{"href":"https:\/\/stg-nations.com\/es\/wp-json\/wp\/v2\/types\/product"}],"replies":[{"embeddable":true,"href":"https:\/\/stg-nations.com\/es\/wp-json\/wp\/v2\/comments?post=30344"}],"wp:featuredmedia":[{"embeddable":true,"href":"https:\/\/stg-nations.com\/es\/wp-json\/wp\/v2\/media\/29988"}],"wp:attachment":[{"href":"https:\/\/stg-nations.com\/es\/wp-json\/wp\/v2\/media?parent=30344"}],"wp:term":[{"taxonomy":"product_brand","embeddable":true,"href":"https:\/\/stg-nations.com\/es\/wp-json\/wp\/v2\/product_brand?post=30344"},{"taxonomy":"product_cat","embeddable":true,"href":"https:\/\/stg-nations.com\/es\/wp-json\/wp\/v2\/product_cat?post=30344"},{"taxonomy":"product_tag","embeddable":true,"href":"https:\/\/stg-nations.com\/es\/wp-json\/wp\/v2\/product_tag?post=30344"}],"curies":[{"name":"wp","href":"https:\/\/api.w.org\/{rel}","templated":true}]}}