{"id":30343,"date":"2024-01-09T12:05:28","date_gmt":"2024-01-09T12:05:28","guid":{"rendered":"https:\/\/stg-nations.com\/product\/fronius-eco-25-0-3-s\/"},"modified":"2024-05-07T21:39:56","modified_gmt":"2024-05-07T21:39:56","slug":"fronius-eco-25-0-3-s","status":"publish","type":"product","link":"https:\/\/stg-nations.com\/es\/producto\/fronius-eco-25-0-3-s\/","title":{"rendered":"Fronius ECO 25.0-3-S"},"content":{"rendered":"<p><strong>Fronius<\/strong> es un fabricante austriaco de inversores solares. La empresa cuenta con m\u00e1s de 20 a\u00f1os de experiencia en el mercado fotovoltaico. Constantemente establece nuevos est\u00e1ndares en todo el mundo con el lanzamiento de sus productos revolucionarios y nuevas tecnolog\u00edas. Todos los dispositivos Fronius se caracterizan por un nivel de calidad muy alto, ya que se someten a numerosas pruebas en las condiciones modernas de desarrollo tecnol\u00f3gico.<\/p>\n<p><strong>Cada inversor de red Fronius se construye bas\u00e1ndose en las siguientes tecnolog\u00edas:<\/strong><\/p>\n<p><strong>Sistema de montaje SnapINverter<\/strong> &#8211; especialmente dise\u00f1ado para simplificar la instalaci\u00f3n: la unidad de conexi\u00f3n y la unidad de potencia est\u00e1n separadas y su instalaci\u00f3n se realiza por separado. Primero, se monta el bloque de conexi\u00f3n, al que se conectan todos los contactos necesarios: se conectan m\u00f3dulos fotogr\u00e1ficos, red, l\u00ednea de informaci\u00f3n. Luego, en el m\u00f3dulo montado, que tambi\u00e9n es el nodo de instalaci\u00f3n del inversor, se \u00abcuelga\u00bb la unidad de potencia: el inversor. Un sistema de este tipo es lo m\u00e1s f\u00e1cil de usar posible durante la instalaci\u00f3n y el mantenimiento. El inversor se ubica y fija simplemente en la unidad de comunicaci\u00f3n de pared. Para realizar operaciones de servicio, no es necesario desmontar el inversor, s\u00f3lo la unidad de potencia. Todas las conexiones, ajustes y par\u00e1metros de configuraci\u00f3n permanecen en su lugar.<\/p>\n<p>Interfaz WLAN incorporada. Fronius es el primer fabricante que implementa esta tecnolog\u00eda en un inversor. Por tanto, no se necesitan cables adicionales para la conexi\u00f3n informativa del inversor.<\/p>\n<p><strong>DynamicPeakManager<\/strong> es un nuevo algoritmo mejorado de seguimiento de potencia m\u00e1xima que adapta din\u00e1micamente su mecanismo de seguimiento dependiendo de las condiciones previas. Una caracter\u00edstica del algoritmo es encontrar el punto global de m\u00e1ximo rendimiento incluso con sombreado parcial del fotocampo.<\/p>\n<p><strong>Apoyo a las redes \u00abinteligentes\u00bb del futuro.<\/strong> El inversor est\u00e1 t\u00e9cnicamente equipado para satisfacer las necesidades de las redes del futuro, cuando el componente de fuentes alternativas se vuelva significativo.<\/p>\n","protected":false},"excerpt":{"rendered":"<p>Fronius es un fabricante austriaco de inversores solares. La empresa cuenta con m\u00e1s de 20 a\u00f1os de experiencia en el mercado fotovoltaico. Constantemente establece nuevos est\u00e1ndares en todo el mundo&hellip;<\/p>\n","protected":false},"featured_media":29988,"comment_status":"open","ping_status":"closed","template":"","meta":{"inline_featured_image":false},"product_brand":[],"product_cat":[373],"product_tag":[],"class_list":{"0":"post-30343","1":"product","2":"type-product","3":"status-publish","4":"has-post-thumbnail","6":"product_cat-inversores","8":"first","9":"instock","10":"shipping-taxable","11":"purchasable","12":"product-type-simple"},"_links":{"self":[{"href":"https:\/\/stg-nations.com\/es\/wp-json\/wp\/v2\/product\/30343","targetHints":{"allow":["GET"]}}],"collection":[{"href":"https:\/\/stg-nations.com\/es\/wp-json\/wp\/v2\/product"}],"about":[{"href":"https:\/\/stg-nations.com\/es\/wp-json\/wp\/v2\/types\/product"}],"replies":[{"embeddable":true,"href":"https:\/\/stg-nations.com\/es\/wp-json\/wp\/v2\/comments?post=30343"}],"wp:featuredmedia":[{"embeddable":true,"href":"https:\/\/stg-nations.com\/es\/wp-json\/wp\/v2\/media\/29988"}],"wp:attachment":[{"href":"https:\/\/stg-nations.com\/es\/wp-json\/wp\/v2\/media?parent=30343"}],"wp:term":[{"taxonomy":"product_brand","embeddable":true,"href":"https:\/\/stg-nations.com\/es\/wp-json\/wp\/v2\/product_brand?post=30343"},{"taxonomy":"product_cat","embeddable":true,"href":"https:\/\/stg-nations.com\/es\/wp-json\/wp\/v2\/product_cat?post=30343"},{"taxonomy":"product_tag","embeddable":true,"href":"https:\/\/stg-nations.com\/es\/wp-json\/wp\/v2\/product_tag?post=30343"}],"curies":[{"name":"wp","href":"https:\/\/api.w.org\/{rel}","templated":true}]}}