{"id":30342,"date":"2024-01-09T12:07:03","date_gmt":"2024-01-09T12:07:03","guid":{"rendered":"https:\/\/stg-nations.com\/product\/fronius-eco-27-0-3-s-light\/"},"modified":"2024-01-27T15:00:57","modified_gmt":"2024-01-27T15:00:57","slug":"fronius-eco-27-0-3-s-light","status":"publish","type":"product","link":"https:\/\/stg-nations.com\/es\/producto\/fronius-eco-27-0-3-s-light\/","title":{"rendered":"Fronius ECO 27.0-3-S Luz"},"content":{"rendered":"<p>Los inversores de red ligeros Fronius Fronius ECO 27.0-3 son una parte integral de las centrales el\u00e9ctricas de red (hasta 27 kW). El trabajo de este convertidor consiste en convertir tensi\u00f3n constante en tensi\u00f3n variable transfiri\u00e9ndola a la red el\u00e9ctrica externa.<\/p>\n<p>El convertidor est\u00e1 dise\u00f1ado para funcionar con un panel solar con una capacidad de 27 kW, es decir, tiene 2 seguidores MPRT. Gracias al sistema de montaje estandarizado ShnapINverter, el convertidor se puede montar f\u00e1cilmente en la pared con la m\u00e1xima comodidad.<\/p>\n<p>La principal ventaja de los inversores Fronius es que mantienen la funci\u00f3n de limitar la generaci\u00f3n de electricidad a la red. Esta opci\u00f3n es especialmente relevante tanto para las centrales el\u00e9ctricas que se instalan seg\u00fan la tarifa verde como para las centrales el\u00e9ctricas de la red ordinaria.<\/p>\n<p>Una caracter\u00edstica igualmente importante de los inversores Fronius es la capacidad de cambiar el punto de m\u00e1xima potencia en funci\u00f3n de la iluminaci\u00f3n del fotom\u00f3dulo. Denamic Peak Manager rastrea autom\u00e1ticamente el punto de m\u00e1xima potencia y optimiza el rendimiento del inversor.<\/p>\n<p>Gracias al uso de un moderno microcontrolador ARM CORTEX M3, el convertidor analiza de forma eficaz y r\u00e1pida los par\u00e1metros de funcionamiento de la planta de energ\u00eda solar y, en funci\u00f3n de sus par\u00e1metros, toma determinadas decisiones.<\/p>\n<p>La presencia de un servidor WEB incorporado permite al usuario analizar los par\u00e1metros de la red el\u00e9ctrica o de la generaci\u00f3n de electricidad. El inversor de red dispone de un certificado de conformidad, que se requiere cuando se conecta a una tarifa verde.<\/p>\n<p>Caracter\u00edsticas<\/p>\n<ul>\n<li>Modelo: Fronius ECO 27.0-3 ligero<\/li>\n<\/ul>\n<p>Caracter\u00edsticas de entrada<\/p>\n<ul>\n<li>Corriente de entrada m\u00e1xima: 47,7 A<\/li>\n<li>Tensi\u00f3n m\u00ednima: 580 V<\/li>\n<li>Tensi\u00f3n nominal &#8211; 650 V<\/li>\n<li>Tensi\u00f3n m\u00e1xima: 1000 V<\/li>\n<li>Rango MRRT 580 &#8211; 850 V<\/li>\n<li>N\u00famero de rastreadores MRRT &#8211; 1 unidad<\/li>\n<\/ul>\n<p>Caracter\u00edsticas iniciales<\/p>\n<ul>\n<li>Potencia nominal: 27.000 W<\/li>\n<li>Potencia m\u00e1xima: 27.000 VA<\/li>\n<li>Corriente m\u00e1xima: 39,0 A<\/li>\n<li>El n\u00famero de fases es 3<\/li>\n<li>Frecuencia de red: 50 Hz<\/li>\n<\/ul>\n<p>Caracter\u00edsticas generales<\/p>\n<ul>\n<li>Dimensiones: 725 x 510 x 225 mm<\/li>\n<li>Peso: 35,7 kg<\/li>\n<li>Tipo de protecci\u00f3n &#8211; IR 65<\/li>\n<li>Reg\u00edmenes de temperatura (-40 &#8211; +55 \u00b0C)<\/li>\n<li>Humedad &#8211; (0 &#8211; 100 %)<\/li>\n<\/ul>\n<p>Interfaz de intercambio<\/p>\n<ul>\n<li>WLAN \/ LAN Ethernet, USB (2x RS422 (toma RJ45))<\/li>\n<\/ul>\n","protected":false},"excerpt":{"rendered":"<p>Los inversores de red ligeros Fronius Fronius ECO 27.0-3 son una parte integral de las centrales el\u00e9ctricas de red (hasta 27 kW). El trabajo de este convertidor consiste en convertir&hellip;<\/p>\n","protected":false},"featured_media":29988,"comment_status":"open","ping_status":"closed","template":"","meta":{"inline_featured_image":false},"product_brand":[],"product_cat":[373],"product_tag":[],"class_list":{"0":"post-30342","1":"product","2":"type-product","3":"status-publish","4":"has-post-thumbnail","6":"product_cat-inversores","8":"first","9":"instock","10":"sale","11":"shipping-taxable","12":"purchasable","13":"product-type-simple"},"_links":{"self":[{"href":"https:\/\/stg-nations.com\/es\/wp-json\/wp\/v2\/product\/30342","targetHints":{"allow":["GET"]}}],"collection":[{"href":"https:\/\/stg-nations.com\/es\/wp-json\/wp\/v2\/product"}],"about":[{"href":"https:\/\/stg-nations.com\/es\/wp-json\/wp\/v2\/types\/product"}],"replies":[{"embeddable":true,"href":"https:\/\/stg-nations.com\/es\/wp-json\/wp\/v2\/comments?post=30342"}],"wp:featuredmedia":[{"embeddable":true,"href":"https:\/\/stg-nations.com\/es\/wp-json\/wp\/v2\/media\/29988"}],"wp:attachment":[{"href":"https:\/\/stg-nations.com\/es\/wp-json\/wp\/v2\/media?parent=30342"}],"wp:term":[{"taxonomy":"product_brand","embeddable":true,"href":"https:\/\/stg-nations.com\/es\/wp-json\/wp\/v2\/product_brand?post=30342"},{"taxonomy":"product_cat","embeddable":true,"href":"https:\/\/stg-nations.com\/es\/wp-json\/wp\/v2\/product_cat?post=30342"},{"taxonomy":"product_tag","embeddable":true,"href":"https:\/\/stg-nations.com\/es\/wp-json\/wp\/v2\/product_tag?post=30342"}],"curies":[{"name":"wp","href":"https:\/\/api.w.org\/{rel}","templated":true}]}}