{"id":30340,"date":"2024-01-10T08:06:22","date_gmt":"2024-01-10T08:06:22","guid":{"rendered":"https:\/\/stg-nations.com\/product\/fronius-smart-meter-ts100-a\/"},"modified":"2024-01-27T13:46:09","modified_gmt":"2024-01-27T13:46:09","slug":"fronius-smart-meter-ts100-a","status":"publish","type":"product","link":"https:\/\/stg-nations.com\/es\/producto\/fronius-smart-meter-ts100-a\/","title":{"rendered":"Medidor inteligente Fronius TS100-A"},"content":{"rendered":"<p>El contador Fronius Smart Meter TS 100A-1 es un contador monof\u00e1sico bidireccional instalado en una central el\u00e9ctrica con una capacidad de hasta 20 kW.<\/p>\n<p>Los contadores actualizados de la versi\u00f3n TS tienen una instalaci\u00f3n m\u00e1s sencilla, una navegaci\u00f3n conveniente por el men\u00fa y una pantalla t\u00e1ctil.<\/p>\n<p>El contador tiene en cuenta y optimiza el consumo interno de la red.<\/p>\n<p>Si la planta solar produce m\u00e1s electricidad de la necesaria para el consumo interno, reduce la producci\u00f3n de electricidad a trav\u00e9s del inversor.<\/p>\n<p>De esta forma, el exceso de electricidad no entra en la red general y no altera su equilibrio.<\/p>\n<p>Gracias a las mediciones de alta precisi\u00f3n y al r\u00e1pido intercambio de datos a trav\u00e9s de la interfaz Modbus RTU, la gesti\u00f3n de la vista din\u00e1mica es m\u00e1s r\u00e1pida y precisa.<\/p>\n<p>Si conecta el contador a Fronius Solar.web, tendr\u00e1 la oportunidad de revisar el consumo de energ\u00eda en casa.<\/p>\n<p>El contador Fronius Smart Meter TS 100A-1 proporciona una gesti\u00f3n perfectamente coordinada de los distintos flujos de energ\u00eda y optimiza la gesti\u00f3n general del consumo de energ\u00eda.<\/p>\n<div>Combinado para su uso con inversores Fronius Primo en el kit Datamanager 2.0.<\/div>\n<div>\n<ul>\n<li>Tensi\u00f3n nominal 230 V, desviaci\u00f3n de tensi\u00f3n permitida -30% +20%<\/li>\n<li>Intensidad de corriente m\u00e1xima 100 A<\/li>\n<li>Consumo propio 1 W<\/li>\n<li>Corriente de arranque 40,0 mA<\/li>\n<li>Grado de protecci\u00f3n IP 51 (panel frontal) \/ IP 20 (terminales)<\/li>\n<li>Pantalla t\u00e1ctil<\/li>\n<li>Rango de temperatura de funcionamiento &#8211; 25 &#8211; + 65 \u00b0C<\/li>\n<li>Conexi\u00f3n al inversor mediante Modbus RTU (RS485)<\/li>\n<li>Dimensiones 91,5*35,8*63 mm<\/li>\n<\/ul>\n<\/div>\n<p>&nbsp;<\/p>\n","protected":false},"excerpt":{"rendered":"<p>El contador Fronius Smart Meter TS 100A-1 es un contador monof\u00e1sico bidireccional instalado en una central el\u00e9ctrica con una capacidad de hasta 20 kW. Los contadores actualizados de la versi\u00f3n&hellip;<\/p>\n","protected":false},"featured_media":30036,"comment_status":"open","ping_status":"closed","template":"","meta":{"inline_featured_image":false},"product_brand":[],"product_cat":[370],"product_tag":[],"class_list":{"0":"post-30340","1":"product","2":"type-product","3":"status-publish","4":"has-post-thumbnail","6":"product_cat-componente","8":"first","9":"instock","10":"sale","11":"shipping-taxable","12":"purchasable","13":"product-type-simple"},"_links":{"self":[{"href":"https:\/\/stg-nations.com\/es\/wp-json\/wp\/v2\/product\/30340","targetHints":{"allow":["GET"]}}],"collection":[{"href":"https:\/\/stg-nations.com\/es\/wp-json\/wp\/v2\/product"}],"about":[{"href":"https:\/\/stg-nations.com\/es\/wp-json\/wp\/v2\/types\/product"}],"replies":[{"embeddable":true,"href":"https:\/\/stg-nations.com\/es\/wp-json\/wp\/v2\/comments?post=30340"}],"wp:featuredmedia":[{"embeddable":true,"href":"https:\/\/stg-nations.com\/es\/wp-json\/wp\/v2\/media\/30036"}],"wp:attachment":[{"href":"https:\/\/stg-nations.com\/es\/wp-json\/wp\/v2\/media?parent=30340"}],"wp:term":[{"taxonomy":"product_brand","embeddable":true,"href":"https:\/\/stg-nations.com\/es\/wp-json\/wp\/v2\/product_brand?post=30340"},{"taxonomy":"product_cat","embeddable":true,"href":"https:\/\/stg-nations.com\/es\/wp-json\/wp\/v2\/product_cat?post=30340"},{"taxonomy":"product_tag","embeddable":true,"href":"https:\/\/stg-nations.com\/es\/wp-json\/wp\/v2\/product_tag?post=30340"}],"curies":[{"name":"wp","href":"https:\/\/api.w.org\/{rel}","templated":true}]}}