{"id":30339,"date":"2024-01-10T08:09:18","date_gmt":"2024-01-10T08:09:18","guid":{"rendered":"https:\/\/stg-nations.com\/product\/fronius-smart-meter-65a-3\/"},"modified":"2024-01-27T13:46:04","modified_gmt":"2024-01-27T13:46:04","slug":"fronius-smart-meter-65a-3","status":"publish","type":"product","link":"https:\/\/stg-nations.com\/es\/producto\/fronius-smart-meter-65a-3\/","title":{"rendered":"Medidor inteligente Fronius 65A-3"},"content":{"rendered":"<p>El medidor de energ\u00eda el\u00e9ctrica Smart Meter TS es necesario para transmitir al sistema de monitoreo de Fronius informaci\u00f3n m\u00e1s precisa sobre la energ\u00eda generada en la red, porque los indicadores normales del inversor no tienen en cuenta las p\u00e9rdidas de energ\u00eda en la red y el consumo propio del objeto, por lo que en los inversores convencionales existe una discrepancia entre los indicadores del sistema de monitoreo y el medidor de electricidad, que se utiliza para la liquidaci\u00f3n mutua con el estado. Adem\u00e1s, estos medidores se utilizan para construir sistemas para consumo propio.<br \/>\nEn los contadores actualizados de la versi\u00f3n TS, puede ver una instalaci\u00f3n m\u00e1s sencilla, una c\u00f3moda navegaci\u00f3n por el men\u00fa, una pantalla t\u00e1ctil y tambi\u00e9n un 25% menos de espacio necesario para su instalaci\u00f3n.<\/p>\n<p>Pa\u00eds de fabricaci\u00f3n: Austria.<\/p>\n","protected":false},"excerpt":{"rendered":"<p>El medidor de energ\u00eda el\u00e9ctrica Smart Meter TS es necesario para transmitir al sistema de monitoreo de Fronius informaci\u00f3n m\u00e1s precisa sobre la energ\u00eda generada en la red, porque los&hellip;<\/p>\n","protected":false},"featured_media":30045,"comment_status":"open","ping_status":"closed","template":"","meta":{"inline_featured_image":false},"product_brand":[],"product_cat":[370],"product_tag":[],"class_list":{"0":"post-30339","1":"product","2":"type-product","3":"status-publish","4":"has-post-thumbnail","6":"product_cat-componente","8":"first","9":"instock","10":"sale","11":"shipping-taxable","12":"purchasable","13":"product-type-simple"},"_links":{"self":[{"href":"https:\/\/stg-nations.com\/es\/wp-json\/wp\/v2\/product\/30339","targetHints":{"allow":["GET"]}}],"collection":[{"href":"https:\/\/stg-nations.com\/es\/wp-json\/wp\/v2\/product"}],"about":[{"href":"https:\/\/stg-nations.com\/es\/wp-json\/wp\/v2\/types\/product"}],"replies":[{"embeddable":true,"href":"https:\/\/stg-nations.com\/es\/wp-json\/wp\/v2\/comments?post=30339"}],"wp:featuredmedia":[{"embeddable":true,"href":"https:\/\/stg-nations.com\/es\/wp-json\/wp\/v2\/media\/30045"}],"wp:attachment":[{"href":"https:\/\/stg-nations.com\/es\/wp-json\/wp\/v2\/media?parent=30339"}],"wp:term":[{"taxonomy":"product_brand","embeddable":true,"href":"https:\/\/stg-nations.com\/es\/wp-json\/wp\/v2\/product_brand?post=30339"},{"taxonomy":"product_cat","embeddable":true,"href":"https:\/\/stg-nations.com\/es\/wp-json\/wp\/v2\/product_cat?post=30339"},{"taxonomy":"product_tag","embeddable":true,"href":"https:\/\/stg-nations.com\/es\/wp-json\/wp\/v2\/product_tag?post=30339"}],"curies":[{"name":"wp","href":"https:\/\/api.w.org\/{rel}","templated":true}]}}