{"id":30337,"date":"2024-01-10T08:10:50","date_gmt":"2024-01-10T08:10:50","guid":{"rendered":"https:\/\/stg-nations.com\/product\/fronius-smart-meter-5ka\/"},"modified":"2024-01-27T13:34:09","modified_gmt":"2024-01-27T13:34:09","slug":"fronius-smart-meter-5ka","status":"publish","type":"product","link":"https:\/\/stg-nations.com\/es\/producto\/fronius-smart-meter-5ka\/","title":{"rendered":"Medidor inteligente Fronius 5kA"},"content":{"rendered":"<p>El medidor de energ\u00eda el\u00e9ctrica Smart Meter TS es necesario para transmitir al sistema de monitoreo de Fronius informaci\u00f3n m\u00e1s precisa sobre la energ\u00eda generada en la red, porque los indicadores normales del inversor no tienen en cuenta las p\u00e9rdidas de energ\u00eda en la red y el consumo propio del objeto, por lo que en los inversores convencionales existe una discrepancia entre los indicadores del sistema de monitoreo y el medidor de electricidad, que se utiliza para la liquidaci\u00f3n mutua con el estado. Adem\u00e1s, estos medidores se utilizan para construir sistemas para consumo propio.<br \/>\nEn los contadores actualizados de la versi\u00f3n TS, puede ver una instalaci\u00f3n m\u00e1s sencilla, una c\u00f3moda navegaci\u00f3n por el men\u00fa, una pantalla t\u00e1ctil y tambi\u00e9n un 25% menos de espacio necesario para su instalaci\u00f3n.<\/p>\n<p>Fronius Smart Meter TS es un medidor bidireccional que optimiza el consumo, crea gr\u00e1ficos de carga y monitorea los flujos de energ\u00eda en el sistema. Gracias a las mediciones de alta precisi\u00f3n y a la r\u00e1pida comunicaci\u00f3n a trav\u00e9s de la interfaz Modbus RTU, es perfectamente adecuado para la regulaci\u00f3n din\u00e1mica de la potencia de salida en sistemas fotovoltaicos para autoconsumo con inyecci\u00f3n cero.<br \/>\nJunto con Fronius Solar.web, Smart Meter TS presenta una visi\u00f3n clara del consumo de energ\u00eda. En combinaci\u00f3n con soluciones de almacenamiento de energ\u00eda, el dispositivo garantiza la coordinaci\u00f3n de varios flujos de energ\u00eda, lo que optimiza toda la gesti\u00f3n energ\u00e9tica del sistema fotovoltaico.<br \/>\nEl Fronius Smart Meter TS es ideal para su uso con GEN24 Plus y Tauro y tambi\u00e9n es compatible con todos los inversores Fronius anteriores al Fronius Datamanager 2.0.<\/p>\n<p><b>Datos t\u00e9cnicos:<\/b><\/p>\n<ul>\n<li>Tensi\u00f3n nominal: 220 &#8211; 480 V<\/li>\n<li>Desviaci\u00f3n de tensi\u00f3n permitida: -20 % &#8211; +15 %<\/li>\n<li>Frecuencia nominal: 50 &#8211; 60 Hz<\/li>\n<li>Rango de frecuencia: 45 &#8211; 65 Hz<\/li>\n<li>Corriente m\u00e1xima: 3*5000 A<\/li>\n<li>Secci\u00f3n transversal del conductor de alimentaci\u00f3n: 1 &#8211; 4 mm\u00b2<\/li>\n<li>Secci\u00f3n transversal del conductor neutro: 1 &#8211; 4 mm\u00b2<\/li>\n<li>Secci\u00f3n del conductor de la l\u00ednea de informaci\u00f3n: 0,05 &#8211; 1,5 mm\u00b2<\/li>\n<li>Consumo de energ\u00eda: &lt;=1 W<\/li>\n<li>Corriente de arranque: 10 mA<\/li>\n<li>Clase de precisi\u00f3n: 1<\/li>\n<li>Precisi\u00f3n de energ\u00eda activa: Clase 1 (EN62053-21) \/ Clase B (EN50470-3)<\/li>\n<li>Precisi\u00f3n de la energ\u00eda reactiva: Clase 2 (EN 62053-23)<\/li>\n<li>Sobrecarga de corriente a corto plazo: 25 A\/500 ms<\/li>\n<li>Montaje: Interior (carril DIN)<\/li>\n<li>Carcasa: 3 m\u00f3dulos DIN 43880<\/li>\n<li>Grado de protecci\u00f3n: IP 51 (panel frontal), IP 20 (terminales)<\/li>\n<li>Rango de temperatura de trabajo: -25&#8230;+65 grados C<\/li>\n<li>Dimensiones (alto x ancho x profundidad): 91,5 x 53,8 x 63,0 mm<\/li>\n<li>Interfaz al inversor: Modbus RTU (RS485)<\/li>\n<li>Pantalla: Digital\/t\u00e1ctil<\/li>\n<\/ul>\n","protected":false},"excerpt":{"rendered":"<p>El medidor de energ\u00eda el\u00e9ctrica Smart Meter TS es necesario para transmitir al sistema de monitoreo de Fronius informaci\u00f3n m\u00e1s precisa sobre la energ\u00eda generada en la red, porque los&hellip;<\/p>\n","protected":false},"featured_media":30051,"comment_status":"open","ping_status":"closed","template":"","meta":{"inline_featured_image":false},"product_brand":[],"product_cat":[370],"product_tag":[],"class_list":{"0":"post-30337","1":"product","2":"type-product","3":"status-publish","4":"has-post-thumbnail","6":"product_cat-componente","8":"first","9":"instock","10":"sale","11":"shipping-taxable","12":"purchasable","13":"product-type-simple"},"_links":{"self":[{"href":"https:\/\/stg-nations.com\/es\/wp-json\/wp\/v2\/product\/30337","targetHints":{"allow":["GET"]}}],"collection":[{"href":"https:\/\/stg-nations.com\/es\/wp-json\/wp\/v2\/product"}],"about":[{"href":"https:\/\/stg-nations.com\/es\/wp-json\/wp\/v2\/types\/product"}],"replies":[{"embeddable":true,"href":"https:\/\/stg-nations.com\/es\/wp-json\/wp\/v2\/comments?post=30337"}],"wp:featuredmedia":[{"embeddable":true,"href":"https:\/\/stg-nations.com\/es\/wp-json\/wp\/v2\/media\/30051"}],"wp:attachment":[{"href":"https:\/\/stg-nations.com\/es\/wp-json\/wp\/v2\/media?parent=30337"}],"wp:term":[{"taxonomy":"product_brand","embeddable":true,"href":"https:\/\/stg-nations.com\/es\/wp-json\/wp\/v2\/product_brand?post=30337"},{"taxonomy":"product_cat","embeddable":true,"href":"https:\/\/stg-nations.com\/es\/wp-json\/wp\/v2\/product_cat?post=30337"},{"taxonomy":"product_tag","embeddable":true,"href":"https:\/\/stg-nations.com\/es\/wp-json\/wp\/v2\/product_tag?post=30337"}],"curies":[{"name":"wp","href":"https:\/\/api.w.org\/{rel}","templated":true}]}}