{"id":30287,"date":"2024-01-10T08:12:59","date_gmt":"2024-01-10T08:12:59","guid":{"rendered":"https:\/\/stg-nations.com\/product\/fronius-datamanager-2-0\/"},"modified":"2024-01-27T13:33:59","modified_gmt":"2024-01-27T13:33:59","slug":"fronius-datamanager-2-0","status":"publish","type":"product","link":"https:\/\/stg-nations.com\/es\/producto\/fronius-datamanager-2-0\/","title":{"rendered":"Fronius DataManager 2.0"},"content":{"rendered":"<p>Fronius Datamanager es un centro de comunicaci\u00f3n para inversores Fronius en cualquier aplicaci\u00f3n. Siempre que se conecta a Internet a trav\u00e9s de una red local o inal\u00e1mbrica, el Fronius Datamanager env\u00eda los valores de la instalaci\u00f3n fotovoltaica directamente al portal en l\u00ednea Fronius Solar.web. Esto le brinda una descripci\u00f3n general de c\u00f3mo est\u00e1 funcionando el sistema en un momento dado. Fronius Datamanager le permite conectar los inversores directamente a Internet a trav\u00e9s de WLAN. Adem\u00e1s, la monitorizaci\u00f3n \u00f3ptima del sistema y la configuraci\u00f3n del Datamanager se pueden realizar a trav\u00e9s de un sitio web espec\u00edfico en el servidor web integrado del Fronius Datamanager. Las interfaces integradas Modbus RTU SunSpec, Modbus TCP SunSpec y Fronius Solar API (JSON para valores reales) permiten una conexi\u00f3n perfecta de los inversores Fronius con sistemas de terceros y el funcionamiento en paralelo con Fronius Solar.web.<\/p>\n<div>Fronius Datamanager es el centro de comunicaci\u00f3n de los inversores Fronius para diversas aplicaciones. Siempre que se conecta a Internet a trav\u00e9s de una red local o inal\u00e1mbrica, el Fronius Datamanager env\u00eda los valores de la instalaci\u00f3n fotovoltaica directamente al portal en l\u00ednea Fronius Solar.web. Esto le brinda una descripci\u00f3n general de c\u00f3mo est\u00e1 funcionando el sistema en un momento dado.<\/div>\n","protected":false},"excerpt":{"rendered":"<p>Fronius Datamanager es un centro de comunicaci\u00f3n para inversores Fronius en cualquier aplicaci\u00f3n. Siempre que se conecta a Internet a trav\u00e9s de una red local o inal\u00e1mbrica, el Fronius Datamanager&hellip;<\/p>\n","protected":false},"featured_media":30056,"comment_status":"open","ping_status":"closed","template":"","meta":{"inline_featured_image":false},"product_brand":[],"product_cat":[370],"product_tag":[],"class_list":{"0":"post-30287","1":"product","2":"type-product","3":"status-publish","4":"has-post-thumbnail","6":"product_cat-componente","8":"first","9":"instock","10":"sale","11":"shipping-taxable","12":"purchasable","13":"product-type-simple"},"_links":{"self":[{"href":"https:\/\/stg-nations.com\/es\/wp-json\/wp\/v2\/product\/30287","targetHints":{"allow":["GET"]}}],"collection":[{"href":"https:\/\/stg-nations.com\/es\/wp-json\/wp\/v2\/product"}],"about":[{"href":"https:\/\/stg-nations.com\/es\/wp-json\/wp\/v2\/types\/product"}],"replies":[{"embeddable":true,"href":"https:\/\/stg-nations.com\/es\/wp-json\/wp\/v2\/comments?post=30287"}],"wp:featuredmedia":[{"embeddable":true,"href":"https:\/\/stg-nations.com\/es\/wp-json\/wp\/v2\/media\/30056"}],"wp:attachment":[{"href":"https:\/\/stg-nations.com\/es\/wp-json\/wp\/v2\/media?parent=30287"}],"wp:term":[{"taxonomy":"product_brand","embeddable":true,"href":"https:\/\/stg-nations.com\/es\/wp-json\/wp\/v2\/product_brand?post=30287"},{"taxonomy":"product_cat","embeddable":true,"href":"https:\/\/stg-nations.com\/es\/wp-json\/wp\/v2\/product_cat?post=30287"},{"taxonomy":"product_tag","embeddable":true,"href":"https:\/\/stg-nations.com\/es\/wp-json\/wp\/v2\/product_tag?post=30287"}],"curies":[{"name":"wp","href":"https:\/\/api.w.org\/{rel}","templated":true}]}}