{"id":30286,"date":"2024-01-10T08:18:51","date_gmt":"2024-01-10T08:18:51","guid":{"rendered":"https:\/\/stg-nations.com\/product\/fronius-backup-power-box\/"},"modified":"2025-10-26T14:42:42","modified_gmt":"2025-10-26T14:42:42","slug":"fronius-backup-power-box","status":"publish","type":"product","link":"https:\/\/stg-nations.com\/es\/producto\/fronius-backup-power-box\/","title":{"rendered":"Caja de energ\u00eda de respaldo Fronius"},"content":{"rendered":"<p>Un fallo el\u00e9ctrico siempre es un inconveniente, una excavadora r\u00e1pida y una grieta: toda la calle se queda a oscuras. Incluso si realmente no deseamos hacer planes para tal situaci\u00f3n, la posibilidad t\u00e9cnica de una fuente de energ\u00eda de respaldo aut\u00f3noma crea una sensaci\u00f3n de seguridad inaudita. Despu\u00e9s de todo, la propia planta fotovoltaica cambia autom\u00e1ticamente al modo aut\u00f3nomo y abastece a todos los consumidores importantes.<\/p>\n<p>Ventajas del producto:<\/p>\n<p>\u2022 En desconexi\u00f3n omnipolar + funci\u00f3n FRT para Austria<\/p>\n<p>\u2022 Contador integrado Fronius Smart Meter TS65A-3<\/p>\n<p>\u2022 Es posible cambiar la conexi\u00f3n completa de la casa.<\/p>\n<p>Caracter\u00edsticas del producto:<\/p>\n<p>\u2022 M\u00e1x. potencia t\u00e9rmica: 20,0 kW<\/p>\n<p>\u2022 Tipos de red aceptables: TT (previa consulta con VNB), TN-S<\/p>\n<p>\u2022 Conexi\u00f3n CA: terminal de resorte<\/p>\n<p>\u2022 M\u00e1x. Secci\u00f3n transversal del cable: 16 mm\u00b2<\/p>\n<p>Grado de protecci\u00f3n: IP 65<\/p>\n<p>\u2022 Dimensiones: 600 x 315 x 155 mm (alto x ancho x fondo)<\/p>\n<p>\u2022Peso: 11,0 kg<\/p>\n<p>\u2022 Aplicable con: Symo Gen24 plus 6.0 \/ 8.0 \/ 10.0<\/p>\n","protected":false},"excerpt":{"rendered":"<p>Un fallo el\u00e9ctrico siempre es un inconveniente, una excavadora r\u00e1pida y una grieta: toda la calle se queda a oscuras. Incluso si realmente no deseamos hacer planes para tal situaci\u00f3n,&hellip;<\/p>\n","protected":false},"featured_media":30061,"comment_status":"open","ping_status":"closed","template":"","meta":{"inline_featured_image":false},"product_brand":[],"product_cat":[370],"product_tag":[],"class_list":{"0":"post-30286","1":"product","2":"type-product","3":"status-publish","4":"has-post-thumbnail","6":"product_cat-componente","8":"first","9":"instock","10":"sale","11":"shipping-taxable","12":"purchasable","13":"product-type-simple"},"_links":{"self":[{"href":"https:\/\/stg-nations.com\/es\/wp-json\/wp\/v2\/product\/30286","targetHints":{"allow":["GET"]}}],"collection":[{"href":"https:\/\/stg-nations.com\/es\/wp-json\/wp\/v2\/product"}],"about":[{"href":"https:\/\/stg-nations.com\/es\/wp-json\/wp\/v2\/types\/product"}],"replies":[{"embeddable":true,"href":"https:\/\/stg-nations.com\/es\/wp-json\/wp\/v2\/comments?post=30286"}],"wp:featuredmedia":[{"embeddable":true,"href":"https:\/\/stg-nations.com\/es\/wp-json\/wp\/v2\/media\/30061"}],"wp:attachment":[{"href":"https:\/\/stg-nations.com\/es\/wp-json\/wp\/v2\/media?parent=30286"}],"wp:term":[{"taxonomy":"product_brand","embeddable":true,"href":"https:\/\/stg-nations.com\/es\/wp-json\/wp\/v2\/product_brand?post=30286"},{"taxonomy":"product_cat","embeddable":true,"href":"https:\/\/stg-nations.com\/es\/wp-json\/wp\/v2\/product_cat?post=30286"},{"taxonomy":"product_tag","embeddable":true,"href":"https:\/\/stg-nations.com\/es\/wp-json\/wp\/v2\/product_tag?post=30286"}],"curies":[{"name":"wp","href":"https:\/\/api.w.org\/{rel}","templated":true}]}}