{"id":30281,"date":"2024-01-08T13:31:40","date_gmt":"2024-01-08T13:31:40","guid":{"rendered":"https:\/\/stg-nations.com\/product\/deye-sun-20k-sg01hp3-eu-am2\/"},"modified":"2024-01-29T10:01:04","modified_gmt":"2024-01-29T10:01:04","slug":"deye-sun-20k-sg01hp3-eu-am2","status":"publish","type":"product","link":"https:\/\/stg-nations.com\/es\/producto\/deye-sun-20k-sg01hp3-eu-am2\/","title":{"rendered":"Deye SUN-20K-SG01HP3-EU-AM2"},"content":{"rendered":"<p><strong>Deye SUN-20K-SG01HP3-EU-AM2<\/strong> es un inversor h\u00edbrido trif\u00e1sico de alto voltaje para plantas de energ\u00eda solar. Este inversor se utiliza para convertir la corriente continua (DC) producida por los paneles solares en corriente alterna (AC) que puede usarse para alimentar los electrodom\u00e9sticos de su hogar y el excedente vendido a la red a trav\u00e9s del programa Tarifa Verde.<\/p>\n<p>Un inversor h\u00edbrido es un dispositivo electr\u00f3nico que combina las funciones de un inversor de red convencional para paneles solares con otras funciones, como la carga de bater\u00edas y el soporte para el funcionamiento fuera de la red. Es decir, alimentar los dispositivos desde el AB.<\/p>\n<p>Los <strong>Deye SUN-20K-SG01HP3-EU-AM2<\/strong> se utilizan en muchas \u00e1reas donde se requiere alta potencia y alta eficiencia de conversi\u00f3n de energ\u00eda. Estas son algunas de las \u00e1reas de uso m\u00e1s comunes de los inversores de alto voltaje:<\/p>\n<ol>\n<li><strong>Energ\u00eda solar:<\/strong> se utilizan inversores de alto voltaje para conectar los paneles solares a la red el\u00e9ctrica.<\/li>\n<li><strong>Equipo m\u00e9dico<\/strong>: los inversores de alto voltaje se utilizan para alimentar equipos m\u00e9dicos como l\u00e1seres, im\u00e1genes por resonancia magn\u00e9tica (MRI) y m\u00e1s.<\/li>\n<li><strong>Infraestructura<\/strong>: Los inversores de alto voltaje se utilizan para alimentar sistemas de infraestructura como iluminaci\u00f3n, sistemas de se\u00f1alizaci\u00f3n, sistemas de transporte, ventilaci\u00f3n y sistemas de aire acondicionado.<\/li>\n<li><strong>Industria:<\/strong> los inversores de alto voltaje se utilizan para alimentar motores el\u00e9ctricos de alta potencia utilizados en la industria.<\/li>\n<li><strong>Tecnolog\u00edas de la informaci\u00f3n:<\/strong> los inversores de alto voltaje se utilizan para alimentar grandes complejos de servidores y otros sistemas de informaci\u00f3n.<\/li>\n<li><strong>Redes el\u00e9ctricas:<\/strong> los inversores de alto voltaje se utilizan para equilibrar la energ\u00eda en las redes el\u00e9ctricas y reducir las fugas de energ\u00eda.<\/li>\n<li><strong>Construcci\u00f3n:<\/strong> los inversores de alto voltaje se utilizan para alimentar instalaciones y equipos el\u00e9ctricos de construcci\u00f3n.<\/li>\n<\/ol>\n<p><strong>Deye SUN-20K-SG01HP3-EU-AM2<\/strong> tiene una potencia de 20 kW y admite tecnolog\u00eda de alto voltaje, que presenta dos ventajas fundamentales respecto a los inversores de bajo voltaje:<\/p>\n<ol>\n<li><strong>Mayor capacidad de la bater\u00eda:<\/strong> significa que la bater\u00eda puede almacenar m\u00e1s energ\u00eda el\u00e9ctrica, lo cual es una ventaja importante sobre otros inversores con menor capacidad de bater\u00eda. Si utiliza un inversor de alto voltaje con una bater\u00eda de mayor capacidad, puede garantizar un largo tiempo de funcionamiento ininterrumpido de equipos que requieren energ\u00eda constante.<\/li>\n<li><strong>Menor corriente de carga-descarga:<\/strong> significa que se requiere una menor corriente para cargar y descargar la bater\u00eda. Esto tiene varias ventajas. En primer lugar, una corriente m\u00e1s baja reduce la carga t\u00e9rmica en el AB, lo que permite aumentar la vida \u00fatil. En segundo lugar, ayuda a reducir las p\u00e9rdidas de energ\u00eda durante la carga y descarga, lo que mejora la eficiencia del inversor. En tercer lugar, la menor corriente de carga-descarga permite reducir el tama\u00f1o y peso de los cables necesarios para conectar el inversor a la bater\u00eda, lo que a su vez reduce el coste de conexi\u00f3n del inversor y proporciona una mayor flexibilidad en la ubicaci\u00f3n del pack de bater\u00edas. li&gt;<\/li>\n<\/ol>\n<p><strong>Caracter\u00edsticas del inversor Deye SUN-20K-SG01HP3-EU-AM2:<\/strong><\/p>\n<ol>\n<li><strong>Inversor trif\u00e1sico 380-400V<\/strong> de onda sinusoidal pura. Esta funci\u00f3n proporciona energ\u00eda estable y de alta calidad para dispositivos electr\u00f3nicos y el\u00e9ctricos.<\/li>\n<li><strong>Autocarga y alimentaci\u00f3n a la red<\/strong>. El inversor puede cargar autom\u00e1ticamente su bater\u00eda cuando est\u00e1 conectado a la red el\u00e9ctrica. Esto permite un suministro de energ\u00eda constante, incluso si la red el\u00e9ctrica no funciona.<\/li>\n<li><strong>Reinicio autom\u00e1tico en recuperaci\u00f3n de CA<\/strong>. El inversor se reinicia autom\u00e1ticamente despu\u00e9s de restablecer la energ\u00eda, lo que le permite ahorrar electricidad y garantizar un funcionamiento ininterrumpido.<\/li>\n<li><strong>Prioridad de bater\u00eda o red el\u00e9ctrica programada<\/strong>. El inversor se puede configurar para funcionamiento prioritario desde la bater\u00eda o la red, lo que permite ahorrar electricidad.<\/li>\n<li><strong>Se programan varios modos de funcionamiento<\/strong>: Desde la red, sin red y SAI. El inversor se puede configurar para funcionar en diferentes modos, seg\u00fan las necesidades del usuario y las condiciones de funcionamiento.<\/li>\n<li><strong>Configuraci\u00f3n de corriente\/voltaje de carga de bater\u00eda basada en aplicaciones<\/strong>. Esta funci\u00f3n permite al usuario ajustar la corriente y el voltaje de carga de la bater\u00eda mediante una aplicaci\u00f3n especial.<\/li>\n<li><strong>Configuraci\u00f3n de prioridad del cargador<\/strong> desde la red el\u00e9ctrica\/solar\/generador a trav\u00e9s de la pantalla LCD.<\/li>\n<li><strong>Compatibilidad con la tensi\u00f3n de red o la energ\u00eda del generador<\/strong>: El inversor Deye SUN-20K-SG01HP3-EU-AM2 puede funcionar tanto con la tensi\u00f3n de la red como con la energ\u00eda del generador, lo que permite una transici\u00f3n perfecta de una \u00fanica fuente de energ\u00eda a otro.<\/li>\n<li><strong>Protecci\u00f3n contra sobrecarga\/sobrecalentamiento\/cortocircuito<\/strong>: el inversor tiene mecanismos de protecci\u00f3n incorporados para brindar protecci\u00f3n contra sobrecarga, sobrecalentamiento y cortocircuito. Esto garantiza la seguridad del inversor y de los dispositivos conectados a \u00e9l.<\/li>\n<li><strong>Dise\u00f1o de cargador inteligente para optimizar la duraci\u00f3n de la bater\u00eda<\/strong>: El inversor tiene un dise\u00f1o de cargador inteligente que le permite optimizar el rendimiento de la bater\u00eda y aumentar su duraci\u00f3n.<\/li>\n<li><strong>Funci\u00f3n de limitaci\u00f3n de potencia<\/strong> evita que el exceso de energ\u00eda se derrame hacia la red: El inversor tiene una funci\u00f3n de limitaci\u00f3n de potencia que evita que el exceso de energ\u00eda se derrame hacia la red, lo que podr\u00eda da\u00f1ar el equipo.&lt;\/li &gt;<\/li>\n<li><strong>Soporte de monitoreo WIFI<\/strong> y 2 cadenas incorporadas para 1 rastreador MPP, 1 cadena para 1 rastreador MPP: El inversor tiene la capacidad de conectarse a la red mediante un m\u00f3dulo WIFI, que le permite monitorear su funcionamiento de forma remota. Adem\u00e1s, lleva incorporados 2 strings para 1 seguidor MPP y 1 string para 1 seguidor MPP, lo que permite conectarle paneles solares y garantiza un rendimiento \u00f3ptimo.<\/li>\n<li><strong>Carga MPPT inteligente de tres etapas<\/strong> con opciones seleccionables para optimizar el rendimiento de la bater\u00eda: El inversor Deye SUN-20K-SG01HP3-EU-AM2 utiliza la tecnolog\u00eda de m\u00e1xima potencia de punto de m\u00e1xima potencia (MPPT), que le permite para optimizar la carga de la bater\u00eda con la m\u00e1xima eficiencia. Esto se logra monitoreando la potencia m\u00e1xima de los paneles solares y ajustando el voltaje y la corriente de carga para garantizar la m\u00e1xima eficiencia de carga de la bater\u00eda.<\/li>\n<li><strong>Funci\u00f3n de contabilidad del tiempo de uso del inversor<\/strong> con la funci\u00f3n de contabilidad del tiempo de uso, puede realizar un seguimiento de cu\u00e1nto tiempo ha estado encendido el inversor, cu\u00e1nta energ\u00eda ha producido y cu\u00e1nta energ\u00eda se ha consumido. Permite al usuario analizar su consumo el\u00e9ctrico y la eficiencia de uso del inversor. As\u00ed, la funci\u00f3n de tiempo de uso ayuda al usuario a gestionar sus costes energ\u00e9ticos y ahorrar energ\u00eda seg\u00fan sus necesidades.<\/li>\n<li>La<\/li>\n<li><strong>funci\u00f3n de carga inteligente<\/strong> del inversor Deye SUN-20K-SG01HP3-EU-AM2 le permite gestionar autom\u00e1ticamente el consumo de electricidad de determinadas cargas conectadas. Por ejemplo, si hay exceso de energ\u00eda en el sistema, el inversor puede distribuir inteligentemente esta energ\u00eda entre diferentes cargas conectadas. El inversor Deye SUN-20K-SG01HP3-EU-AM2 tambi\u00e9n tiene un puerto GEN que se puede utilizar para conectar cargas externas como como caldera. La funci\u00f3n de carga inteligente permite que el inversor ajuste autom\u00e1ticamente el consumo de energ\u00eda de dichas cargas conectadas para garantizar un equilibrio \u00f3ptimo entre la generaci\u00f3n y el consumo de energ\u00eda. Por ejemplo, si hay un exceso de energ\u00eda, el inversor puede redirigir esta energ\u00eda a la caldera para optimizar el uso de la energ\u00eda disponible y reducir la dependencia de la red.<\/li>\n<\/ol>\n","protected":false},"excerpt":{"rendered":"<p>Deye SUN-20K-SG01HP3-EU-AM2 es un inversor h\u00edbrido trif\u00e1sico de alto voltaje para plantas de energ\u00eda solar. Este inversor se utiliza para convertir la corriente continua (DC) producida por los paneles solares&hellip;<\/p>\n","protected":false},"featured_media":29726,"comment_status":"open","ping_status":"closed","template":"","meta":{"inline_featured_image":false},"product_brand":[],"product_cat":[373],"product_tag":[],"class_list":{"0":"post-30281","1":"product","2":"type-product","3":"status-publish","4":"has-post-thumbnail","6":"product_cat-inversores","8":"first","9":"instock","10":"sale","11":"shipping-taxable","12":"purchasable","13":"product-type-simple"},"_links":{"self":[{"href":"https:\/\/stg-nations.com\/es\/wp-json\/wp\/v2\/product\/30281","targetHints":{"allow":["GET"]}}],"collection":[{"href":"https:\/\/stg-nations.com\/es\/wp-json\/wp\/v2\/product"}],"about":[{"href":"https:\/\/stg-nations.com\/es\/wp-json\/wp\/v2\/types\/product"}],"replies":[{"embeddable":true,"href":"https:\/\/stg-nations.com\/es\/wp-json\/wp\/v2\/comments?post=30281"}],"wp:featuredmedia":[{"embeddable":true,"href":"https:\/\/stg-nations.com\/es\/wp-json\/wp\/v2\/media\/29726"}],"wp:attachment":[{"href":"https:\/\/stg-nations.com\/es\/wp-json\/wp\/v2\/media?parent=30281"}],"wp:term":[{"taxonomy":"product_brand","embeddable":true,"href":"https:\/\/stg-nations.com\/es\/wp-json\/wp\/v2\/product_brand?post=30281"},{"taxonomy":"product_cat","embeddable":true,"href":"https:\/\/stg-nations.com\/es\/wp-json\/wp\/v2\/product_cat?post=30281"},{"taxonomy":"product_tag","embeddable":true,"href":"https:\/\/stg-nations.com\/es\/wp-json\/wp\/v2\/product_tag?post=30281"}],"curies":[{"name":"wp","href":"https:\/\/api.w.org\/{rel}","templated":true}]}}