{"id":30279,"date":"2024-01-08T13:33:45","date_gmt":"2024-01-08T13:33:45","guid":{"rendered":"https:\/\/stg-nations.com\/product\/deye-sun-30k-sg01hp3-eu-bm3\/"},"modified":"2024-01-27T15:21:46","modified_gmt":"2024-01-27T15:21:46","slug":"deye-sun-30k-sg01hp3-eu-bm3","status":"publish","type":"product","link":"https:\/\/stg-nations.com\/es\/producto\/deye-sun-30k-sg01hp3-eu-bm3\/","title":{"rendered":"Deye SUN-30K-SG01HP3-EU-BM3"},"content":{"rendered":"<p>El inversor Deye SUN-30K-SG01HP3-EU-BM3 es una soluci\u00f3n moderna para la construcci\u00f3n de plantas solares h\u00edbridas privadas e industriales. El inversor presentado se caracteriza por:<\/p>\n<p><strong>Dise\u00f1o compacto y alta potencia: <\/strong>El dise\u00f1o compacto simplifica la instalaci\u00f3n y la alta potencia garantiza un uso eficiente de la energ\u00eda solar.<\/p>\n<p><strong>Relaci\u00f3n CC\/CA: <\/strong>Mantiene una relaci\u00f3n de 1,3 entre CC y CA, lo que optimiza el uso de la energ\u00eda el\u00e9ctrica.<\/p>\n<p><strong>Salida desequilibrada trif\u00e1sica: <\/strong>Ampl\u00eda las posibilidades de aplicaci\u00f3n, lo cual es relevante para sistemas industriales.<\/p>\n<p><strong>3 seguidores MPRT independientes: <\/strong>Le permite colocar c\u00e9lulas solares de manera flexible en diferentes superficies y conectarlas en serie o en paralelo para obtener la m\u00e1xima recolecci\u00f3n de energ\u00eda solar.<\/p>\n<p><strong>Clase de protecci\u00f3n IP65:<\/strong> Garantiza resistencia a la humedad y al polvo.<\/p>\n<p><strong>Amplia gama de temperaturas de funcionamiento:<\/strong> Adecuado para uso en diversas condiciones clim\u00e1ticas (de -40 a 60 \u2103).<\/p>\n<p><strong>Per\u00edodo de garant\u00eda de 5 a\u00f1os<\/strong>.<\/p>\n<p><strong>Funci\u00f3n de Apagado Remoto:<\/strong> Le permite apagar el inversor de forma remota despu\u00e9s de una emergencia a trav\u00e9s de la plataforma de monitoreo inteligente de Deye.<\/p>\n<p><strong>Compatibilidad con generadores di\u00e9sel y gasolina:<\/strong> Permite utilizar el inversor junto con una fuente de energ\u00eda de respaldo.<\/p>\n<p><strong>Sistema de protecci\u00f3n y monitoreo:<\/strong> Proporciona protecci\u00f3n confiable contra cargas y cortocircuitos, as\u00ed como control y monitoreo del funcionamiento de la planta de energ\u00eda solar.<\/p>\n<p><strong>Posibilidad de conexi\u00f3n en paralelo de hasta 10 modelos:<\/strong> Ampl\u00eda f\u00e1cilmente el sistema y aumenta la potencia de la planta solar.<\/p>\n<p>Estas caracter\u00edsticas hacen del inversor Deye SUN-30K-SG01HP3-EU-BM3 una soluci\u00f3n multifuncional y eficiente para plantas de energ\u00eda solar privadas e industriales.<\/p>\n","protected":false},"excerpt":{"rendered":"<p>El inversor Deye SUN-30K-SG01HP3-EU-BM3 es una soluci\u00f3n moderna para la construcci\u00f3n de plantas solares h\u00edbridas privadas e industriales. El inversor presentado se caracteriza por: Dise\u00f1o compacto y alta potencia: El&hellip;<\/p>\n","protected":false},"featured_media":29731,"comment_status":"open","ping_status":"closed","template":"","meta":{"inline_featured_image":false},"product_brand":[],"product_cat":[373],"product_tag":[],"class_list":{"0":"post-30279","1":"product","2":"type-product","3":"status-publish","4":"has-post-thumbnail","6":"product_cat-inversores","8":"first","9":"instock","10":"sale","11":"shipping-taxable","12":"purchasable","13":"product-type-simple"},"_links":{"self":[{"href":"https:\/\/stg-nations.com\/es\/wp-json\/wp\/v2\/product\/30279","targetHints":{"allow":["GET"]}}],"collection":[{"href":"https:\/\/stg-nations.com\/es\/wp-json\/wp\/v2\/product"}],"about":[{"href":"https:\/\/stg-nations.com\/es\/wp-json\/wp\/v2\/types\/product"}],"replies":[{"embeddable":true,"href":"https:\/\/stg-nations.com\/es\/wp-json\/wp\/v2\/comments?post=30279"}],"wp:featuredmedia":[{"embeddable":true,"href":"https:\/\/stg-nations.com\/es\/wp-json\/wp\/v2\/media\/29731"}],"wp:attachment":[{"href":"https:\/\/stg-nations.com\/es\/wp-json\/wp\/v2\/media?parent=30279"}],"wp:term":[{"taxonomy":"product_brand","embeddable":true,"href":"https:\/\/stg-nations.com\/es\/wp-json\/wp\/v2\/product_brand?post=30279"},{"taxonomy":"product_cat","embeddable":true,"href":"https:\/\/stg-nations.com\/es\/wp-json\/wp\/v2\/product_cat?post=30279"},{"taxonomy":"product_tag","embeddable":true,"href":"https:\/\/stg-nations.com\/es\/wp-json\/wp\/v2\/product_tag?post=30279"}],"curies":[{"name":"wp","href":"https:\/\/api.w.org\/{rel}","templated":true}]}}