{"id":30278,"date":"2024-01-08T13:23:58","date_gmt":"2024-01-08T13:23:58","guid":{"rendered":"https:\/\/stg-nations.com\/product\/deye-sun-10k-sg04lp3-eu\/"},"modified":"2024-01-29T10:02:03","modified_gmt":"2024-01-29T10:02:03","slug":"deye-sun-10k-sg04lp3-eu","status":"publish","type":"product","link":"https:\/\/stg-nations.com\/es\/producto\/deye-sun-10k-sg04lp3-eu\/","title":{"rendered":"Deye SUN-10K-SG04LP3-EU"},"content":{"rendered":"<p>El inversor h\u00edbrido <strong>Deye SUN-10K-SG04LP3-EU<\/strong> es ideal para crear un sistema de suministro de energ\u00eda estable en una casa energ\u00e9ticamente independiente. Este modelo es un sistema flexible y multifuncional para convertir y acumular energ\u00eda solar, y para combinar varias fuentes de energ\u00eda.<\/p>\n<p>Un inversor h\u00edbrido funciona con paneles solares, la red, un generador y una bater\u00eda. Cuando se conecta a paneles solares, realiza la funci\u00f3n de convertir la corriente continua en corriente alterna. Para almacenar energ\u00eda, puede conectar bater\u00edas de plomo-\u00e1cido o de litio al inversor. La electricidad no utilizada no s\u00f3lo puede almacenarse, sino tambi\u00e9n venderse con una \u00abtarifa verde\u00bb.<\/p>\n<p dir=\"auto\"><strong>Caracter\u00edsticas y funciones adicionales del inversor: <\/strong><\/p>\n<div dir=\"auto\">\u2022 Compatible con bater\u00edas de plomo-\u00e1cido y litio.<\/div>\n<div dir=\"auto\">\u2022 Adecuado para sistemas con conexi\u00f3n en paralelo de 3 inversores.<\/div>\n<div dir=\"auto\">\u2022 Equipado con una c\u00f3moda pantalla t\u00e1ctil para controlar el funcionamiento y la configuraci\u00f3n del inversor.<\/div>\n<div dir=\"auto\">\u2022 Equipado con un puerto de alimentaci\u00f3n multifuncional que se puede utilizar como entrada y salida.<\/div>\n<div dir=\"auto\">\u2022 En modo UPS, cambia a la fuente de alimentaci\u00f3n de respaldo en 5 ms.<\/div>\n<div dir=\"auto\">\u2022 El monitoreo de los par\u00e1metros operativos est\u00e1 disponible a trav\u00e9s de una aplicaci\u00f3n de tel\u00e9fono inteligente, gracias al m\u00f3dulo Wi-Fi incorporado.<\/div>\n<div dir=\"auto\">\u2022 Tiene clase de protecci\u00f3n IP65.<\/div>\n","protected":false},"excerpt":{"rendered":"<p>El inversor h\u00edbrido Deye SUN-10K-SG04LP3-EU es ideal para crear un sistema de suministro de energ\u00eda estable en una casa energ\u00e9ticamente independiente. Este modelo es un sistema flexible y multifuncional para&hellip;<\/p>\n","protected":false},"featured_media":29707,"comment_status":"open","ping_status":"closed","template":"","meta":{"inline_featured_image":false},"product_brand":[],"product_cat":[373],"product_tag":[],"class_list":{"0":"post-30278","1":"product","2":"type-product","3":"status-publish","4":"has-post-thumbnail","6":"product_cat-inversores","8":"first","9":"instock","10":"sale","11":"shipping-taxable","12":"purchasable","13":"product-type-simple"},"_links":{"self":[{"href":"https:\/\/stg-nations.com\/es\/wp-json\/wp\/v2\/product\/30278","targetHints":{"allow":["GET"]}}],"collection":[{"href":"https:\/\/stg-nations.com\/es\/wp-json\/wp\/v2\/product"}],"about":[{"href":"https:\/\/stg-nations.com\/es\/wp-json\/wp\/v2\/types\/product"}],"replies":[{"embeddable":true,"href":"https:\/\/stg-nations.com\/es\/wp-json\/wp\/v2\/comments?post=30278"}],"wp:featuredmedia":[{"embeddable":true,"href":"https:\/\/stg-nations.com\/es\/wp-json\/wp\/v2\/media\/29707"}],"wp:attachment":[{"href":"https:\/\/stg-nations.com\/es\/wp-json\/wp\/v2\/media?parent=30278"}],"wp:term":[{"taxonomy":"product_brand","embeddable":true,"href":"https:\/\/stg-nations.com\/es\/wp-json\/wp\/v2\/product_brand?post=30278"},{"taxonomy":"product_cat","embeddable":true,"href":"https:\/\/stg-nations.com\/es\/wp-json\/wp\/v2\/product_cat?post=30278"},{"taxonomy":"product_tag","embeddable":true,"href":"https:\/\/stg-nations.com\/es\/wp-json\/wp\/v2\/product_tag?post=30278"}],"curies":[{"name":"wp","href":"https:\/\/api.w.org\/{rel}","templated":true}]}}