{"id":30276,"date":"2024-01-08T13:16:12","date_gmt":"2024-01-08T13:16:12","guid":{"rendered":"https:\/\/stg-nations.com\/product\/deye-sun-8k-sg01lp1-eu\/"},"modified":"2024-04-22T12:33:00","modified_gmt":"2024-04-22T12:33:00","slug":"deye-sun-8k-sg01lp1-eu","status":"publish","type":"product","link":"https:\/\/stg-nations.com\/es\/producto\/deye-sun-8k-sg01lp1-eu\/","title":{"rendered":"Deye SUN-8K-SG01LP1-EU"},"content":{"rendered":"<p>Deye SUN-8K-SG01LP1-EU WiFi es una red h\u00edbrida que funciona como un inversor solar, convirtiendo la energ\u00eda solar en corriente alterna de 220V con una frecuencia de 50Hz. Su potencia de generaci\u00f3n a la red es de 8000W. El inversor puede funcionar seg\u00fan la \u00abTarifa Verde\u00bb o para compensar el consumo propio.<\/p>\n<p>El inversor Deye tiene tres opciones principales para la generaci\u00f3n de energ\u00eda solar y la capacidad de limitar la cantidad de generaci\u00f3n, as\u00ed como elegir la prioridad de uso de la generaci\u00f3n solar.<\/p>\n<p><strong>Trabajando con una bater\u00eda:<\/strong><\/p>\n<p>Deye SUN-8K-SG01LP1-EU WiFi permite conectar bater\u00edas de plomo-\u00e1cido o de litio con voltaje de 40 a 60V. Si la bater\u00eda tiene un puerto de sincronizaci\u00f3n CAN o RS485, el inversor lo reconoce autom\u00e1ticamente y recibe datos sobre capacidad, carga restante, corriente de carga requerida y temperatura. Si la bater\u00eda no admite la sincronizaci\u00f3n, puede configurar manualmente todos los par\u00e1metros.<\/p>\n<p><strong>Puerto de alimentaci\u00f3n adicional:<\/strong><\/p>\n<p>Deye SUN-8K-SG01LP1-EU WiFi se distingue por la presencia de un puerto de alimentaci\u00f3n adicional que se puede utilizar como entrada o salida. Se puede utilizar en tres modos: generador, carga inteligente, microinversor.<\/p>\n<p><strong>Trabajando con paneles solares:<\/strong><\/p>\n<p>El inversor puede conectar dos campos solares con una corriente de hasta 26A. El controlador MPPT opera de 125 a 425 V, comenzando en 150 V, y tiene un l\u00edmite superior de voltaje de campo de 500 V. Se recomienda elegir paneles solares en funci\u00f3n del c\u00e1lculo de la tensi\u00f3n nominal MRRT 370V.<\/p>\n","protected":false},"excerpt":{"rendered":"<p>Deye SUN-8K-SG01LP1-EU WiFi es una red h\u00edbrida que funciona como un inversor solar, convirtiendo la energ\u00eda solar en corriente alterna de 220V con una frecuencia de 50Hz. Su potencia de&hellip;<\/p>\n","protected":false},"featured_media":29694,"comment_status":"open","ping_status":"closed","template":"","meta":{"inline_featured_image":false},"product_brand":[],"product_cat":[373],"product_tag":[],"class_list":{"0":"post-30276","1":"product","2":"type-product","3":"status-publish","4":"has-post-thumbnail","6":"product_cat-inversores","8":"first","9":"instock","10":"sale","11":"shipping-taxable","12":"purchasable","13":"product-type-simple"},"_links":{"self":[{"href":"https:\/\/stg-nations.com\/es\/wp-json\/wp\/v2\/product\/30276","targetHints":{"allow":["GET"]}}],"collection":[{"href":"https:\/\/stg-nations.com\/es\/wp-json\/wp\/v2\/product"}],"about":[{"href":"https:\/\/stg-nations.com\/es\/wp-json\/wp\/v2\/types\/product"}],"replies":[{"embeddable":true,"href":"https:\/\/stg-nations.com\/es\/wp-json\/wp\/v2\/comments?post=30276"}],"wp:featuredmedia":[{"embeddable":true,"href":"https:\/\/stg-nations.com\/es\/wp-json\/wp\/v2\/media\/29694"}],"wp:attachment":[{"href":"https:\/\/stg-nations.com\/es\/wp-json\/wp\/v2\/media?parent=30276"}],"wp:term":[{"taxonomy":"product_brand","embeddable":true,"href":"https:\/\/stg-nations.com\/es\/wp-json\/wp\/v2\/product_brand?post=30276"},{"taxonomy":"product_cat","embeddable":true,"href":"https:\/\/stg-nations.com\/es\/wp-json\/wp\/v2\/product_cat?post=30276"},{"taxonomy":"product_tag","embeddable":true,"href":"https:\/\/stg-nations.com\/es\/wp-json\/wp\/v2\/product_tag?post=30276"}],"curies":[{"name":"wp","href":"https:\/\/api.w.org\/{rel}","templated":true}]}}