{"id":30274,"date":"2024-01-08T13:11:35","date_gmt":"2024-01-08T13:11:35","guid":{"rendered":"https:\/\/stg-nations.com\/product\/deye-sun-6k-sg03lp1-eu\/"},"modified":"2024-01-29T10:02:47","modified_gmt":"2024-01-29T10:02:47","slug":"deye-sun-6k-sg03lp1-eu","status":"publish","type":"product","link":"https:\/\/stg-nations.com\/es\/producto\/deye-sun-6k-sg03lp1-eu\/","title":{"rendered":"Deye SUN-6K-SG03LP1-EU"},"content":{"rendered":"<p>Deye SUN-6K-SG03LP1-EU es un inversor h\u00edbrido con amplia funcionalidad, dise\u00f1ado para crear un hogar energ\u00e9ticamente independiente. Gracias a sus diversos modos de funcionamiento, ofrece amplias posibilidades de uso.<\/p>\n<p><strong>Red externa:<\/strong><\/p>\n<p>La energ\u00eda se dirige a las necesidades propias de la casa y a los acumuladores, y el exceso de energ\u00eda ingresa a la red externa. Si no est\u00e1 disponible la opci\u00f3n de venta de tarifa verde, el inversor compensa su propio consumo.<\/p>\n<p><strong>Trabajando con el acumulador:<\/strong><\/p>\n<p>El inversor se puede conectar a bater\u00edas, sincroniz\u00e1ndose autom\u00e1ticamente con sus par\u00e1metros. Esto asegura un uso eficiente de las bater\u00edas y una gesti\u00f3n \u00f3ptima de su carga.<\/p>\n<p><strong>Puerto de alimentaci\u00f3n adicional:<\/strong><\/p>\n<p>El inversor tiene un puerto de alimentaci\u00f3n multifuncional que puede servir como entrada o salida. Tiene tres modos de uso: generador, carga inteligente y microinversor.<\/p>\n<p>El inversor est\u00e1 equipado con una pantalla LCD t\u00e1ctil, que proporciona una c\u00f3moda configuraci\u00f3n, control y estad\u00edsticas del funcionamiento del sistema, su eficiencia y producci\u00f3n de energ\u00eda.<\/p>\n<p>El inversor se instala f\u00e1cilmente en exteriores, ya que tiene un nivel de protecci\u00f3n IP65. El sistema de refrigeraci\u00f3n con tres refrigeradores garantiza un funcionamiento eficiente y estable.<\/p>\n","protected":false},"excerpt":{"rendered":"<p>Deye SUN-6K-SG03LP1-EU es un inversor h\u00edbrido con amplia funcionalidad, dise\u00f1ado para crear un hogar energ\u00e9ticamente independiente. Gracias a sus diversos modos de funcionamiento, ofrece amplias posibilidades de uso. Red externa:&hellip;<\/p>\n","protected":false},"featured_media":29681,"comment_status":"open","ping_status":"closed","template":"","meta":{"inline_featured_image":false},"product_brand":[],"product_cat":[373],"product_tag":[],"class_list":{"0":"post-30274","1":"product","2":"type-product","3":"status-publish","4":"has-post-thumbnail","6":"product_cat-inversores","8":"first","9":"instock","10":"sale","11":"shipping-taxable","12":"purchasable","13":"product-type-simple"},"_links":{"self":[{"href":"https:\/\/stg-nations.com\/es\/wp-json\/wp\/v2\/product\/30274","targetHints":{"allow":["GET"]}}],"collection":[{"href":"https:\/\/stg-nations.com\/es\/wp-json\/wp\/v2\/product"}],"about":[{"href":"https:\/\/stg-nations.com\/es\/wp-json\/wp\/v2\/types\/product"}],"replies":[{"embeddable":true,"href":"https:\/\/stg-nations.com\/es\/wp-json\/wp\/v2\/comments?post=30274"}],"wp:featuredmedia":[{"embeddable":true,"href":"https:\/\/stg-nations.com\/es\/wp-json\/wp\/v2\/media\/29681"}],"wp:attachment":[{"href":"https:\/\/stg-nations.com\/es\/wp-json\/wp\/v2\/media?parent=30274"}],"wp:term":[{"taxonomy":"product_brand","embeddable":true,"href":"https:\/\/stg-nations.com\/es\/wp-json\/wp\/v2\/product_brand?post=30274"},{"taxonomy":"product_cat","embeddable":true,"href":"https:\/\/stg-nations.com\/es\/wp-json\/wp\/v2\/product_cat?post=30274"},{"taxonomy":"product_tag","embeddable":true,"href":"https:\/\/stg-nations.com\/es\/wp-json\/wp\/v2\/product_tag?post=30274"}],"curies":[{"name":"wp","href":"https:\/\/api.w.org\/{rel}","templated":true}]}}