{"id":30272,"date":"2024-01-08T12:54:22","date_gmt":"2024-01-08T12:54:22","guid":{"rendered":"https:\/\/stg-nations.com\/product\/longi-lr5-54hth-430w\/"},"modified":"2024-01-27T14:20:08","modified_gmt":"2024-01-27T14:20:08","slug":"longi-lr5-54hth-430w","status":"publish","type":"product","link":"https:\/\/stg-nations.com\/es\/producto\/longi-lr5-54hth-430w\/","title":{"rendered":"Longi LR5-54HTH 430W"},"content":{"rendered":"<p>Los paneles solares Hi-MO 6 de 430 W de Longi son una soluci\u00f3n eficiente para aumentar la capacidad de generaci\u00f3n de electricidad, ofreciendo una excelente relaci\u00f3n potencia-tama\u00f1o y logrando una impresionante eficiencia del 22 %.<\/p>\n<p>Gracias al uso innovador de la soldadura inversa completa, estos paneles demuestran una resistencia excepcional a las microfisuras, lo que aumenta significativamente su vida \u00fatil y confiabilidad.<\/p>\n<p>Una de las ventajas clave es el alto rendimiento de Hi-MO 6, que se logra gracias a la modernizaci\u00f3n integral de los elementos y m\u00f3dulos HPBC. Esto no s\u00f3lo aumenta la potencia total, sino que tambi\u00e9n lo hace con la m\u00e1xima eficiencia.<\/p>\n<p>Al mismo tiempo, el dise\u00f1o est\u00e9tico del Hi-MO 6 de Longi permite refutar la idea de c\u00f3mo deber\u00eda ser un m\u00f3dulo fotovoltaico. Su apariencia combina perfectamente con cualquier estilo arquitect\u00f3nico, dando un aspecto moderno y est\u00e9tico a cualquier objeto.<\/p>\n<p>Todas estas ventajas hacen de los paneles solares Longi Hi-MO de 6.430 kW la soluci\u00f3n m\u00e1s rentable para quienes buscan equipos altamente eficientes, fiables y est\u00e9ticos para generar su propia electricidad.<\/p>\n","protected":false},"excerpt":{"rendered":"<p>Los paneles solares Hi-MO 6 de 430 W de Longi son una soluci\u00f3n eficiente para aumentar la capacidad de generaci\u00f3n de electricidad, ofreciendo una excelente relaci\u00f3n potencia-tama\u00f1o y logrando una&hellip;<\/p>\n","protected":false},"featured_media":29671,"comment_status":"open","ping_status":"closed","template":"","meta":{"inline_featured_image":false},"product_brand":[],"product_cat":[378],"product_tag":[],"class_list":{"0":"post-30272","1":"product","2":"type-product","3":"status-publish","4":"has-post-thumbnail","6":"product_cat-paneles-solares","8":"first","9":"instock","10":"sale","11":"shipping-taxable","12":"purchasable","13":"product-type-simple"},"_links":{"self":[{"href":"https:\/\/stg-nations.com\/es\/wp-json\/wp\/v2\/product\/30272","targetHints":{"allow":["GET"]}}],"collection":[{"href":"https:\/\/stg-nations.com\/es\/wp-json\/wp\/v2\/product"}],"about":[{"href":"https:\/\/stg-nations.com\/es\/wp-json\/wp\/v2\/types\/product"}],"replies":[{"embeddable":true,"href":"https:\/\/stg-nations.com\/es\/wp-json\/wp\/v2\/comments?post=30272"}],"wp:featuredmedia":[{"embeddable":true,"href":"https:\/\/stg-nations.com\/es\/wp-json\/wp\/v2\/media\/29671"}],"wp:attachment":[{"href":"https:\/\/stg-nations.com\/es\/wp-json\/wp\/v2\/media?parent=30272"}],"wp:term":[{"taxonomy":"product_brand","embeddable":true,"href":"https:\/\/stg-nations.com\/es\/wp-json\/wp\/v2\/product_brand?post=30272"},{"taxonomy":"product_cat","embeddable":true,"href":"https:\/\/stg-nations.com\/es\/wp-json\/wp\/v2\/product_cat?post=30272"},{"taxonomy":"product_tag","embeddable":true,"href":"https:\/\/stg-nations.com\/es\/wp-json\/wp\/v2\/product_tag?post=30272"}],"curies":[{"name":"wp","href":"https:\/\/api.w.org\/{rel}","templated":true}]}}