{"id":30270,"date":"2024-01-08T12:50:09","date_gmt":"2024-01-08T12:50:09","guid":{"rendered":"https:\/\/stg-nations.com\/product\/longi-lr5-72hth-580w\/"},"modified":"2024-01-29T12:32:04","modified_gmt":"2024-01-29T12:32:04","slug":"longi-lr5-72hth-580w","status":"publish","type":"product","link":"https:\/\/stg-nations.com\/es\/producto\/longi-lr5-72hth-580w\/","title":{"rendered":"Longi LR5-72HTH 580W"},"content":{"rendered":"<p>Longi Hi-MO 6 LR5-72HTH-580M es un panel solar de alto rendimiento dise\u00f1ado para maximizar la producci\u00f3n de energ\u00eda y garantizar una eficiencia \u00f3ptima.<br \/>\nUna de las caracter\u00edsticas de los paneles solares de 580 kW de Longi es su excepcional eficiencia y potencia de salida. La alta eficiencia de conversi\u00f3n de hasta el 21,2% garantiza que un mayor porcentaje de la luz solar se convierta en electricidad \u00fatil. Esto significa que puedes generar m\u00e1s energ\u00eda con menos paneles solares, optimizando el uso del espacio y reduciendo los costes de instalaci\u00f3n.<br \/>\nLa impresionante potencia de salida lo hace adecuado para una variedad de aplicaciones, desde tejados residenciales hasta grandes parques solares. Es una excelente opci\u00f3n para personas o empresas que buscan maximizar la producci\u00f3n de energ\u00eda renovable y reducir la dependencia de fuentes de energ\u00eda tradicionales.<br \/>\nEl panel solar Longi 580M est\u00e1 dise\u00f1ado para funcionar en condiciones clim\u00e1ticas adversas. Es duradero y confiable, capaz de resistir la corrosi\u00f3n, la humedad y las temperaturas extremas.<br \/>\nEl panel solar Longi Hi-MO 6 LR5-72HTH-580M utiliza tecnolog\u00eda PERC avanzada, que ampl\u00eda enormemente sus capacidades de generaci\u00f3n de energ\u00eda.<br \/>\nInstalar el panel solar Longi Hi-MO 6 es un proceso sencillo.<br \/>\nUna vez instalado, los requisitos de mantenimiento de un panel solar Longi son m\u00ednimos. La limpieza peri\u00f3dica para eliminar el polvo y la suciedad y las comprobaciones peri\u00f3dicas para detectar signos de desgaste o da\u00f1os suelen ser suficientes para mantener el m\u00e1ximo rendimiento.<\/p>\n","protected":false},"excerpt":{"rendered":"<p>Longi Hi-MO 6 LR5-72HTH-580M es un panel solar de alto rendimiento dise\u00f1ado para maximizar la producci\u00f3n de energ\u00eda y garantizar una eficiencia \u00f3ptima. Una de las caracter\u00edsticas de los paneles&hellip;<\/p>\n","protected":false},"featured_media":29671,"comment_status":"open","ping_status":"closed","template":"","meta":{"inline_featured_image":false},"product_brand":[],"product_cat":[378],"product_tag":[],"class_list":{"0":"post-30270","1":"product","2":"type-product","3":"status-publish","4":"has-post-thumbnail","6":"product_cat-paneles-solares","8":"first","9":"instock","10":"sale","11":"shipping-taxable","12":"purchasable","13":"product-type-simple"},"_links":{"self":[{"href":"https:\/\/stg-nations.com\/es\/wp-json\/wp\/v2\/product\/30270","targetHints":{"allow":["GET"]}}],"collection":[{"href":"https:\/\/stg-nations.com\/es\/wp-json\/wp\/v2\/product"}],"about":[{"href":"https:\/\/stg-nations.com\/es\/wp-json\/wp\/v2\/types\/product"}],"replies":[{"embeddable":true,"href":"https:\/\/stg-nations.com\/es\/wp-json\/wp\/v2\/comments?post=30270"}],"wp:featuredmedia":[{"embeddable":true,"href":"https:\/\/stg-nations.com\/es\/wp-json\/wp\/v2\/media\/29671"}],"wp:attachment":[{"href":"https:\/\/stg-nations.com\/es\/wp-json\/wp\/v2\/media?parent=30270"}],"wp:term":[{"taxonomy":"product_brand","embeddable":true,"href":"https:\/\/stg-nations.com\/es\/wp-json\/wp\/v2\/product_brand?post=30270"},{"taxonomy":"product_cat","embeddable":true,"href":"https:\/\/stg-nations.com\/es\/wp-json\/wp\/v2\/product_cat?post=30270"},{"taxonomy":"product_tag","embeddable":true,"href":"https:\/\/stg-nations.com\/es\/wp-json\/wp\/v2\/product_tag?post=30270"}],"curies":[{"name":"wp","href":"https:\/\/api.w.org\/{rel}","templated":true}]}}