{"id":30469,"date":"2023-10-02T15:44:40","date_gmt":"2023-10-02T15:44:40","guid":{"rendered":"https:\/\/stg-nations.com\/payment\/"},"modified":"2024-04-18T10:30:35","modified_gmt":"2024-04-18T10:30:35","slug":"payment","status":"publish","type":"page","link":"https:\/\/stg-nations.com\/es\/payment\/","title":{"rendered":"Pago"},"content":{"rendered":"\t\t<div data-elementor-type=\"wp-page\" data-elementor-id=\"30469\" class=\"elementor elementor-30469 elementor-28057\" data-elementor-post-type=\"page\">\n\t\t\t\t\t\t<section class=\"elementor-section elementor-top-section elementor-element elementor-element-4d115bf elementor-section-stretched scheme_light elementor-section-boxed elementor-section-height-default elementor-section-height-default sc_fly_static\" data-id=\"4d115bf\" data-element_type=\"section\" data-e-type=\"section\" data-settings=\"{&quot;stretch_section&quot;:&quot;section-stretched&quot;,&quot;background_background&quot;:&quot;classic&quot;}\">\n\t\t\t\t\t\t<div class=\"elementor-container elementor-column-gap-extended\">\n\t\t\t\t\t<div class=\"elementor-column elementor-col-100 elementor-top-column elementor-element elementor-element-b6470b0 sc_content_align_inherit sc_layouts_column_icons_position_left sc_fly_static\" data-id=\"b6470b0\" data-element_type=\"column\" data-e-type=\"column\">\n\t\t\t<div class=\"elementor-widget-wrap elementor-element-populated\">\n\t\t\t\t\t\t<div class=\"elementor-element elementor-element-6538d62 sc_height_huge sc_fly_static elementor-widget elementor-widget-spacer\" data-id=\"6538d62\" data-element_type=\"widget\" data-e-type=\"widget\" data-widget_type=\"spacer.default\">\n\t\t\t\t<div class=\"elementor-widget-container\">\n\t\t\t\t\t\t\t<div class=\"elementor-spacer\">\n\t\t\t<div class=\"elementor-spacer-inner\"><\/div>\n\t\t<\/div>\n\t\t\t\t\t\t<\/div>\n\t\t\t\t<\/div>\n\t\t\t\t<section class=\"elementor-section elementor-inner-section elementor-element elementor-element-e557b6b elementor-section-boxed elementor-section-height-default elementor-section-height-default sc_fly_static\" data-id=\"e557b6b\" data-element_type=\"section\" data-e-type=\"section\">\n\t\t\t\t\t\t<div class=\"elementor-container elementor-column-gap-no\">\n\t\t\t\t\t<div class=\"elementor-column elementor-col-50 elementor-inner-column elementor-element elementor-element-fe8bfa1 sc_content_align_inherit sc_layouts_column_icons_position_left sc_fly_static\" data-id=\"fe8bfa1\" data-element_type=\"column\" data-e-type=\"column\">\n\t\t\t<div class=\"elementor-widget-wrap elementor-element-populated\">\n\t\t\t\t\t\t<div class=\"elementor-element elementor-element-b42731f sc_fly_static elementor-widget elementor-widget-trx_sc_title\" data-id=\"b42731f\" data-element_type=\"widget\" data-e-type=\"widget\" data-widget_type=\"trx_sc_title.default\">\n\t\t\t\t<div class=\"elementor-widget-container\">\n\t\t\t\t\t<div\t\tclass=\"sc_title sc_title_default\" ><span class=\"sc_item_subtitle sc_title_subtitle sc_item_subtitle_above sc_item_title_style_default\">nuestros servicios<\/span><h1 class=\"sc_item_title sc_title_title sc_item_title_style_default sc_item_title_tag\"\n\t\t\t><span class=\"sc_item_title_text\">Pago<\/span><\/h1><div class=\"sc_item_descr sc_title_descr\"><p>Hay varias opciones de pago disponibles para los clientes de Solar Technology Group. Usted puede pagar por carro de cr\u00e9dito,ACH,transferencia bancaria,PayPal, <\/p>\n<\/div><\/div>\t\t\t\t<\/div>\n\t\t\t\t<\/div>\n\t\t\t\t\t<\/div>\n\t\t<\/div>\n\t\t\t\t<div class=\"elementor-column elementor-col-50 elementor-inner-column elementor-element elementor-element-206af10 sc_content_align_inherit sc_layouts_column_icons_position_left sc_fly_static\" data-id=\"206af10\" data-element_type=\"column\" data-e-type=\"column\">\n\t\t\t<div class=\"elementor-widget-wrap elementor-element-populated\">\n\t\t\t\t\t\t<div class=\"elementor-element elementor-element-6458250 sc_fly_static elementor-widget elementor-widget-spacer\" data-id=\"6458250\" data-element_type=\"widget\" data-e-type=\"widget\" data-widget_type=\"spacer.default\">\n\t\t\t\t<div class=\"elementor-widget-container\">\n\t\t\t\t\t\t\t<div class=\"elementor-spacer\">\n\t\t\t<div class=\"elementor-spacer-inner\"><\/div>\n\t\t<\/div>\n\t\t\t\t\t\t<\/div>\n\t\t\t\t<\/div>\n\t\t\t\t<div class=\"elementor-element elementor-element-cb0719e sc_fly_static elementor-widget elementor-widget-trx_sc_icons\" data-id=\"cb0719e\" data-element_type=\"widget\" data-e-type=\"widget\" data-widget_type=\"trx_sc_icons.default\">\n\t\t\t\t<div class=\"elementor-widget-container\">\n\t\t\t\t\t<div \tclass=\"sc_icons color_style_link2 sc_icons_light sc_icons_size_medium sc_align_none\" ><div class=\"sc_icons_item\"><\/div><\/div><!-- \/.sc_icons -->\t\t\t\t<\/div>\n\t\t\t\t<\/div>\n\t\t\t\t\t<\/div>\n\t\t<\/div>\n\t\t\t\t\t<\/div>\n\t\t<\/section>\n\t\t\t\t<section class=\"elementor-section elementor-inner-section elementor-element elementor-element-e893c22 elementor-section-boxed elementor-section-height-default elementor-section-height-default sc_fly_static\" data-id=\"e893c22\" data-element_type=\"section\" data-e-type=\"section\">\n\t\t\t\t\t\t<div class=\"elementor-container elementor-column-gap-no\">\n\t\t\t\t\t<div class=\"elementor-column elementor-col-100 elementor-inner-column elementor-element elementor-element-8a6cd4b sc_content_align_inherit sc_layouts_column_icons_position_left sc_fly_static\" data-id=\"8a6cd4b\" data-element_type=\"column\" data-e-type=\"column\">\n\t\t\t<div class=\"elementor-widget-wrap elementor-element-populated\">\n\t\t\t\t\t\t<div class=\"elementor-element elementor-element-b5d52dc sc_layouts_hide_on_mobile sc_fly_static elementor-widget elementor-widget-spacer\" data-id=\"b5d52dc\" data-element_type=\"widget\" data-e-type=\"widget\" data-widget_type=\"spacer.default\">\n\t\t\t\t<div class=\"elementor-widget-container\">\n\t\t\t\t\t\t\t<div class=\"elementor-spacer\">\n\t\t\t<div class=\"elementor-spacer-inner\"><\/div>\n\t\t<\/div>\n\t\t\t\t\t\t<\/div>\n\t\t\t\t<\/div>\n\t\t\t\t\t<\/div>\n\t\t<\/div>\n\t\t\t\t\t<\/div>\n\t\t<\/section>\n\t\t\t\t<section class=\"elementor-section elementor-inner-section elementor-element elementor-element-7e13217 elementor-section-boxed elementor-section-height-default elementor-section-height-default sc_fly_static\" data-id=\"7e13217\" data-element_type=\"section\" data-e-type=\"section\">\n\t\t\t\t\t\t<div class=\"elementor-container elementor-column-gap-no\">\n\t\t\t\t\t<div class=\"elementor-column elementor-col-100 elementor-inner-column elementor-element elementor-element-e5645bb sc_content_align_inherit sc_layouts_column_icons_position_left sc_fly_static\" data-id=\"e5645bb\" data-element_type=\"column\" data-e-type=\"column\">\n\t\t\t<div class=\"elementor-widget-wrap elementor-element-populated\">\n\t\t\t\t\t\t<div class=\"elementor-element elementor-element-dd994a3 sc_fly_static elementor-widget elementor-widget-trx_sc_icons\" data-id=\"dd994a3\" data-element_type=\"widget\" data-e-type=\"widget\" data-widget_type=\"trx_sc_icons.default\">\n\t\t\t\t<div class=\"elementor-widget-container\">\n\t\t\t\t\t<div \tclass=\"sc_icons color_style_link2 sc_icons_light sc_icons_size_medium sc_align_center\" ><div class=\"sc_icons_columns_wrap sc_item_columns trx_addons_columns_wrap columns_padding_bottom columns_in_single_row\" ><div class=\"trx_addons_column-1_4 trx_addons_column-1_2-mobile\"><div class=\"sc_icons_item\"><div class=\"sc_icons_icon sc_icon_type_ icon-cc-visa\" ><span class=\"sc_icon_type_ icon-cc-visa\"><\/span><\/div><div class=\"sc_icons_item_details\"><h4 class=\"sc_icons_item_title\"><span>Tarjeta de cr\u00e9dito<\/span><\/h4><div class=\"sc_icons_item_description\"><span>Visa Mastercard, etc.<\/span><\/div><\/div><\/div><\/div><div class=\"trx_addons_column-1_4 trx_addons_column-1_2-mobile\"><div class=\"sc_icons_item\"><div class=\"sc_icons_icon sc_icon_type_ icon-screenoptions\" ><span class=\"sc_icon_type_ icon-screenoptions\"><\/span><\/div><div class=\"sc_icons_item_details\"><h4 class=\"sc_icons_item_title\"><span>Transferencia bancaria<\/span><\/h4><div class=\"sc_icons_item_description\"><span>Pago por transferencia bancaria.<\/span><\/div><\/div><\/div><\/div><div class=\"trx_addons_column-1_4 trx_addons_column-1_2-mobile\"><div class=\"sc_icons_item\"><div class=\"sc_icons_icon sc_icon_type_ icon-cc-paypal\" ><span class=\"sc_icon_type_ icon-cc-paypal\"><\/span><\/div><div class=\"sc_icons_item_details\"><h4 class=\"sc_icons_item_title\"><span>Cr\u00e9dito PayPal<\/span><\/h4><div class=\"sc_icons_item_description\"><span>Pago con cr\u00e9dito PayPal <\/span><\/div><\/div><\/div><\/div><div class=\"trx_addons_column-1_4 trx_addons_column-1_2-mobile\"><div class=\"sc_icons_item\"><div class=\"sc_icons_icon sc_icon_type_ icon-paypal\" ><span class=\"sc_icon_type_ icon-paypal\"><\/span><\/div><div class=\"sc_icons_item_details\"><h4 class=\"sc_icons_item_title\"><span>PayPal<\/span><\/h4><div class=\"sc_icons_item_description\"><span>Pago r\u00e1pido y seguro.<\/span><\/div><\/div><\/div><\/div><\/div><\/div><!-- \/.sc_icons -->\t\t\t\t<\/div>\n\t\t\t\t<\/div>\n\t\t\t\t\t<\/div>\n\t\t<\/div>\n\t\t\t\t\t<\/div>\n\t\t<\/section>\n\t\t\t\t<div class=\"elementor-element elementor-element-9da3f04 sc_height_huge sc_fly_static elementor-widget elementor-widget-spacer\" data-id=\"9da3f04\" data-element_type=\"widget\" data-e-type=\"widget\" data-widget_type=\"spacer.default\">\n\t\t\t\t<div class=\"elementor-widget-container\">\n\t\t\t\t\t\t\t<div class=\"elementor-spacer\">\n\t\t\t<div class=\"elementor-spacer-inner\"><\/div>\n\t\t<\/div>\n\t\t\t\t\t\t<\/div>\n\t\t\t\t<\/div>\n\t\t\t\t\t<\/div>\n\t\t<\/div>\n\t\t\t\t\t<\/div>\n\t\t<\/section>\n\t\t\t\t<section class=\"elementor-section elementor-top-section elementor-element elementor-element-1097a000 elementor-section-boxed elementor-section-height-default elementor-section-height-default sc_fly_static\" data-id=\"1097a000\" data-element_type=\"section\" data-e-type=\"section\" data-settings=\"{&quot;background_background&quot;:&quot;classic&quot;}\">\n\t\t\t\t\t\t<div class=\"elementor-container elementor-column-gap-extended\">\n\t\t\t\t\t<div class=\"elementor-column elementor-col-50 elementor-top-column elementor-element elementor-element-60b05210 sc_content_align_inherit sc_layouts_column_icons_position_left sc_fly_static\" data-id=\"60b05210\" data-element_type=\"column\" data-e-type=\"column\">\n\t\t\t<div class=\"elementor-widget-wrap elementor-element-populated\">\n\t\t\t\t\t\t<div class=\"elementor-element elementor-element-6a0f4c37 sc_height_huge sc_fly_static elementor-widget elementor-widget-spacer\" data-id=\"6a0f4c37\" data-element_type=\"widget\" data-e-type=\"widget\" data-widget_type=\"spacer.default\">\n\t\t\t\t<div class=\"elementor-widget-container\">\n\t\t\t\t\t\t\t<div class=\"elementor-spacer\">\n\t\t\t<div class=\"elementor-spacer-inner\"><\/div>\n\t\t<\/div>\n\t\t\t\t\t\t<\/div>\n\t\t\t\t<\/div>\n\t\t\t\t<section class=\"elementor-section elementor-inner-section elementor-element elementor-element-759349ed elementor-section-boxed elementor-section-height-default elementor-section-height-default sc_fly_static\" data-id=\"759349ed\" data-element_type=\"section\" data-e-type=\"section\">\n\t\t\t\t\t\t<div class=\"elementor-container elementor-column-gap-no\">\n\t\t\t\t\t<div class=\"elementor-column elementor-col-16 elementor-inner-column elementor-element elementor-element-68ec49fe sc_content_align_inherit sc_layouts_column_icons_position_left sc_fly_static\" data-id=\"68ec49fe\" data-element_type=\"column\" data-e-type=\"column\">\n\t\t\t<div class=\"elementor-widget-wrap\">\n\t\t\t\t\t\t\t<\/div>\n\t\t<\/div>\n\t\t\t\t<div class=\"elementor-column elementor-col-66 elementor-inner-column elementor-element elementor-element-2482b9b3 sc_content_align_inherit sc_layouts_column_icons_position_left sc_fly_static\" data-id=\"2482b9b3\" data-element_type=\"column\" data-e-type=\"column\">\n\t\t\t<div class=\"elementor-widget-wrap elementor-element-populated\">\n\t\t\t\t\t\t<div class=\"elementor-element elementor-element-3587f523 sc_fly_static elementor-widget elementor-widget-trx_sc_title\" data-id=\"3587f523\" data-element_type=\"widget\" data-e-type=\"widget\" data-widget_type=\"trx_sc_title.default\">\n\t\t\t\t<div class=\"elementor-widget-container\">\n\t\t\t\t\t<div\t\tclass=\"sc_title sc_title_default\" ><span class=\"sc_item_subtitle sc_title_subtitle sc_align_center sc_item_subtitle_above sc_item_title_style_default\">Mant\u00e9ngase GIRADO<\/span><h1 class=\"sc_item_title sc_title_title sc_align_center sc_item_title_style_default sc_item_title_tag\"\n\t\t\t><span class=\"sc_item_title_text\">100% asegurado<\/span><\/h1><\/div>\t\t\t\t<\/div>\n\t\t\t\t<\/div>\n\t\t\t\t\t<\/div>\n\t\t<\/div>\n\t\t\t\t<div class=\"elementor-column elementor-col-16 elementor-inner-column elementor-element elementor-element-6a0c6747 sc_content_align_inherit sc_layouts_column_icons_position_left sc_fly_static\" data-id=\"6a0c6747\" data-element_type=\"column\" data-e-type=\"column\">\n\t\t\t<div class=\"elementor-widget-wrap\">\n\t\t\t\t\t\t\t<\/div>\n\t\t<\/div>\n\t\t\t\t\t<\/div>\n\t\t<\/section>\n\t\t\t\t<div class=\"elementor-element elementor-element-4c25fae2 sc_height_medium sc_fly_static elementor-widget elementor-widget-spacer\" data-id=\"4c25fae2\" data-element_type=\"widget\" data-e-type=\"widget\" data-widget_type=\"spacer.default\">\n\t\t\t\t<div class=\"elementor-widget-container\">\n\t\t\t\t\t\t\t<div class=\"elementor-spacer\">\n\t\t\t<div class=\"elementor-spacer-inner\"><\/div>\n\t\t<\/div>\n\t\t\t\t\t\t<\/div>\n\t\t\t\t<\/div>\n\t\t\t\t<div class=\"elementor-element elementor-element-4255e43f sc_fly_static elementor-widget elementor-widget-trx_sc_price\" data-id=\"4255e43f\" data-element_type=\"widget\" data-e-type=\"widget\" data-widget_type=\"trx_sc_price.default\">\n\t\t\t\t<div class=\"elementor-widget-container\">\n\t\t\t\t\t<div  \r\n\tclass=\"sc_price sc_price_default\"><div class=\"sc_price_content sc_item_content\"><div class=\"sc_price_item sc_price_item_default\">\r\n\t\t\t<div class=\"sc_price_item_info\"><div class=\"sc_price_item_details\"><ul><li style=\"list-style-type: none;\"><ul><li>Al hacer clic en \"Suscribirse\", acepto mediante firma electr\u00f3nica:<\/li><\/ul><\/li><\/ul><ul><li style=\"list-style-type: none;\"><ul><li>(1) recibir marketing y otros textos y mensajes de Solar Technology Group , directamente o de terceros que act\u00faen en este nombre, en la direcci\u00f3n de correo electr\u00f3nico que he introducido anteriormente;<\/li><\/ul><\/li><\/ul><p>(2) los T\u00e9rminos y Condiciones.<\/p><ul><li style=\"list-style-type: none;\"><ul><li>(2) los T\u00e9rminos y Condiciones;<\/li><li>(3) la Pol\u00edtica de privacidad.<\/li><\/ul><\/li><\/ul><\/div><a href=\"https:\/\/stg-nations.com\/contact-us\/\" class=\"sc_price_item_link sc_button\">Suscr\u00edbase a<\/a><\/div><!-- \/.sc_price_item_info --><\/div><\/div><\/div><!-- \/.sc_price -->\t\t\t\t<\/div>\n\t\t\t\t<\/div>\n\t\t\t\t\t<\/div>\n\t\t<\/div>\n\t\t\t\t<div class=\"elementor-column elementor-col-50 elementor-top-column elementor-element elementor-element-cdd943b sc_content_align_inherit sc_layouts_column_icons_position_left sc_fly_static\" data-id=\"cdd943b\" data-element_type=\"column\" data-e-type=\"column\" data-settings=\"{&quot;background_background&quot;:&quot;classic&quot;}\">\n\t\t\t<div class=\"elementor-widget-wrap\">\n\t\t\t\t\t\t\t<\/div>\n\t\t<\/div>\n\t\t\t\t\t<\/div>\n\t\t<\/section>\n\t\t\t\t<\/div>\n\t\t","protected":false},"excerpt":{"rendered":"<p>nuestros servicios Pago Hay varias opciones de pago disponibles para los clientes de Solar Technology Group. Usted puede pagar por carro de cr\u00e9dito,ACH,transferencia bancaria,PayPal, Tarjeta de cr\u00e9dito Visa Mastercard, etc.&hellip;<\/p>\n","protected":false},"author":1,"featured_media":0,"parent":0,"menu_order":0,"comment_status":"closed","ping_status":"closed","template":"","meta":{"inline_featured_image":false,"footnotes":""},"class_list":["post-30469","page","type-page","status-publish","hentry"],"_links":{"self":[{"href":"https:\/\/stg-nations.com\/es\/wp-json\/wp\/v2\/pages\/30469","targetHints":{"allow":["GET"]}}],"collection":[{"href":"https:\/\/stg-nations.com\/es\/wp-json\/wp\/v2\/pages"}],"about":[{"href":"https:\/\/stg-nations.com\/es\/wp-json\/wp\/v2\/types\/page"}],"author":[{"embeddable":true,"href":"https:\/\/stg-nations.com\/es\/wp-json\/wp\/v2\/users\/1"}],"replies":[{"embeddable":true,"href":"https:\/\/stg-nations.com\/es\/wp-json\/wp\/v2\/comments?post=30469"}],"version-history":[{"count":6,"href":"https:\/\/stg-nations.com\/es\/wp-json\/wp\/v2\/pages\/30469\/revisions"}],"predecessor-version":[{"id":31560,"href":"https:\/\/stg-nations.com\/es\/wp-json\/wp\/v2\/pages\/30469\/revisions\/31560"}],"wp:attachment":[{"href":"https:\/\/stg-nations.com\/es\/wp-json\/wp\/v2\/media?parent=30469"}],"curies":[{"name":"wp","href":"https:\/\/api.w.org\/{rel}","templated":true}]}}