{"id":30464,"date":"2020-08-27T08:23:10","date_gmt":"2020-08-27T08:23:10","guid":{"rendered":"https:\/\/stg-nations.com\/privacy-policy\/"},"modified":"2024-04-18T10:31:32","modified_gmt":"2024-04-18T10:31:32","slug":"privacy-policy","status":"publish","type":"page","link":"https:\/\/stg-nations.com\/es\/privacy-policy\/","title":{"rendered":"Pol\u00edtica de privacidad"},"content":{"rendered":"\t\t<div data-elementor-type=\"wp-page\" data-elementor-id=\"30464\" class=\"elementor elementor-30464 elementor-28746\" data-elementor-post-type=\"page\">\n\t\t\t\t\t\t<section class=\"elementor-section elementor-top-section elementor-element elementor-element-3a3cb621 scheme_dark elementor-section-boxed elementor-section-height-default elementor-section-height-default sc_fly_static\" data-id=\"3a3cb621\" data-element_type=\"section\" data-e-type=\"section\" data-settings=\"{&quot;background_background&quot;:&quot;classic&quot;}\">\n\t\t\t\t\t\t\t<div class=\"elementor-background-overlay\"><\/div>\n\t\t\t\t\t\t\t<div class=\"elementor-container elementor-column-gap-default\">\n\t\t\t\t\t<div class=\"elementor-column elementor-col-100 elementor-top-column elementor-element elementor-element-2812a82f sc_content_align_inherit sc_layouts_column_icons_position_left sc_fly_static\" data-id=\"2812a82f\" data-element_type=\"column\" data-e-type=\"column\">\n\t\t\t<div class=\"elementor-widget-wrap elementor-element-populated\">\n\t\t\t\t\t\t<div class=\"elementor-element elementor-element-2681c9d8 sc_fly_static elementor-widget elementor-widget-spacer\" data-id=\"2681c9d8\" data-element_type=\"widget\" data-e-type=\"widget\" data-widget_type=\"spacer.default\">\n\t\t\t\t<div class=\"elementor-widget-container\">\n\t\t\t\t\t\t\t<div class=\"elementor-spacer\">\n\t\t\t<div class=\"elementor-spacer-inner\"><\/div>\n\t\t<\/div>\n\t\t\t\t\t\t<\/div>\n\t\t\t\t<\/div>\n\t\t\t\t<div class=\"elementor-element elementor-element-5b936431 sc_fly_static elementor-widget elementor-widget-trx_sc_layouts_title\" data-id=\"5b936431\" data-element_type=\"widget\" data-e-type=\"widget\" data-widget_type=\"trx_sc_layouts_title.default\">\n\t\t\t\t<div class=\"elementor-widget-container\">\n\t\t\t\t\t<div class=\"sc_layouts_title sc_align_center with_content without_image without_tint\" ><div class=\"sc_layouts_title_content\"><div class=\"sc_layouts_title_title\"><h1 class=\"sc_layouts_title_caption\">Pol\u00edtica de privacidad<\/h1><\/div><\/div><\/div>\t\t\t\t<\/div>\n\t\t\t\t<\/div>\n\t\t\t\t<div class=\"elementor-element elementor-element-196a9251 sc_fly_static elementor-widget elementor-widget-spacer\" data-id=\"196a9251\" data-element_type=\"widget\" data-e-type=\"widget\" data-widget_type=\"spacer.default\">\n\t\t\t\t<div class=\"elementor-widget-container\">\n\t\t\t\t\t\t\t<div class=\"elementor-spacer\">\n\t\t\t<div class=\"elementor-spacer-inner\"><\/div>\n\t\t<\/div>\n\t\t\t\t\t\t<\/div>\n\t\t\t\t<\/div>\n\t\t\t\t<div class=\"elementor-element elementor-element-acac03b elementor-view-default sc_fly_static elementor-widget elementor-widget-icon\" data-id=\"acac03b\" data-element_type=\"widget\" data-e-type=\"widget\" data-widget_type=\"icon.default\">\n\t\t\t\t<div class=\"elementor-widget-container\">\n\t\t\t\t\t\t\t<div class=\"elementor-icon-wrapper\">\n\t\t\t<div class=\"elementor-icon\">\n\t\t\t\t\t\t<\/div>\n\t\t<\/div>\n\t\t\t\t\t\t<\/div>\n\t\t\t\t<\/div>\n\t\t\t\t<div class=\"elementor-element elementor-element-593c6b90 sc_fly_static elementor-widget elementor-widget-spacer\" data-id=\"593c6b90\" data-element_type=\"widget\" data-e-type=\"widget\" data-widget_type=\"spacer.default\">\n\t\t\t\t<div class=\"elementor-widget-container\">\n\t\t\t\t\t\t\t<div class=\"elementor-spacer\">\n\t\t\t<div class=\"elementor-spacer-inner\"><\/div>\n\t\t<\/div>\n\t\t\t\t\t\t<\/div>\n\t\t\t\t<\/div>\n\t\t\t\t\t<\/div>\n\t\t<\/div>\n\t\t\t\t\t<\/div>\n\t\t<\/section>\n\t\t\t\t<section class=\"elementor-section elementor-top-section elementor-element elementor-element-f3cca14 elementor-section-boxed elementor-section-height-default elementor-section-height-default sc_fly_static\" data-id=\"f3cca14\" data-element_type=\"section\" data-e-type=\"section\">\n\t\t\t\t\t\t<div class=\"elementor-container elementor-column-gap-extended\">\n\t\t\t\t\t<div class=\"elementor-column elementor-col-100 elementor-top-column elementor-element elementor-element-aec7188 sc_content_align_inherit sc_layouts_column_icons_position_left sc_fly_static\" data-id=\"aec7188\" data-element_type=\"column\" data-e-type=\"column\">\n\t\t\t<div class=\"elementor-widget-wrap elementor-element-populated\">\n\t\t\t\t\t\t<div class=\"elementor-element elementor-element-288c879 sc_fly_static elementor-widget elementor-widget-icon-box\" data-id=\"288c879\" data-element_type=\"widget\" data-e-type=\"widget\" data-widget_type=\"icon-box.default\">\n\t\t\t\t<div class=\"elementor-widget-container\">\n\t\t\t\t\t\t\t<div class=\"elementor-icon-box-wrapper\">\n\n\t\t\t\n\t\t\t\t\t\t<div class=\"elementor-icon-box-content\">\n\n\t\t\t\t\t\t\t\t\t<h1 class=\"elementor-icon-box-title\">\n\t\t\t\t\t\t<span  >\n\t\t\t\t\t\t\tIntroducci\u00f3n\t\t\t\t\t\t<\/span>\n\t\t\t\t\t<\/h1>\n\t\t\t\t\n\t\t\t\t\t\t\t\t\t<p class=\"elementor-icon-box-description\">\n\t\t\t\t\t\tSolar Technology Group, accesible desde stg-nations, una de las cosas que m\u00e1s valoramos es la privacidad de nuestros clientes. Esta p\u00e1gina de Pol\u00edtica de Privacidad revela qu\u00e9 tipo de informaci\u00f3n recogemos y almacenamos y c\u00f3mo se utiliza.\n\nSi tiene alguna pregunta o necesita m\u00e1s informaci\u00f3n sobre nuestra Pol\u00edtica de Privacidad, no dude en ponerse en contacto con nosotros.\n\nEsta Pol\u00edtica de Privacidad se aplica \u00fanicamente a nuestras actividades en l\u00ednea y es v\u00e1lida para los visitantes de nuestro sitio web que intercambien informaci\u00f3n con Solar Technology Group. Esta pol\u00edtica no es aplicable a ninguna informaci\u00f3n recopilada fuera de l\u00ednea o a trav\u00e9s de canales distintos de este sitio web.\t\t\t\t\t<\/p>\n\t\t\t\t\n\t\t\t<\/div>\n\t\t\t\n\t\t<\/div>\n\t\t\t\t\t\t<\/div>\n\t\t\t\t<\/div>\n\t\t\t\t\t<\/div>\n\t\t<\/div>\n\t\t\t\t\t<\/div>\n\t\t<\/section>\n\t\t\t\t<section class=\"elementor-section elementor-top-section elementor-element elementor-element-645bf2d elementor-section-boxed elementor-section-height-default elementor-section-height-default sc_fly_static\" data-id=\"645bf2d\" data-element_type=\"section\" data-e-type=\"section\">\n\t\t\t\t\t\t<div class=\"elementor-container elementor-column-gap-extended\">\n\t\t\t\t\t<div class=\"elementor-column elementor-col-50 elementor-top-column elementor-element elementor-element-e841b6d sc_content_align_inherit sc_layouts_column_icons_position_left sc_fly_static\" data-id=\"e841b6d\" data-element_type=\"column\" data-e-type=\"column\">\n\t\t\t<div class=\"elementor-widget-wrap elementor-element-populated\">\n\t\t\t\t\t\t<div class=\"elementor-element elementor-element-e60347c elementor-toc--minimized-on-tablet sc_fly_static elementor-widget elementor-widget-table-of-contents\" data-id=\"e60347c\" data-element_type=\"widget\" data-e-type=\"widget\" data-settings=\"{&quot;exclude_headings_by_selector&quot;:[],&quot;headings_by_tags&quot;:[&quot;h2&quot;,&quot;h3&quot;,&quot;h4&quot;,&quot;h5&quot;,&quot;h6&quot;],&quot;marker_view&quot;:&quot;numbers&quot;,&quot;minimize_box&quot;:&quot;yes&quot;,&quot;minimized_on&quot;:&quot;tablet&quot;,&quot;hierarchical_view&quot;:&quot;yes&quot;,&quot;min_height&quot;:{&quot;unit&quot;:&quot;px&quot;,&quot;size&quot;:&quot;&quot;,&quot;sizes&quot;:[]},&quot;min_height_tablet&quot;:{&quot;unit&quot;:&quot;px&quot;,&quot;size&quot;:&quot;&quot;,&quot;sizes&quot;:[]},&quot;min_height_mobile&quot;:{&quot;unit&quot;:&quot;px&quot;,&quot;size&quot;:&quot;&quot;,&quot;sizes&quot;:[]}}\" data-widget_type=\"table-of-contents.default\">\n\t\t\t\t<div class=\"elementor-widget-container\">\n\t\t\t\t\t\t\t<div class=\"elementor-toc__header\">\n\t\t\t<h4 class=\"elementor-toc__header-title\">\n\t\t\t\tPrivacy Policy\t\t\t<\/h4>\n\t\t\t\t\t\t\t<div class=\"elementor-toc__toggle-button elementor-toc__toggle-button--expand\" role=\"button\" tabindex=\"0\" aria-controls=\"elementor-toc__e60347c\" aria-expanded=\"true\" aria-label=\"Abrir la tabla de contenidos\"><i aria-hidden=\"true\" class=\"fas fa-chevron-down\"><\/i><\/div>\n\t\t\t\t<div class=\"elementor-toc__toggle-button elementor-toc__toggle-button--collapse\" role=\"button\" tabindex=\"0\" aria-controls=\"elementor-toc__e60347c\" aria-expanded=\"true\" aria-label=\"Cerrar la tabla de contenidos\"><i aria-hidden=\"true\" class=\"fas fa-chevron-up\"><\/i><\/div>\n\t\t\t\t\t<\/div>\n\t\t<div id=\"elementor-toc__e60347c\" class=\"elementor-toc__body\">\n\t\t\t<div class=\"elementor-toc__spinner-container\">\n\t\t\t\t<i class=\"elementor-toc__spinner eicon-animation-spin eicon-loading\" aria-hidden=\"true\"><\/i>\t\t\t<\/div>\n\t\t<\/div>\n\t\t\t\t\t\t<\/div>\n\t\t\t\t<\/div>\n\t\t\t\t\t<\/div>\n\t\t<\/div>\n\t\t\t\t<div class=\"elementor-column elementor-col-50 elementor-top-column elementor-element elementor-element-e4f67bc sc_content_align_inherit sc_layouts_column_icons_position_left sc_fly_static\" data-id=\"e4f67bc\" data-element_type=\"column\" data-e-type=\"column\">\n\t\t\t<div class=\"elementor-widget-wrap elementor-element-populated\">\n\t\t\t\t\t\t<div class=\"elementor-element elementor-element-fc87c00 sc_fly_static elementor-widget elementor-widget-text-editor\" data-id=\"fc87c00\" data-element_type=\"widget\" data-e-type=\"widget\" data-widget_type=\"text-editor.default\">\n\t\t\t\t<div class=\"elementor-widget-container\">\n\t\t\t\t\t\t\t\t\t<h5>Consentimiento<\/h5><p class=\"p2\">No queremos sonar demasiado graves o autoritarios, pero debemos decirlo: al utilizar nuestro sitio web, usted da su consentimiento a nuestra Pol\u00edtica de Privacidad y acepta sus t\u00e9rminos.<\/p><h5>Datos recogidos<\/h5><p class=\"p2\">La informaci\u00f3n personal que le pedimos y las razones por las que lo hacemos se explicar\u00e1n en el mismo momento en que se realicen dichas solicitudes.<\/p><p class=\"p2\">Si se pone en contacto con nosotros directamente, es posible que recibamos informaci\u00f3n adicional sobre usted, como su nombre, direcci\u00f3n de correo electr\u00f3nico, n\u00famero de tel\u00e9fono, el contenido del mensaje y\/o los archivos adjuntos que nos env\u00ede y cualquier otra informaci\u00f3n que decida proporcionarnos.<\/p><p class=\"p2\">Cuando cree una Cuenta, es posible que le pidamos su informaci\u00f3n de contacto, incluyendo su nombre, nombre de la empresa, direcci\u00f3n, correo electr\u00f3nico y n\u00famero de tel\u00e9fono.<\/p><p class=\"p2\">\u00a0<\/p>\t\t\t\t\t\t\t\t<\/div>\n\t\t\t\t<\/div>\n\t\t\t\t<div class=\"elementor-element elementor-element-20d12e1e sc_fly_static elementor-widget elementor-widget-text-editor\" data-id=\"20d12e1e\" data-element_type=\"widget\" data-e-type=\"widget\" data-widget_type=\"text-editor.default\">\n\t\t\t\t<div class=\"elementor-widget-container\">\n\t\t\t\t\t\t\t\t\t<h5>C\u00f3mo recopilamos la informaci\u00f3n<\/h5>\n<p class=\"p2\">Utilizamos la informaci\u00f3n recopilada de varias formas:<\/p>\n\n<ul class=\"ul1\">\n \t<li class=\"li2\">Para proporcionarle actualizaciones y otra informaci\u00f3n relacionada con el sitio web, as\u00ed como para fines de marketing y promoci\u00f3n<\/li>\n \t<li class=\"li2\">Para comunicarnos con usted, ya sea directamente o a trav\u00e9s de uno de nuestros socios, incluido el servicio de atenci\u00f3n al cliente<\/li>\n \t<li class=\"li2\">Para desarrollar nuevos productos, servicios, caracter\u00edsticas y funcionalidades<\/li>\n \t<li class=\"li2\">Para comprender y analizar c\u00f3mo utiliza nuestro sitio web<\/li>\n \t<li class=\"li2\">Para mejorar, personalizar y ampliar nuestro sitio web<\/li>\n \t<li class=\"li2\">Para proporcionar, operar y mantener nuestro sitio web<\/li>\n \t<li class=\"li2\">Para detectar y prevenir el fraude<\/li>\n<\/ul>\n<p class=\"p2\">Cuando sea necesario para proporcionar los servicios o bienes que solicit\u00f3, su informaci\u00f3n puede ser utilizada por nuestros socios. Por ejemplo, nuestros transportistas utilizan su direcci\u00f3n de env\u00edo para entregar equipos y nuestro sistema de boletines utiliza su correo electr\u00f3nico para enviarle nuevos art\u00edculos. Nuestros contratistas asociados tambi\u00e9n obtendr\u00e1n su informaci\u00f3n de contacto si decide utilizar sus servicios.<\/p> <p>\t\t\t\t\t\t\t\t<\/div>\n\t\t\t\t<\/div>\n\t\t\t\t<div class=\"elementor-element elementor-element-6351d37f sc_fly_static elementor-widget elementor-widget-text-editor\" data-id=\"6351d37f\" data-element_type=\"widget\" data-e-type=\"widget\" data-widget_type=\"text-editor.default\">\n\t\t\t\t<div class=\"elementor-widget-container\">\n\t\t\t\t\t\t\t\t\t<h5>Cookies y balizas web<\/h5><p class=\"p2\">Como cualquier otro sitio web, Solar technology Group utiliza \u00abcookies\u00bb. Estas se utilizan para almacenar informaci\u00f3n sobre las preferencias de los visitantes y las p\u00e1ginas del sitio web a las que han accedido. Utilizamos esta informaci\u00f3n para optimizar la experiencia personalizando el contenido de nuestras p\u00e1ginas web en funci\u00f3n del tipo de navegador de los visitantes y\/u otra informaci\u00f3n.<\/p><p class=\"p2\">Grupo de tecnolog\u00eda solar<\/p><p class=\"p2\">Puede optar por desactivar las cookies a trav\u00e9s de las opciones de su navegador:<\/p><ul class=\"ul1\"><li class=\"li2\"><span class=\"s1\" style=\"color: #0000ff;\"><a style=\"color: #0000ff;\" href=\"https:\/\/support.google.com\/chrome\/answer\/95647\" rel=\"nofollow noopener\" target=\"_blank\"><span class=\"s2\">Google Chrome<\/span><\/a><\/span><\/li><li class=\"li2\"><span class=\"s1\" style=\"color: #0000ff;\"><a style=\"color: #0000ff;\" href=\"https:\/\/support.apple.com\/guide\/safari\/manage-cookies-sfri11471\/mac\" rel=\"nofollow noopener\" target=\"_blank\"><span class=\"s2\">Safari<\/span><\/a><\/span><\/li><li class=\"li2\"><span class=\"s1\" style=\"color: #0000ff;\"><a style=\"color: #0000ff;\" href=\"https:\/\/support.mozilla.org\/en-US\/kb\/cookies-information-websites-store-on-your-computer\" rel=\"nofollow noopener\" target=\"_blank\"><span class=\"s2\">Mozilla Firefox<\/span><\/a><\/span><\/li><li class=\"li2\"><span class=\"s1\" style=\"color: #0000ff;\"><a style=\"color: #0000ff;\" href=\"https:\/\/support.microsoft.com\/en-us\/microsoft-edge\/view-cookies-in-microsoft-edge-a7d95376-f2cd-8e4a-25dc-1de753474879\" rel=\"nofollow noopener\" target=\"_blank\"><span class=\"s2\">Microsoft Edge<\/span><\/a><\/span><\/li><\/ul><h5>Archivos de registro<\/h5><p class=\"p2\">Solar technology Group sigue un procedimiento est\u00e1ndar de uso de archivos de registro. Estos archivos registran a los visitantes cuando visitan los sitios web. Se trata de una parte est\u00e1ndar de los an\u00e1lisis de todos los servicios de alojamiento. La informaci\u00f3n recopilada por los archivos de registro incluye direcciones de protocolo de Internet (IP), tipo de navegador, proveedor de servicios de Internet (ISP), fecha y hora, p\u00e1ginas de referencia\/salida y, en ocasiones, el n\u00famero de clics.<\/p><p class=\"p2\">Solar technology Group sigue un procedimiento est\u00e1ndar para utilizar archivos de registro.<\/p><p class=\"p2\">Estos datos se recopilan y almacenan de tal forma que es imposible identificarle personalmente. La informaci\u00f3n s\u00f3lo se utiliza para lo siguiente: analizar tendencias, administrar el sitio, supervisar el movimiento de los usuarios en \u00e9l y recopilar informaci\u00f3n demogr\u00e1fica.<\/p><p class=\"p2\">Los datos se recopilan y almacenan de tal forma que es imposible identificarle personalmente.<\/p>\t\t\t\t\t\t\t\t<\/div>\n\t\t\t\t<\/div>\n\t\t\t\t<div class=\"elementor-element elementor-element-682fffa sc_fly_static elementor-widget elementor-widget-text-editor\" data-id=\"682fffa\" data-element_type=\"widget\" data-e-type=\"widget\" data-widget_type=\"text-editor.default\">\n\t\t\t\t<div class=\"elementor-widget-container\">\n\t\t\t\t\t\t\t\t\t<h5>Qui\u00e9n tiene acceso a sus datos<\/h5><p>Si usted no es un cliente registrado para nuestro sitio, no hay informaci\u00f3n personal que podamos retener o ver con respecto a usted.<\/p><p>Si usted es un cliente con una cuenta registrada, su informaci\u00f3n personal puede ser accedida por:<\/p><ul><li style=\"font-weight: 400;\">Nuestros administradores del sistema.<\/li><li style=\"font-weight: 400;\">Nuestros partidarios cuando ellos (con el fin de proporcionar apoyo) necesitan obtener la informaci\u00f3n sobre las cuentas de los clientes y el acceso.<\/li><\/ul>\t\t\t\t\t\t\t\t<\/div>\n\t\t\t\t<\/div>\n\t\t\t\t<div class=\"elementor-element elementor-element-1a92204b sc_fly_static elementor-widget elementor-widget-text-editor\" data-id=\"1a92204b\" data-element_type=\"widget\" data-e-type=\"widget\" data-widget_type=\"text-editor.default\">\n\t\t\t\t<div class=\"elementor-widget-container\">\n\t\t\t\t\t\t\t\t\t<h5>Acceso de terceros a sus datos<\/h5>\nNo compartimos sus datos con terceros de forma que revelen informaci\u00f3n personal como su correo electr\u00f3nico, nombre, etc. Las \u00fanicas excepciones a esta regla son los socios con los que tenemos que compartir datos limitados para prestar los servicios que usted espera de nosotros. V\u00e9ase m\u00e1s abajo.\t\t\t\t\t\t\t\t<\/div>\n\t\t\t\t<\/div>\n\t\t\t\t<div class=\"elementor-element elementor-element-39b4391d sc_fly_static elementor-widget elementor-widget-text-editor\" data-id=\"39b4391d\" data-element_type=\"widget\" data-e-type=\"widget\" data-widget_type=\"text-editor.default\">\n\t\t\t\t<div class=\"elementor-widget-container\">\n\t\t\t\t\t\t\t\t\t<h5>Ley de Privacidad CCPA(para clientes deCalifornia)<\/h5><p class=\"p2\">En virtud de la CCPA, entre otros derechos, los consumidores de California tienen derecho a:<\/p><ul class=\"ul1\"><li class=\"li2\">Solicitar que una empresa que recopila datos personales de un consumidor revele las categor\u00edas y las piezas espec\u00edficas de datos personales que una empresa ha recopilado sobre los consumidores<\/li><li class=\"li2\">Solicitar que una empresa elimine cualquier dato personal sobre el consumidor que haya recopilado<\/li><li class=\"li2\">Solicitar que una empresa que venda datos personales de un consumidor, no venda los datos personales del consumidor<\/li><\/ul><p class=\"p2\">Si desea ejercer alguno de estos derechos, p\u00f3ngase en contacto con nosotros. Responderemos tan r\u00e1pido como podamos, pero prometemos no tardar m\u00e1s de 1 mes. No obstante, tenga en cuenta que hablamos abiertamente de la informaci\u00f3n que recopilamos. Y adem\u00e1s nunca la vendemos, todo lo que vendemos son equipos solares.<\/p><p>\u00a0<\/p>\t\t\t\t\t\t\t\t<\/div>\n\t\t\t\t<\/div>\n\t\t\t\t<div class=\"elementor-element elementor-element-5443ecc5 sc_fly_static elementor-widget elementor-widget-text-editor\" data-id=\"5443ecc5\" data-element_type=\"widget\" data-e-type=\"widget\" data-widget_type=\"text-editor.default\">\n\t\t\t\t<div class=\"elementor-widget-container\">\n\t\t\t\t\t\t\t\t\t<h5>Medidas de seguridad<\/h5><p>Utilizamos el protocolo SSL\/HTTPS en todo nuestro sitio. Esto encripta las comunicaciones de nuestros usuarios con los servidores para que la informaci\u00f3n de identificaci\u00f3n personal no sea capturada\/secuestrada por terceros sin autorizaci\u00f3n.<\/p><p>En caso de violaci\u00f3n de los datos, los administradores del sistema tomar\u00e1n inmediatamente todas las medidas necesarias para garantizar la integridad del sistema, se pondr\u00e1n en contacto con los usuarios afectados e intentar\u00e1n restablecer las contrase\u00f1as si es necesario.<\/p>\t\t\t\t\t\t\t\t<\/div>\n\t\t\t\t<\/div>\n\t\t\t\t<div class=\"elementor-element elementor-element-5d29ff53 sc_fly_static elementor-widget elementor-widget-text-editor\" data-id=\"5d29ff53\" data-element_type=\"widget\" data-e-type=\"widget\" data-widget_type=\"text-editor.default\">\n\t\t\t\t<div class=\"elementor-widget-container\">\n\t\t\t\t\t\t\t\t\t<h5>Informaci\u00f3n para ni\u00f1os<\/h5><p class=\"p2\">Otra parte de nuestra prioridad es a\u00f1adir protecci\u00f3n para los ni\u00f1os mientras usan Internet. Animamos a los padres y tutores a que observen, participen y\/o supervisen y gu\u00eden su actividad en l\u00ednea.<\/p><p class=\"p2\">Informaci\u00f3n para ni\u00f1os<\/p><p class=\"p2\">Solar technology Group no recopila a sabiendas ning\u00fan tipo de Informaci\u00f3n de Identificaci\u00f3n Personal de ni\u00f1os menores de 13 a\u00f1os. Si cree que su hijo ha proporcionado este tipo de informaci\u00f3n en nuestro sitio web, le recomendamos encarecidamente que se ponga en contacto con nosotros inmediatamente y haremos todo lo posible para eliminar r\u00e1pidamente dicha informaci\u00f3n de nuestros registros.<\/p><p class=\"p2\">Solar technology Group no recopila a sabiendas ning\u00fan tipo de Informaci\u00f3n de Identificaci\u00f3n Personal de ni\u00f1os menores de 13 a\u00f1os.<\/p>\t\t\t\t\t\t\t\t<\/div>\n\t\t\t\t<\/div>\n\t\t\t\t\t<\/div>\n\t\t<\/div>\n\t\t\t\t\t<\/div>\n\t\t<\/section>\n\t\t\t\t<section class=\"elementor-section elementor-top-section elementor-element elementor-element-7a2021c1 elementor-section-content-middle elementor-section-boxed elementor-section-height-default elementor-section-height-default sc_fly_static\" data-id=\"7a2021c1\" data-element_type=\"section\" data-e-type=\"section\">\n\t\t\t\t\t\t<div class=\"elementor-container elementor-column-gap-extended\">\n\t\t\t\t\t<div class=\"elementor-column elementor-col-50 elementor-top-column elementor-element elementor-element-258bf1b5 sc_content_align_inherit sc_layouts_column_icons_position_left sc_fly_static\" data-id=\"258bf1b5\" data-element_type=\"column\" data-e-type=\"column\" data-settings=\"{&quot;background_background&quot;:&quot;classic&quot;}\">\n\t\t\t<div class=\"elementor-widget-wrap elementor-element-populated\">\n\t\t\t\t\t\t<div class=\"elementor-element elementor-element-6bed0caa sc_fly_static elementor-widget elementor-widget-trx_sc_title\" data-id=\"6bed0caa\" data-element_type=\"widget\" data-e-type=\"widget\" data-widget_type=\"trx_sc_title.default\">\n\t\t\t\t<div class=\"elementor-widget-container\">\n\t\t\t\t\t<div\t\tclass=\"sc_title sc_title_default\" ><h2 class=\"sc_item_title sc_title_title sc_item_title_style_default\"\n\t\t\t><span class=\"sc_item_title_text\">Permanezca atento<\/span><\/h2><\/div>\t\t\t\t<\/div>\n\t\t\t\t<\/div>\n\t\t\t\t\t<\/div>\n\t\t<\/div>\n\t\t\t\t<div class=\"elementor-column elementor-col-50 elementor-top-column elementor-element elementor-element-2e9073e0 sc_content_align_inherit sc_layouts_column_icons_position_left sc_fly_static\" data-id=\"2e9073e0\" data-element_type=\"column\" data-e-type=\"column\" data-settings=\"{&quot;background_background&quot;:&quot;classic&quot;}\">\n\t\t\t<div class=\"elementor-widget-wrap elementor-element-populated\">\n\t\t\t\t\t\t<div class=\"elementor-element elementor-element-36a6b96c sc_layouts_hide_on_wide sc_layouts_hide_on_desktop sc_layouts_hide_on_notebook sc_layouts_hide_on_tablet sc_fly_static elementor-widget elementor-widget-spacer\" data-id=\"36a6b96c\" data-element_type=\"widget\" data-e-type=\"widget\" data-widget_type=\"spacer.default\">\n\t\t\t\t<div class=\"elementor-widget-container\">\n\t\t\t\t\t\t\t<div class=\"elementor-spacer\">\n\t\t\t<div class=\"elementor-spacer-inner\"><\/div>\n\t\t<\/div>\n\t\t\t\t\t\t<\/div>\n\t\t\t\t<\/div>\n\t\t\t\t<div class=\"elementor-element elementor-element-859b9 sc_fly_static elementor-widget elementor-widget-shortcode\" data-id=\"859b9\" data-element_type=\"widget\" data-e-type=\"widget\" data-widget_type=\"shortcode.default\">\n\t\t\t\t<div class=\"elementor-widget-container\">\n\t\t\t\t\t\t\t<div class=\"elementor-shortcode\"><script>(function() {\n\twindow.mc4wp = window.mc4wp || {\n\t\tlisteners: [],\n\t\tforms: {\n\t\t\ton: function(evt, cb) {\n\t\t\t\twindow.mc4wp.listeners.push(\n\t\t\t\t\t{\n\t\t\t\t\t\tevent   : evt,\n\t\t\t\t\t\tcallback: cb\n\t\t\t\t\t}\n\t\t\t\t);\n\t\t\t}\n\t\t}\n\t}\n})();\n<\/script><!-- Mailchimp for WordPress v4.11.1 - https:\/\/wordpress.org\/plugins\/mailchimp-for-wp\/ --><form id=\"style-3\" class=\"mc4wp-form mc4wp-form-461\" method=\"post\" data-id=\"461\" data-name=\"Subscribe\" ><div class=\"mc4wp-form-fields\"><input type=\"email\" name=\"EMAIL\" placeholder=\"Enter Your Email Address\" \/>\r\n<button>Subscribe<\/button>\r\n<input name=\"i_agree_privacy_policy\" value=\"1\" required=\"\" type=\"checkbox\"><label>I agree to the <a href=\"\/privacy-policy\/\" target=\"_blank\">Privacy Policy<\/a>.<\/label><\/div><label style=\"display: none !important;\">Deja vac\u00edo este campo si eres humano: <input type=\"text\" name=\"_mc4wp_honeypot\" value=\"\" tabindex=\"-1\" autocomplete=\"off\" \/><\/label><input type=\"hidden\" name=\"_mc4wp_timestamp\" value=\"1775393978\" \/><input type=\"hidden\" name=\"_mc4wp_form_id\" value=\"461\" \/><input type=\"hidden\" name=\"_mc4wp_form_element_id\" value=\"style-3\" \/><div class=\"mc4wp-response\"><\/div><\/form><!-- \/ Mailchimp for WordPress Plugin --><\/div>\n\t\t\t\t\t\t<\/div>\n\t\t\t\t<\/div>\n\t\t\t\t\t<\/div>\n\t\t<\/div>\n\t\t\t\t\t<\/div>\n\t\t<\/section>\n\t\t\t\t<\/div>\n\t\t","protected":false},"excerpt":{"rendered":"<p>Page (post) title &nbsp; Introducci\u00f3n Solar Technology Group, accesible desde stg-nations, una de las cosas que m\u00e1s valoramos es la privacidad de nuestros clientes. Esta p\u00e1gina de Pol\u00edtica de Privacidad&hellip;<\/p>\n","protected":false},"author":1,"featured_media":0,"parent":0,"menu_order":0,"comment_status":"closed","ping_status":"closed","template":"","meta":{"inline_featured_image":false,"footnotes":""},"class_list":["post-30464","page","type-page","status-publish","hentry"],"_links":{"self":[{"href":"https:\/\/stg-nations.com\/es\/wp-json\/wp\/v2\/pages\/30464","targetHints":{"allow":["GET"]}}],"collection":[{"href":"https:\/\/stg-nations.com\/es\/wp-json\/wp\/v2\/pages"}],"about":[{"href":"https:\/\/stg-nations.com\/es\/wp-json\/wp\/v2\/types\/page"}],"author":[{"embeddable":true,"href":"https:\/\/stg-nations.com\/es\/wp-json\/wp\/v2\/users\/1"}],"replies":[{"embeddable":true,"href":"https:\/\/stg-nations.com\/es\/wp-json\/wp\/v2\/comments?post=30464"}],"version-history":[{"count":11,"href":"https:\/\/stg-nations.com\/es\/wp-json\/wp\/v2\/pages\/30464\/revisions"}],"predecessor-version":[{"id":31562,"href":"https:\/\/stg-nations.com\/es\/wp-json\/wp\/v2\/pages\/30464\/revisions\/31562"}],"wp:attachment":[{"href":"https:\/\/stg-nations.com\/es\/wp-json\/wp\/v2\/media?parent=30464"}],"curies":[{"name":"wp","href":"https:\/\/api.w.org\/{rel}","templated":true}]}}